{"id":9744,"date":"2025-02-12T17:17:44","date_gmt":"2025-02-12T16:17:44","guid":{"rendered":"https:\/\/escolapiosalcala.es\/ea_centro\/ea_blog\/centro\/?page_id=9744"},"modified":"2025-02-12T17:42:56","modified_gmt":"2025-02-12T16:42:56","slug":"villacarriedo-summer-school","status":"publish","type":"page","link":"https:\/\/escolapiosalcala.es\/ea_centro\/ea_blog\/centro\/villacarriedo-summer-school\/","title":{"rendered":"Villacarriedo Summer School"},"content":{"rendered":"\n<div class=\"wp-block-columns is-layout-flex wp-container-4\">\n<div class=\"wp-block-column is-layout-flow\"><div class=\"wp-block-image\">\n<figure class=\"aligncenter size-full\"><a href=\"https:\/\/escolapiosalcala.es\/ea_centro\/ea_blog\/centro\/wp-content\/uploads\/2025\/02\/dossier-villacarriedo-2025.pdf\"><img decoding=\"async\" loading=\"lazy\" width=\"280\" height=\"399\" src=\"https:\/\/escolapiosalcala.es\/ea_centro\/ea_blog\/centro\/wp-content\/uploads\/2025\/02\/dossier_villacarriedo25-1.png\" alt=\"\" class=\"wp-image-9760\" srcset=\"https:\/\/escolapiosalcala.es\/ea_centro\/ea_blog\/centro\/wp-content\/uploads\/2025\/02\/dossier_villacarriedo25-1.png 280w, https:\/\/escolapiosalcala.es\/ea_centro\/ea_blog\/centro\/wp-content\/uploads\/2025\/02\/dossier_villacarriedo25-1-211x300.png 211w\" sizes=\"(max-width: 280px) 100vw, 280px\" \/><\/a><\/figure><\/div>\n\n\n<p><\/p>\n\n\n\n<p class=\"has-text-align-center\"><strong>Dossier Villacarriedo Summer School 2025<\/strong><\/p>\n<\/div>\n\n\n\n<div class=\"wp-block-column is-layout-flow\"><div class=\"wp-block-image\">\n<figure class=\"aligncenter size-full is-resized\"><a href=\"https:\/\/escolapiosalcala.es\/ea_centro\/ea_blog\/centro\/wp-content\/uploads\/2025\/02\/FICHA_INSCRIPCION_2025.pdf\"><img decoding=\"async\" loading=\"lazy\" src=\"https:\/\/escolapiosalcala.es\/ea_centro\/ea_blog\/centro\/wp-content\/uploads\/2025\/02\/ficha-inscripcion.png\" alt=\"\" class=\"wp-image-9757\" width=\"257\" height=\"370\" srcset=\"https:\/\/escolapiosalcala.es\/ea_centro\/ea_blog\/centro\/wp-content\/uploads\/2025\/02\/ficha-inscripcion.png 323w, https:\/\/escolapiosalcala.es\/ea_centro\/ea_blog\/centro\/wp-content\/uploads\/2025\/02\/ficha-inscripcion-208x300.png 208w\" sizes=\"(max-width: 257px) 100vw, 257px\" \/><\/a><\/figure><\/div>\n\n\n<p class=\"has-text-align-center\"><strong>Ficha de inscripci\u00f3n<\/strong><\/p>\n<\/div>\n\n\n\n<div class=\"wp-block-column is-layout-flow\"><div class=\"wp-block-image\">\n<figure class=\"aligncenter size-full is-resized\"><a href=\"https:\/\/escolapiosalcala.es\/ea_centro\/ea_blog\/centro\/wp-content\/uploads\/2025\/02\/Autorizacion-Proteccion-de-Datos.pdf\"><img decoding=\"async\" loading=\"lazy\" src=\"https:\/\/escolapiosalcala.es\/ea_centro\/ea_blog\/centro\/wp-content\/uploads\/2025\/02\/villacarriedo25_prodat.png\" alt=\"\" class=\"wp-image-9755\" width=\"264\" height=\"374\" srcset=\"https:\/\/escolapiosalcala.es\/ea_centro\/ea_blog\/centro\/wp-content\/uploads\/2025\/02\/villacarriedo25_prodat.png 303w, https:\/\/escolapiosalcala.es\/ea_centro\/ea_blog\/centro\/wp-content\/uploads\/2025\/02\/villacarriedo25_prodat-211x300.png 211w\" sizes=\"(max-width: 264px) 100vw, 264px\" \/><\/a><\/figure><\/div>\n\n\n<p class=\"has-text-align-center\"><strong>Autorizaci\u00f3n<\/strong><\/p>\n\n\n\n<p class=\"has-text-align-center\"><strong>(Protecci\u00f3n de datos)<\/strong><\/p>\n<\/div>\n<\/div>\n","protected":false},"excerpt":{"rendered":"<p>Dossier Villacarriedo Summer School 2025 Ficha de inscripci\u00f3n Autorizaci\u00f3n (Protecci\u00f3n de datos)<\/p>\n","protected":false},"author":1,"featured_media":0,"parent":0,"menu_order":0,"comment_status":"closed","ping_status":"closed","template":"","meta":[],"_links":{"self":[{"href":"https:\/\/escolapiosalcala.es\/ea_centro\/ea_blog\/centro\/wp-json\/wp\/v2\/pages\/9744"}],"collection":[{"href":"https:\/\/escolapiosalcala.es\/ea_centro\/ea_blog\/centro\/wp-json\/wp\/v2\/pages"}],"about":[{"href":"https:\/\/escolapiosalcala.es\/ea_centro\/ea_blog\/centro\/wp-json\/wp\/v2\/types\/page"}],"author":[{"embeddable":true,"href":"https:\/\/escolapiosalcala.es\/ea_centro\/ea_blog\/centro\/wp-json\/wp\/v2\/users\/1"}],"replies":[{"embeddable":true,"href":"https:\/\/escolapiosalcala.es\/ea_centro\/ea_blog\/centro\/wp-json\/wp\/v2\/comments?post=9744"}],"version-history":[{"count":8,"href":"https:\/\/escolapiosalcala.es\/ea_centro\/ea_blog\/centro\/wp-json\/wp\/v2\/pages\/9744\/revisions"}],"predecessor-version":[{"id":9767,"href":"https:\/\/escolapiosalcala.es\/ea_centro\/ea_blog\/centro\/wp-json\/wp\/v2\/pages\/9744\/revisions\/9767"}],"wp:attachment":[{"href":"https:\/\/escolapiosalcala.es\/ea_centro\/ea_blog\/centro\/wp-json\/wp\/v2\/media?parent=9744"}],"curies":[{"name":"wp","href":"https:\/\/api.w.org\/{rel}","templated":true}]}}