{"id":88,"date":"2016-01-26T10:52:03","date_gmt":"2016-01-26T10:52:03","guid":{"rendered":"http:\/\/escolapiosalcala.es\/ea_centro\/ea_blog\/centro\/?page_id=88"},"modified":"2016-02-12T18:40:30","modified_gmt":"2016-02-12T18:40:30","slug":"das-2","status":"publish","type":"page","link":"https:\/\/escolapiosalcala.es\/ea_centro\/ea_blog\/centro\/das-2\/","title":{"rendered":"DAS"},"content":{"rendered":"<p><img decoding=\"async\" loading=\"lazy\" class=\"aligncenter size-full wp-image-962\" src=\"http:\/\/escolapiosalcala.es\/ea_centro\/ea_blog\/centro\/wp-content\/uploads\/2016\/01\/DAS_panoramica_marco.jpg\" alt=\"DAS_panoramica_marco\" width=\"1042\" height=\"530\" srcset=\"https:\/\/escolapiosalcala.es\/ea_centro\/ea_blog\/centro\/wp-content\/uploads\/2016\/01\/DAS_panoramica_marco.jpg 1042w, https:\/\/escolapiosalcala.es\/ea_centro\/ea_blog\/centro\/wp-content\/uploads\/2016\/01\/DAS_panoramica_marco-300x153.jpg 300w, https:\/\/escolapiosalcala.es\/ea_centro\/ea_blog\/centro\/wp-content\/uploads\/2016\/01\/DAS_panoramica_marco-768x391.jpg 768w, https:\/\/escolapiosalcala.es\/ea_centro\/ea_blog\/centro\/wp-content\/uploads\/2016\/01\/DAS_panoramica_marco-1024x521.jpg 1024w\" sizes=\"(max-width: 1042px) 100vw, 1042px\" \/><\/p>\n<h3 style=\"text-align: justify;\">\u00bfQu\u00e9 es el D.A.S.?<\/h3>\n<p class=\"texto11\" style=\"text-align: justify;\">El Departamento de Acci\u00f3n Social es el equipo de trabajo encargado de la educaci\u00f3n y sensibilizaci\u00f3n en la justicia, el compromiso y en la solidaridad para luchar por un mundo mejor.<\/p>\n<p style=\"text-align: justify;\"><span class=\"texto11\"><em>\u201c(\u2026) Impulsamos decididamente en nuestro colegio la educaci\u00f3n sistem\u00e1tica en la justicia, la paz y la solidaridad. Para conseguirlo se proponen tareas a favor de los pobres y marginados implicando no s\u00f3lo a los alumnos\/as sino a sus familias y educadores. (\u2026)\u201d.<\/em><\/span> &#8230;. <span class=\"Estilo26\">Proyecto Educativo de Centro . P\u00e1gina 14<\/span><\/p>\n<h3 style=\"text-align: justify;\"><\/h3>\n<h3 style=\"text-align: justify;\">OBJETIVOS GENERALES<\/h3>\n<ul style=\"text-align: justify;\">\n<li><span class=\"texto11\">Educar y formar a los alumnos en la justicia y en la transformaci\u00f3n social desarrollando unas actitudes determinadas. <\/span><\/li>\n<li>Analizar la realidad desde el punto de vista de los m\u00e1s d\u00e9biles de la sociedad.<\/li>\n<li>Desarrollar en los alumnos un esp\u00edritu cr\u00edtico frente a la realidad: aspectos sociales, pol\u00edticos, econ\u00f3micos, ambientales\u2026<\/li>\n<li>Potenciar la transformaci\u00f3n de los estilos de vida y las estructuras sociales injustas.Establecer una apertura al barrio donde se ubica el Centro a trav\u00e9s de las distintas actividades realizadas.<\/li>\n<\/ul>\n<h3 style=\"text-align: justify;\"><\/h3>\n<h3 style=\"text-align: justify;\">OBJETIVOS ESPECIFICOS<\/h3>\n<ul style=\"text-align: justify;\">\n<li>Planificar, desarrollar y evaluar las distintas campa\u00f1as de sensibilizaci\u00f3n en la justicia.<\/li>\n<li>Recopilar, organizar y elaborar materiales educativos para su utilizaci\u00f3n en campa\u00f1as de sensibilizaci\u00f3n y en la transversalizaci\u00f3n de las diferentes \u00e1reas curriculares.<\/li>\n<li>Establecer contactos con otras instituciones y ONG\u2019s que trabajen en el \u00e1mbito de la Acci\u00f3n Social y recopilar y seleccionar materiales educativos, aprovechando as\u00ed la experiencia y el trabajo realizado por estas instituciones.<\/li>\n<li>Apoyar campa\u00f1as estatales e internacionales de compromiso por la justicia y la solidaridad, buscando la participaci\u00f3n en la transformaci\u00f3n de las estructuras sociales.<\/li>\n<li>Motivar al profesorado para su implicaci\u00f3n en la Acci\u00f3n Social del Centro y as\u00ed consolidar el Departamento de Acci\u00f3n Social con profesores de Ed. Infantil, Primaria y Secundaria.<\/li>\n<li>Implicar a los alumnos en la Acci\u00f3n Social del Centro mediante acciones puntuales que lleven a un compromiso continuado en su vida diaria.<\/li>\n<li>Implicar a los ex-alumnos en la realizaci\u00f3n de actividades del Centro.<\/li>\n<li>Motivar e informar a la Comunidad Educativa sobre las actividades realizadas para promover su participaci\u00f3n.<\/li>\n<li>Potenciar la atenci\u00f3n preferente a los alumnos con necesidades culturales, sociales y econ\u00f3micas, mediante las clases de apoyo en la que colaboran voluntariamente alumnos y profesorado del Centro.<\/li>\n<li>Afianzar relaciones con ONG\u2019s e instituciones dedicadas a la educaci\u00f3n en la justicia y la solidaridad: Interm\u00f3n, C\u00e1ritas, Manos Unidas, Concejal\u00eda de Juventud del Ayuntamiento de Alcal\u00e1 de Henares\u2026<\/li>\n<li>Elaborar un dossier de materiales y din\u00e1micas que nos sirvan para las campa\u00f1as y la transversalizaci\u00f3n en las \u00e1reas y las tutor\u00edas<\/li>\n<li>Realizar a lo largo de el curso las diferentes campa\u00f1as para educar en la justicia, la solidaridad promoviendo el voluntariado (Navidad, Paz, Comercio Justo\u2026).<\/li>\n<\/ul>\n<h3 style=\"text-align: justify;\"><\/h3>\n<h3 style=\"text-align: justify;\">COMPONENTES<\/h3>\n<ul style=\"text-align: justify;\">\n<li>\n<address>Lidia Loeches Vaquero (ESO)<\/address>\n<\/li>\n<li>\n<address>Miriam Jorge (ESO)<\/address>\n<\/li>\n<li>\n<address>Ra\u00fal Arranz (Ed. Primaria)<\/address>\n<\/li>\n<li>\n<address>Roberto Calvo (Ed. Primaria)<\/address>\n<\/li>\n<li>\n<address>Mar\u00eda Manzano (Ed. Primaria)<\/address>\n<\/li>\n<li>\n<address>Olga Jorge (Ed. Infantil))<\/address>\n<\/li>\n<\/ul>\n<h3 style=\"text-align: justify;\"><\/h3>\n<h3 style=\"text-align: justify;\">ACTIVIDADES<\/h3>\n<p style=\"text-align: justify;\" align=\"JUSTIFY\">CAMPA\u00d1A DEL KILO LITRO<\/p>\n<p style=\"text-align: justify;\" align=\"JUSTIFY\"><em>OBJETIVOS<\/em><\/p>\n<ul style=\"text-align: justify;\">\n<li>\n<p align=\"JUSTIFY\">Potenciar en nuestros alumnos la sensibilizaci\u00f3n ante la realidad dif\u00edcil m\u00e1s cercana e iniciarles en el voluntariado.<\/p>\n<\/li>\n<li>\n<p align=\"JUSTIFY\">Abrir el colegio al barrio, colaborando en la campa\u00f1a del kilo-litro de C\u00e1ritas.<\/p>\n<\/li>\n<li>\n<p align=\"JUSTIFY\">Conseguir que familias que viven una situaci\u00f3n de precariedad econ\u00f3mica y social, ubicadas en nuestro barrio, obtengan alimentos.<\/p>\n<\/li>\n<\/ul>\n<p style=\"text-align: justify;\" align=\"JUSTIFY\"><em>METODOLOG\u00cdA Y ACTIVIDADES<\/em><\/p>\n<ul style=\"text-align: justify;\">\n<li>\n<p align=\"JUSTIFY\">Concienciaci\u00f3n e informaci\u00f3n a trav\u00e9s de tutor\u00edas adaptadas a cada nivel.<\/p>\n<\/li>\n<li>\n<p align=\"JUSTIFY\">Colaboraci\u00f3n y responsabilizaci\u00f3n en la recogida durante toda la semana (5\u00ba y 6\u00ba de primaria y 1\u00ba, 2\u00ba, 3\u00ba y 4\u00ba de ESO).<\/p>\n<\/li>\n<li>\n<p align=\"JUSTIFY\">Clasificaci\u00f3n de los productos tra\u00eddos durante la semana por los alumnos de 5\u00ba y 6\u00ba de ESO.<\/p>\n<\/li>\n<li>\n<p align=\"JUSTIFY\">Ayuda en la entrega a la parroquia y colaboraci\u00f3n en la clasificaci\u00f3n junto con los voluntarios de C\u00e1ritas (los alumnos de 4\u00ba de ESO).<\/p>\n<\/li>\n<li>\n<p align=\"JUSTIFY\">Ayuda por la tarde, de forma voluntaria, por parte de alumnos de Secundaria en el reparto de alimentos, junto con los voluntarios de C\u00e1ritas a las diferentes familias del barrio.<\/p>\n<\/li>\n<\/ul>\n<p style=\"text-align: justify;\" align=\"JUSTIFY\">CLASES DE APOYO Y VOLUNTARIADO<\/p>\n<p style=\"text-align: justify;\" align=\"JUSTIFY\"><em>OBJETIVOS<\/em><\/p>\n<ul style=\"text-align: justify;\">\n<li>\n<p align=\"JUSTIFY\">Detectar necesidades de tipo social en los alumnos de nuestras tutor\u00edas: familias desestructuradas, problemas econ\u00f3micos, situaciones de abandono, absentismo escolar, etc. Y ofrecer una actividad de colaboraci\u00f3n con las mismas.<\/p>\n<\/li>\n<li>\n<p align=\"JUSTIFY\">Educar e iniciar a los alumnos m\u00e1s mayores (3\u00ba y 4\u00ba de ESO) en el voluntariado, gestionando, dinamizando y comprometi\u00e9ndose en actividades con los m\u00e1s peque\u00f1os (clases de apoyo, juegos cooperativos, etc)<\/p>\n<\/li>\n<\/ul>\n<p style=\"text-align: justify;\" align=\"JUSTIFY\"><em>METODOLOG\u00cdA Y ACTIVIDADES<\/em><\/p>\n<ul style=\"text-align: justify;\">\n<li>\n<p align=\"JUSTIFY\">Propuesta de clases de apoyo a alumnos de segundo y tercer ciclo de primaria, en las que alumnos de ESO se comprometen a colaborar con los deberes y estudio.<\/p>\n<\/li>\n<li>\n<p align=\"JUSTIFY\">Compromiso de alumnos de 3\u00ba y 4\u00ba de ESO para participar y dinamizar los jugos cooperativos que se organizan un jueves de cada mes para los alumnos de educaci\u00f3n infantil.<\/p>\n<\/li>\n<\/ul>\n<p style=\"text-align: justify;\" align=\"JUSTIFY\">CAMPA\u00d1A DE MANOS UNIDAS<\/p>\n<p style=\"text-align: justify;\" align=\"JUSTIFY\"><em>OBJETIVOS<\/em><\/p>\n<ul style=\"text-align: justify;\">\n<li>\n<p align=\"JUSTIFY\">Potenciar en nuestros alumnos la sensibilizaci\u00f3n ante la realidad dif\u00edcil m\u00e1s lejana e iniciarles en el compromiso y gratuidad.<\/p>\n<\/li>\n<li>\n<p align=\"JUSTIFY\">Abrir el colegio al tercer mundo, colaborando en la campa\u00f1a de Manos Unidas organizada desde C\u00e1ritas a nivel mundial.<\/p>\n<\/li>\n<\/ul>\n<p style=\"text-align: justify;\" align=\"JUSTIFY\"><em>METODOLOG\u00cdA Y ACTIVIDADES<\/em><\/p>\n<ul style=\"text-align: justify;\">\n<li>\n<p align=\"JUSTIFY\">Trabajar el lema anual propuesto por C\u00e1ritas y reflexionar sobre la injusticia y desigualdad mundial a trav\u00e9s de tutor\u00edas adaptadas a cada nivel.<\/p>\n<\/li>\n<li>\n<p align=\"JUSTIFY\">Recoger colaboraci\u00f3n econ\u00f3mica que se destinar\u00e1 \u00edntegramente al proyecto aprobado por Manos Unidas para cada a\u00f1o.<\/p>\n<\/li>\n<\/ul>\n<p style=\"text-align: justify;\" align=\"JUSTIFY\">CAMPA\u00d1A DE \u201cbocata solidario\u201d<\/p>\n<p style=\"text-align: justify;\" align=\"JUSTIFY\"><em>OBJETIVOS<\/em><\/p>\n<ul style=\"text-align: justify;\">\n<li>\n<p align=\"JUSTIFY\">Potenciar en nuestros alumnos la sensibilizaci\u00f3n ante la realidad dif\u00edcil m\u00e1s pr\u00f3xima (compa\u00f1eros de su propio centro) e iniciarles en el compromiso y gratuidad.<\/p>\n<\/li>\n<li>\n<p align=\"JUSTIFY\">Abrir el colegio a la convivencia y ayuda de nuestra propia comunidad educativa.<\/p>\n<\/li>\n<li>\n<p align=\"JUSTIFY\">Generar una bolsa econ\u00f3mica que podamos utilizar para comedores y becas de alumnos de nuestro centro en real situaci\u00f3n econ\u00f3mica de necesidad.<\/p>\n<\/li>\n<\/ul>\n<p style=\"text-align: justify;\" align=\"JUSTIFY\"><em>METODOLOG\u00cdA Y ACTIVIDADES<\/em><\/p>\n<ul style=\"text-align: justify;\">\n<li>\n<p align=\"JUSTIFY\">Trabajar la sensibilizaci\u00f3n y compromiso a trav\u00e9s de tutor\u00edas adaptadas a cada nivel.<\/p>\n<\/li>\n<li>\n<p align=\"JUSTIFY\">Organizar la preparaci\u00f3n, reparto y convivencia en el d\u00eda del bocata solidario.<\/p>\n<\/li>\n<\/ul>\n<h3 style=\"text-align: justify;\"><strong><strong>ATENCION A FAMILIAS<\/strong><\/strong><\/h3>\n<ul style=\"text-align: justify;\">\n<li>\n<p align=\"JUSTIFY\">Las personas que deseen una entrevista con la Coordinadora del Departamento de Acci\u00f3n Social puede concertarla a trav\u00e9s de Secretar\u00eda.<\/p>\n<\/li>\n<li>\n<p align=\"JUSTIFY\">Desde el Departamento se atiende a complicadas situaciones familiares (econ\u00f3mica y social) facilitando el ch\u00e1ndal, uniforme, libros, etc. que otras familias han donado para ser prestados a quienes lo necesiten, y ayudando en la tramitaci\u00f3n de becas y posibles subvenciones que surgiesen.<\/p>\n<\/li>\n<li>\n<p align=\"JUSTIFY\">Tambi\u00e9n se atiende a familias con necesidades de tipo social en colaboraci\u00f3n con el Departamento de Orientaci\u00f3n.<\/p>\n<\/li>\n<\/ul>\n<h3 style=\"text-align: justify;\"><strong><strong>RECURSOS<\/strong><\/strong><\/h3>\n<p style=\"text-align: justify;\" align=\"JUSTIFY\">Los recursos con los que el Departamento cuenta son, en lo que a cuesti\u00f3n econ\u00f3mica se refiere donaciones personales, aportaci\u00f3n por parte de la AMPA de la recogida de la cafeter\u00eda en la jornada de convivencia y una rese\u00f1a simb\u00f3lica por parte de la Orden.<\/p>\n","protected":false},"excerpt":{"rendered":"<p>\u00bfQu\u00e9 es el D.A.S.? El Departamento de Acci\u00f3n Social es el equipo de trabajo encargado de la educaci\u00f3n y sensibilizaci\u00f3n en la justicia, el compromiso y en la solidaridad para luchar por un mundo mejor. \u201c(\u2026) Impulsamos decididamente en nuestro colegio la educaci\u00f3n sistem\u00e1tica en la justicia, la paz y la solidaridad. Para conseguirlo se&hellip; <br \/> <a class=\"read-more\" href=\"https:\/\/escolapiosalcala.es\/ea_centro\/ea_blog\/centro\/das-2\/\">Leer m\u00e1s<\/a><\/p>\n","protected":false},"author":1,"featured_media":0,"parent":0,"menu_order":0,"comment_status":"closed","ping_status":"closed","template":"","meta":[],"_links":{"self":[{"href":"https:\/\/escolapiosalcala.es\/ea_centro\/ea_blog\/centro\/wp-json\/wp\/v2\/pages\/88"}],"collection":[{"href":"https:\/\/escolapiosalcala.es\/ea_centro\/ea_blog\/centro\/wp-json\/wp\/v2\/pages"}],"about":[{"href":"https:\/\/escolapiosalcala.es\/ea_centro\/ea_blog\/centro\/wp-json\/wp\/v2\/types\/page"}],"author":[{"embeddable":true,"href":"https:\/\/escolapiosalcala.es\/ea_centro\/ea_blog\/centro\/wp-json\/wp\/v2\/users\/1"}],"replies":[{"embeddable":true,"href":"https:\/\/escolapiosalcala.es\/ea_centro\/ea_blog\/centro\/wp-json\/wp\/v2\/comments?post=88"}],"version-history":[{"count":8,"href":"https:\/\/escolapiosalcala.es\/ea_centro\/ea_blog\/centro\/wp-json\/wp\/v2\/pages\/88\/revisions"}],"predecessor-version":[{"id":425,"href":"https:\/\/escolapiosalcala.es\/ea_centro\/ea_blog\/centro\/wp-json\/wp\/v2\/pages\/88\/revisions\/425"}],"wp:attachment":[{"href":"https:\/\/escolapiosalcala.es\/ea_centro\/ea_blog\/centro\/wp-json\/wp\/v2\/media?parent=88"}],"curies":[{"name":"wp","href":"https:\/\/api.w.org\/{rel}","templated":true}]}}