{"id":8636,"date":"2024-01-23T09:47:09","date_gmt":"2024-01-23T09:47:09","guid":{"rendered":"https:\/\/escolapiosalcala.es\/ea_centro\/ea_blog\/centro\/?page_id=8636"},"modified":"2026-02-09T15:59:42","modified_gmt":"2026-02-09T14:59:42","slug":"informacion-a-las-familias","status":"publish","type":"page","link":"https:\/\/escolapiosalcala.es\/ea_centro\/ea_blog\/centro\/informacion-a-las-familias\/","title":{"rendered":"Informaci\u00f3n a las familias"},"content":{"rendered":"<h3 style=\"text-align: left;\"><a href=\"https:\/\/escolapiosalcala.es\/ea_centro\/ea_blog\/centro\/wp-content\/uploads\/2024\/01\/OFERTA-EDUCATIVA-1.pdf\" target=\"_blank\" rel=\"noopener noreferrer\"><img decoding=\"async\" src=\"http:\/\/escolapiosalcala.es\/ea_centro\/ea_blog\/centro\/wp-content\/uploads\/2020\/05\/PDF-icono.png\" align=\"middle\" \/><\/a> <a href=\"https:\/\/escolapiosalcala.es\/ea_centro\/ea_blog\/centro\/wp-content\/uploads\/2024\/01\/OFERTA-EDUCATIVA-1.pdf\" target=\"_blank\" rel=\"noopener noreferrer\">Oferta Educativa<\/a><\/h3>\n<h3 style=\"text-align: left;\"><a href=\"https:\/\/escolapiosalcala.es\/ea_centro\/ea_blog\/centro\/wp-content\/uploads\/2024\/01\/IDEARIO-DE-CENTRO.pdf\" target=\"_blank\" rel=\"noopener noreferrer\"><img decoding=\"async\" src=\"http:\/\/escolapiosalcala.es\/ea_centro\/ea_blog\/centro\/wp-content\/uploads\/2020\/05\/PDF-icono.png\" align=\"middle\" \/><\/a> <a href=\"https:\/\/escolapiosalcala.es\/ea_centro\/ea_blog\/centro\/wp-content\/uploads\/2024\/01\/IDEARIO-DE-CENTRO.pdf\" target=\"_blank\" rel=\"noopener noreferrer\">Ideario de Centro<\/a><\/h3>\n<h3 style=\"text-align: left;\"><a href=\"https:\/\/escolapiosalcala.es\/ea_centro\/ea_blog\/centro\/wp-content\/uploads\/2024\/01\/TELEFONOS-Y-CORREOS-DE-CONTACTO-1.pdf\" target=\"_blank\" rel=\"noopener noreferrer\"><img decoding=\"async\" src=\"http:\/\/escolapiosalcala.es\/ea_centro\/ea_blog\/centro\/wp-content\/uploads\/2020\/05\/PDF-icono.png\" align=\"middle\" \/><\/a> <a href=\"https:\/\/escolapiosalcala.es\/ea_centro\/ea_blog\/centro\/wp-content\/uploads\/2024\/01\/TELEFONOS-Y-CORREOS-DE-CONTACTO-1.pdf\" target=\"_blank\" rel=\"noopener noreferrer\">Tel\u00e9fonos y correos de contacto<\/a><\/h3>\n<div class=\"wp-block-spacer\" style=\"height: 50px;\" aria-hidden=\"true\"><\/div>\n<h2 style=\"text-align: center;\">Servicios Complementarios<\/h2>\n<div class=\"row spaced-cols\" data-type=\"row\">\n<div class=\"col-xs-12 col-sm-6 col-md-4\">\n<div class=\"card no-padding bordered y-move\">\n<p><img decoding=\"async\" loading=\"lazy\" class=\"aligncenter size-full wp-image-10392\" src=\"https:\/\/escolapiosalcala.es\/ea_centro\/ea_blog\/centro\/wp-content\/uploads\/2026\/01\/comedor-horarioampliado.jpg\" alt=\"\" width=\"1440\" height=\"960\" srcset=\"https:\/\/escolapiosalcala.es\/ea_centro\/ea_blog\/centro\/wp-content\/uploads\/2026\/01\/comedor-horarioampliado.jpg 1440w, https:\/\/escolapiosalcala.es\/ea_centro\/ea_blog\/centro\/wp-content\/uploads\/2026\/01\/comedor-horarioampliado-300x200.jpg 300w, https:\/\/escolapiosalcala.es\/ea_centro\/ea_blog\/centro\/wp-content\/uploads\/2026\/01\/comedor-horarioampliado-1024x683.jpg 1024w, https:\/\/escolapiosalcala.es\/ea_centro\/ea_blog\/centro\/wp-content\/uploads\/2026\/01\/comedor-horarioampliado-768x512.jpg 768w\" sizes=\"(max-width: 1440px) 100vw, 1440px\" \/><\/p>\n<div class=\"col-padding-small col-padding-small-xs description-container\" data-type=\"column\">\n<h4 class=\"font-500\">Comedor<\/h4>\n<p class=\"\">El Servicio de comedor escolar cuenta con cocina propia, men\u00fas equilibrados y personal cualificado de cocina y comedor de lunes a viernes.<\/p>\n<\/div>\n<div class=\"col-padding-small col-padding-small-xs read-more-container\" data-type=\"column\"><a class=\"read-more\" href=\"http:\/\/escolapiosalcala.es\/ea_centro\/ea_blog\/centro\/comedor\" target=\"_blank\" rel=\"noopener noreferrer\">leer m\u00e1s<\/a><\/div>\n<\/div>\n<\/div>\n<div class=\"col-xs-12 col-sm-6 col-md-4\">\n<div class=\"card no-padding bordered y-move\"><a href=\"http:\/\/escolapiosalcala.es\/ea_centro\/ea_blog\/centro\/enfermeria\"><img decoding=\"async\" loading=\"lazy\" class=\"aligncenter wp-image-8866 size-full\" src=\"https:\/\/escolapiosalcala.es\/ea_centro\/ea_blog\/centro\/wp-content\/uploads\/2024\/02\/enfermeria.jpg\" alt=\"\" width=\"1440\" height=\"960\" srcset=\"https:\/\/escolapiosalcala.es\/ea_centro\/ea_blog\/centro\/wp-content\/uploads\/2024\/02\/enfermeria.jpg 1440w, https:\/\/escolapiosalcala.es\/ea_centro\/ea_blog\/centro\/wp-content\/uploads\/2024\/02\/enfermeria-300x200.jpg 300w, https:\/\/escolapiosalcala.es\/ea_centro\/ea_blog\/centro\/wp-content\/uploads\/2024\/02\/enfermeria-1024x683.jpg 1024w, https:\/\/escolapiosalcala.es\/ea_centro\/ea_blog\/centro\/wp-content\/uploads\/2024\/02\/enfermeria-768x512.jpg 768w\" sizes=\"(max-width: 1440px) 100vw, 1440px\" \/><\/a><\/p>\n<div class=\"col-padding-small col-padding-small-xs description-container\" data-type=\"column\">\n<h4 class=\"font-500\">Enfermer\u00eda<\/h4>\n<p class=\"\">La Enfermera Escolar cuida de nuestros ni\u00f1os y ni\u00f1as diariamente, proporcionando un referente de salud y una actuaci\u00f3n inmediata ante cualquier eventualidad.<\/p>\n<\/div>\n<div class=\"col-padding-small col-padding-small-xs read-more-container\" data-type=\"column\"><a class=\"read-more\" href=\"http:\/\/escolapiosalcala.es\/ea_centro\/ea_blog\/centro\/enfermeria\" target=\"_blank\" rel=\"noopener noreferrer\">leer m\u00e1s<\/a><\/div>\n<\/div>\n<\/div>\n<div class=\"col-xs-12 col-sm-6 col-md-4\">\n<div class=\"card no-padding bordered y-move\"><img decoding=\"async\" loading=\"lazy\" class=\"aligncenter size-full wp-image-8706\" src=\"https:\/\/escolapiosalcala.es\/ea_centro\/ea_blog\/centro\/wp-content\/uploads\/2024\/01\/FOTO-DESAYUNO-1.jpg\" alt=\"\" width=\"1613\" height=\"1080\" srcset=\"https:\/\/escolapiosalcala.es\/ea_centro\/ea_blog\/centro\/wp-content\/uploads\/2024\/01\/FOTO-DESAYUNO-1.jpg 1613w, https:\/\/escolapiosalcala.es\/ea_centro\/ea_blog\/centro\/wp-content\/uploads\/2024\/01\/FOTO-DESAYUNO-1-300x201.jpg 300w, https:\/\/escolapiosalcala.es\/ea_centro\/ea_blog\/centro\/wp-content\/uploads\/2024\/01\/FOTO-DESAYUNO-1-1024x686.jpg 1024w, https:\/\/escolapiosalcala.es\/ea_centro\/ea_blog\/centro\/wp-content\/uploads\/2024\/01\/FOTO-DESAYUNO-1-768x514.jpg 768w, https:\/\/escolapiosalcala.es\/ea_centro\/ea_blog\/centro\/wp-content\/uploads\/2024\/01\/FOTO-DESAYUNO-1-1536x1028.jpg 1536w\" sizes=\"(max-width: 1613px) 100vw, 1613px\" \/><\/p>\n<div class=\"col-padding-small col-padding-small-xs description-container\" data-type=\"column\">\n<h4 class=\"font-500\">Horario ampliado<\/h4>\n<p class=\"\">El Colegio abre sus puertas antes de empezar el horario lectivo ofreciendo un servicio de desayuno en el comedor del colegio de lunes a viernes.<\/p>\n<\/div>\n<div class=\"col-padding-small col-padding-small-xs read-more-container\" data-type=\"column\"><a class=\"read-more\" href=\"https:\/\/escolapiosalcala.es\/ea_centro\/ea_blog\/centro\/desayuno\/\" target=\"_blank\" rel=\"noopener noreferrer\">leer m\u00e1s<\/a><\/div>\n<\/div>\n<\/div>\n<div class=\"wp-block-spacer\" style=\"height: 50px;\" aria-hidden=\"true\"><\/div>\n<h2 style=\"text-align: center;\">Programas y Proyectos Educativos<\/h2>\n<h3 style=\"text-align: left;\"><a href=\"https:\/\/escolapiosalcala.es\/ea_centro\/ea_blog\/centro\/wp-content\/uploads\/2024\/01\/Proyecto-local-de-pastoral-Alcala-de-Henares-2023.pdf\" target=\"_blank\" rel=\"noopener noreferrer\"><img decoding=\"async\" src=\"http:\/\/escolapiosalcala.es\/ea_centro\/ea_blog\/centro\/wp-content\/uploads\/2020\/05\/PDF-icono.png\" align=\"middle\" \/><\/a> <a href=\"https:\/\/escolapiosalcala.es\/ea_centro\/ea_blog\/centro\/wp-content\/uploads\/2024\/01\/Proyecto-local-de-pastoral-Alcala-de-Henares-2023.pdf\" target=\"_blank\" rel=\"noopener noreferrer\">Proyecto local de Pastoral<\/a><\/h3>\n<h3 style=\"text-align: left;\"><a href=\"https:\/\/escolapiosalcala.es\/ea_centro\/ea_blog\/centro\/educacion-por-proyectos\/\" target=\"_blank\" rel=\"noopener noreferrer\"><img decoding=\"async\" src=\"http:\/\/escolapiosalcala.es\/ea_centro\/ea_blog\/centro\/wp-content\/uploads\/2020\/05\/PDF-icono.png\" align=\"middle\" \/><\/a> <a href=\"https:\/\/escolapiosalcala.es\/ea_centro\/ea_blog\/centro\/educacion-por-proyectos\/\" target=\"_blank\" rel=\"noopener noreferrer\">Aprendizaje basado en Proyectos<\/a><\/h3>\n<h3 style=\"text-align: left;\"><a href=\"https:\/\/escolapiosalcala.es\/ea_centro\/ea_blog\/centro\/idiomas\" target=\"_blank\" rel=\"noopener noreferrer\"><img decoding=\"async\" src=\"http:\/\/escolapiosalcala.es\/ea_centro\/ea_blog\/centro\/wp-content\/uploads\/2020\/05\/PDF-icono.png\" align=\"middle\" \/><\/a> <a href=\"https:\/\/escolapiosalcala.es\/ea_centro\/ea_blog\/centro\/idiomas\" target=\"_blank\" rel=\"noopener noreferrer\">Programa Beda<\/a><\/h3>\n<h3 style=\"text-align: left;\"><a href=\"https:\/\/escolapiosalcala.es\/ea_centro\/ea_blog\/centro\/metodologia-singapur\/\" target=\"_blank\" rel=\"noopener noreferrer\"><img decoding=\"async\" src=\"http:\/\/escolapiosalcala.es\/ea_centro\/ea_blog\/centro\/wp-content\/uploads\/2020\/05\/PDF-icono.png\" align=\"middle\" \/><\/a> <a href=\"https:\/\/escolapiosalcala.es\/ea_centro\/ea_blog\/centro\/metodologia-singapur\/\" target=\"_blank\" rel=\"noopener noreferrer\">Programa de Matem\u00e1ticas-Metodolog\u00eda Singapur<\/a><\/h3>\n<h3 style=\"text-align: left;\"><a href=\"https:\/\/escolapiosalcala.es\/ea_centro\/ea_blog\/centro\/wp-content\/uploads\/2024\/10\/Plan-de-accion-tutorial-Escuelas-Pias-Alcala-de-Henares.pdf\" target=\"_blank\" rel=\"noopener noreferrer\"><img decoding=\"async\" src=\"http:\/\/escolapiosalcala.es\/ea_centro\/ea_blog\/centro\/wp-content\/uploads\/2020\/05\/PDF-icono.png\" align=\"middle\" \/><\/a> <a href=\"https:\/\/escolapiosalcala.es\/ea_centro\/ea_blog\/centro\/wp-content\/uploads\/2024\/10\/Plan-de-accion-tutorial-Escuelas-Pias-Alcala-de-Henares.pdf\" target=\"_blank\" rel=\"noopener noreferrer\">Plan de Acci\u00f3n Tutorial<\/a><\/h3>\n<h3 style=\"text-align: left;\"><a href=\"https:\/\/escolapiosalcala.es\/ea_centro\/ea_blog\/centro\/wp-content\/uploads\/2024\/10\/PDC-Escuelas-Pias-Alcala-PRIMARIA-24-25.pdf\" target=\"_blank\" rel=\"noopener noreferrer\"><img decoding=\"async\" src=\"http:\/\/escolapiosalcala.es\/ea_centro\/ea_blog\/centro\/wp-content\/uploads\/2020\/05\/PDF-icono.png\" align=\"middle\" \/><\/a> <a href=\"https:\/\/escolapiosalcala.es\/ea_centro\/ea_blog\/centro\/wp-content\/uploads\/2025\/11\/PDC-Escuelas-Pias-Alcala-PRIMARIA-25-26.pdf\" target=\"_blank\" rel=\"noopener noreferrer\">Plan Digital de Centro de Educaci\u00f3n Primaria 25-26<\/a><\/h3>\n<h3 style=\"text-align: left;\"><a href=\"https:\/\/escolapiosalcala.es\/ea_centro\/ea_blog\/centro\/wp-content\/uploads\/2024\/10\/PDC-Escuelas-Pias-Alcala-SECUNDARIA-24-25.pdf\" target=\"_blank\" rel=\"noopener noreferrer\"><img decoding=\"async\" src=\"http:\/\/escolapiosalcala.es\/ea_centro\/ea_blog\/centro\/wp-content\/uploads\/2020\/05\/PDF-icono.png\" align=\"middle\" \/><\/a> <a href=\"https:\/\/escolapiosalcala.es\/ea_centro\/ea_blog\/centro\/wp-content\/uploads\/2025\/11\/PDC-Escuelas-Pias-Alcala-SECUNDARIA-25-26.pdf\" target=\"_blank\" rel=\"noopener noreferrer\">Plan Digital de Centro de Educaci\u00f3n Secundaria 25-26<\/a><\/h3>\n<h3 style=\"text-align: left;\"><a href=\"https:\/\/escolapiosalcala.es\/ea_centro\/ea_blog\/centro\/wp-content\/uploads\/2024\/10\/PLAN-INCLUYO-24-25.pdf\" target=\"_blank\" rel=\"noopener noreferrer\"><img decoding=\"async\" src=\"http:\/\/escolapiosalcala.es\/ea_centro\/ea_blog\/centro\/wp-content\/uploads\/2020\/05\/PDF-icono.png\" align=\"middle\" \/><\/a> <a href=\"https:\/\/escolapiosalcala.es\/ea_centro\/ea_blog\/centro\/wp-content\/uploads\/2026\/02\/PLAN-INCLUYO-25-26.pdf\" target=\"_blank\" rel=\"noopener noreferrer\">Plan Incluyo 25-26<\/a><\/h3>\n<div class=\"wp-block-spacer\" style=\"height: 100px;\" aria-hidden=\"true\"><\/div>\n<h2 style=\"text-align: center;\">Otros Documentos de Centro<\/h2>\n<h3 style=\"text-align: left;\"><a href=\"https:\/\/escolapiosalcala.es\/ea_centro\/ea_blog\/centro\/wp-content\/uploads\/2024\/10\/Proyecto-Educativo-Centro-2024-25.pdf\" target=\"_blank\" rel=\"noopener noreferrer\"><img decoding=\"async\" src=\"http:\/\/escolapiosalcala.es\/ea_centro\/ea_blog\/centro\/wp-content\/uploads\/2020\/05\/PDF-icono.png\" align=\"middle\" \/><\/a> <a href=\"https:\/\/escolapiosalcala.es\/ea_centro\/ea_blog\/centro\/wp-content\/uploads\/2026\/02\/Proyecto-Educativo-Centro-2025-26.pdf\" target=\"_blank\" rel=\"noopener noreferrer\">Proyecto Educativo de Centro 25-26<\/a><\/h3>\n<h3 style=\"text-align: left;\"><a href=\"https:\/\/escolapiosalcala.es\/ea_centro\/ea_blog\/centro\/wp-content\/uploads\/2025\/02\/Plan-de-Convivencia-Escuelas-Pias-Alcala-24-25.pdf\" target=\"_blank\" rel=\"noopener noreferrer\"><img decoding=\"async\" src=\"http:\/\/escolapiosalcala.es\/ea_centro\/ea_blog\/centro\/wp-content\/uploads\/2020\/05\/PDF-icono.png\" align=\"middle\" \/><\/a> <a href=\"https:\/\/escolapiosalcala.es\/ea_centro\/ea_blog\/centro\/wp-content\/uploads\/2026\/02\/Plan-de-Convivencia-Escuelas-Pias-Alcala-25-26-ACTUALIZADO.pdf\" target=\"_blank\" rel=\"noopener noreferrer\">Plan de Convivencia 25-26<\/a><\/h3>\n<h3 style=\"text-align: left;\"><a href=\"https:\/\/escolapiosalcala.es\/ea_centro\/ea_blog\/centro\/wp-content\/uploads\/2024\/10\/RRI-Escuelas-Pias-Alcala-24-25.pdf\" target=\"_blank\" rel=\"noopener noreferrer\"><img decoding=\"async\" src=\"http:\/\/escolapiosalcala.es\/ea_centro\/ea_blog\/centro\/wp-content\/uploads\/2020\/05\/PDF-icono.png\" align=\"middle\" \/><\/a> <a href=\"https:\/\/escolapiosalcala.es\/ea_centro\/ea_blog\/centro\/wp-content\/uploads\/2026\/02\/RRI-Escuelas-Pias-Alcala-25-26.pdf\" target=\"_blank\" rel=\"noopener noreferrer\">Reglamento de R\u00e9gimen Interior 25-26<\/a><\/h3>\n<div class=\"wp-block-spacer\" style=\"height: 30px;\" aria-hidden=\"true\"><\/div>\n<h2 style=\"text-align: center;\">Actividades Extraescolares<\/h2>\n<div class=\"row spaced-cols\" data-type=\"row\">\n<div class=\"col-xs-12 col-sm-6 col-md-4\"><\/div>\n<div class=\"col-xs-12 col-sm-6 col-md-4\">\n<div class=\"card no-padding bordered y-move\">\n<p><img decoding=\"async\" loading=\"lazy\" class=\"aligncenter size-full wp-image-10399\" src=\"https:\/\/escolapiosalcala.es\/ea_centro\/ea_blog\/centro\/wp-content\/uploads\/2026\/01\/pabellon-2.jpg\" alt=\"\" width=\"1440\" height=\"960\" srcset=\"https:\/\/escolapiosalcala.es\/ea_centro\/ea_blog\/centro\/wp-content\/uploads\/2026\/01\/pabellon-2.jpg 1440w, https:\/\/escolapiosalcala.es\/ea_centro\/ea_blog\/centro\/wp-content\/uploads\/2026\/01\/pabellon-2-300x200.jpg 300w, https:\/\/escolapiosalcala.es\/ea_centro\/ea_blog\/centro\/wp-content\/uploads\/2026\/01\/pabellon-2-1024x683.jpg 1024w, https:\/\/escolapiosalcala.es\/ea_centro\/ea_blog\/centro\/wp-content\/uploads\/2026\/01\/pabellon-2-768x512.jpg 768w\" sizes=\"(max-width: 1440px) 100vw, 1440px\" \/><\/p>\n<div class=\"col-padding-small col-padding-small-xs description-container\" data-type=\"column\">\n<h4 class=\"font-500\">Actividades Extraescolares<\/h4>\n<p class=\"\">Las actividades extraescolares son aquellas en las que el ni\u00f1o aporta todo su entusiasmo y emoci\u00f3n en las que muestran su mayor destreza.<\/p>\n<\/div>\n<div class=\"col-padding-small col-padding-small-xs read-more-container\" data-type=\"column\"><a class=\"read-more\" href=\"http:\/\/escolapiosalcala.es\/ea_centro\/ea_blog\/centro\/extraescolares\" target=\"_blank\" rel=\"noopener noreferrer\">leer m\u00e1s<\/a><\/div>\n<\/div>\n<\/div>\n<\/div>\n<\/div>\n<div class=\"wp-block-spacer\" style=\"height: 50px;\" aria-hidden=\"true\"><\/div>\n<h3 style=\"text-align: left;\"><a href=\"https:\/\/escolapiosalcala.es\/ea_centro\/ea_blog\/centro\/wp-content\/uploads\/2025\/03\/RESULTADOS-PRUEBAS-EXTERNAS_23-24-1.pdf\" target=\"_blank\" rel=\"noopener noreferrer\"><img decoding=\"async\" src=\"http:\/\/escolapiosalcala.es\/ea_centro\/ea_blog\/centro\/wp-content\/uploads\/2020\/05\/PDF-icono.png\" align=\"middle\" \/><\/a> <a href=\"https:\/\/escolapiosalcala.es\/ea_centro\/ea_blog\/centro\/wp-content\/uploads\/2026\/02\/RESULTADOS-PRUEBAS-EXTERNAS_24-25.pdf\" target=\"_blank\" rel=\"noopener noreferrer\">Resultados pruebas externas Comunidad de Madrid 24-25<\/a><\/h3>\n","protected":false},"excerpt":{"rendered":"<p>Oferta Educativa Ideario de Centro Tel\u00e9fonos y correos de contacto Servicios Complementarios Comedor El Servicio de comedor escolar cuenta con cocina propia, men\u00fas equilibrados y personal cualificado de cocina y comedor de lunes a viernes. leer m\u00e1s Enfermer\u00eda La Enfermera Escolar cuida de nuestros ni\u00f1os y ni\u00f1as diariamente, proporcionando un referente de salud y una&hellip; <br \/> <a class=\"read-more\" href=\"https:\/\/escolapiosalcala.es\/ea_centro\/ea_blog\/centro\/informacion-a-las-familias\/\">Leer m\u00e1s<\/a><\/p>\n","protected":false},"author":1,"featured_media":0,"parent":0,"menu_order":0,"comment_status":"closed","ping_status":"closed","template":"","meta":[],"_links":{"self":[{"href":"https:\/\/escolapiosalcala.es\/ea_centro\/ea_blog\/centro\/wp-json\/wp\/v2\/pages\/8636"}],"collection":[{"href":"https:\/\/escolapiosalcala.es\/ea_centro\/ea_blog\/centro\/wp-json\/wp\/v2\/pages"}],"about":[{"href":"https:\/\/escolapiosalcala.es\/ea_centro\/ea_blog\/centro\/wp-json\/wp\/v2\/types\/page"}],"author":[{"embeddable":true,"href":"https:\/\/escolapiosalcala.es\/ea_centro\/ea_blog\/centro\/wp-json\/wp\/v2\/users\/1"}],"replies":[{"embeddable":true,"href":"https:\/\/escolapiosalcala.es\/ea_centro\/ea_blog\/centro\/wp-json\/wp\/v2\/comments?post=8636"}],"version-history":[{"count":74,"href":"https:\/\/escolapiosalcala.es\/ea_centro\/ea_blog\/centro\/wp-json\/wp\/v2\/pages\/8636\/revisions"}],"predecessor-version":[{"id":10496,"href":"https:\/\/escolapiosalcala.es\/ea_centro\/ea_blog\/centro\/wp-json\/wp\/v2\/pages\/8636\/revisions\/10496"}],"wp:attachment":[{"href":"https:\/\/escolapiosalcala.es\/ea_centro\/ea_blog\/centro\/wp-json\/wp\/v2\/media?parent=8636"}],"curies":[{"name":"wp","href":"https:\/\/api.w.org\/{rel}","templated":true}]}}