{"id":84,"date":"2016-01-26T10:51:32","date_gmt":"2016-01-26T10:51:32","guid":{"rendered":"http:\/\/escolapiosalcala.es\/ea_centro\/ea_blog\/centro\/?page_id=84"},"modified":"2026-01-19T18:55:30","modified_gmt":"2026-01-19T17:55:30","slug":"pastoral","status":"publish","type":"page","link":"https:\/\/escolapiosalcala.es\/ea_centro\/ea_blog\/centro\/pastoral\/","title":{"rendered":"Pastoral"},"content":{"rendered":"<p><img decoding=\"async\" loading=\"lazy\" class=\"aligncenter  wp-image-10382\" src=\"https:\/\/escolapiosalcala.es\/ea_centro\/ea_blog\/centro\/wp-content\/uploads\/2026\/01\/pastoral.jpg\" alt=\"\" width=\"670\" height=\"453\" srcset=\"https:\/\/escolapiosalcala.es\/ea_centro\/ea_blog\/centro\/wp-content\/uploads\/2026\/01\/pastoral.jpg 606w, https:\/\/escolapiosalcala.es\/ea_centro\/ea_blog\/centro\/wp-content\/uploads\/2026\/01\/pastoral-300x203.jpg 300w\" sizes=\"(max-width: 670px) 100vw, 670px\" \/><\/p>\n<p style=\"text-align: justify;\">El Colegio Escuelas P\u00edas de Alcal\u00e1 de Henares, como colegio de Iglesia, desarrolla su labor (acad\u00e9mica y extra-acad\u00e9mica) y centra su proyecto de centro en una educaci\u00f3n integral de sus alumnos, form\u00e1ndolos humana y cristianamente, siguiendo el carisma de San Jos\u00e9 de Calasanz, esto es, transformar la sociedad a trav\u00e9s de la educaci\u00f3n integral del alumno (piedad y letras) desde la m\u00e1s tierna infancia.<\/p>\n<p><img decoding=\"async\" loading=\"lazy\" class=\"aligncenter  wp-image-10383\" src=\"https:\/\/escolapiosalcala.es\/ea_centro\/ea_blog\/centro\/wp-content\/uploads\/2026\/01\/FOTOS-INFANTIL-3.png\" alt=\"\" width=\"354\" height=\"377\" srcset=\"https:\/\/escolapiosalcala.es\/ea_centro\/ea_blog\/centro\/wp-content\/uploads\/2026\/01\/FOTOS-INFANTIL-3.png 570w, https:\/\/escolapiosalcala.es\/ea_centro\/ea_blog\/centro\/wp-content\/uploads\/2026\/01\/FOTOS-INFANTIL-3-282x300.png 282w\" sizes=\"(max-width: 354px) 100vw, 354px\" \/><\/p>\n<p style=\"text-align: justify;\">Es por ello que la acci\u00f3n evangelizadora de una escuela calasancia debe ser eje vertebrador de toda la actividad educativa del centro, y es por tanto, que desde este Departamento de Pastoral se proponga a lo largo del curso una serie de actividades que respondan a esta intuici\u00f3n de Calasanz, y que ayude al alumnado en este proceso de maduraci\u00f3n personal y religiosa.<\/p>\n<p style=\"text-align: justify;\">Durante el curso llevamos a cabo actividades dentro del horario escolar que contribuyen al desarrollo espiritual y emocional de nuestros alumnos como son la Oraci\u00f3n de la ma\u00f1ana (a diario), Oraci\u00f3n Continua (una vez al mes) y celebraciones especiales (Inicio de curso, Calasanz, Pascua, etc\u2026).<\/p>\n<p><img decoding=\"async\" loading=\"lazy\" class=\"aligncenter  wp-image-10384\" src=\"https:\/\/escolapiosalcala.es\/ea_centro\/ea_blog\/centro\/wp-content\/uploads\/2026\/01\/CAPILLA.jpg\" alt=\"\" width=\"557\" height=\"418\" srcset=\"https:\/\/escolapiosalcala.es\/ea_centro\/ea_blog\/centro\/wp-content\/uploads\/2026\/01\/CAPILLA.jpg 2048w, https:\/\/escolapiosalcala.es\/ea_centro\/ea_blog\/centro\/wp-content\/uploads\/2026\/01\/CAPILLA-300x225.jpg 300w, https:\/\/escolapiosalcala.es\/ea_centro\/ea_blog\/centro\/wp-content\/uploads\/2026\/01\/CAPILLA-1024x768.jpg 1024w, https:\/\/escolapiosalcala.es\/ea_centro\/ea_blog\/centro\/wp-content\/uploads\/2026\/01\/CAPILLA-768x576.jpg 768w, https:\/\/escolapiosalcala.es\/ea_centro\/ea_blog\/centro\/wp-content\/uploads\/2026\/01\/CAPILLA-1536x1152.jpg 1536w, https:\/\/escolapiosalcala.es\/ea_centro\/ea_blog\/centro\/wp-content\/uploads\/2026\/01\/CAPILLA-1440x1080.jpg 1440w\" sizes=\"(max-width: 557px) 100vw, 557px\" \/><\/p>\n<p style=\"text-align: justify;\">Fuera del horario escolar, tenemos el Movimiento Calasanz, compartido con los colegios Escolapios de todo el mundo. En nuestra provincia, Betania, estamos llevando a cabo el Proyecto Arj\u00e9, que desarrolla la vivencia de Fe de nuestros alumnos y familias desde Educaci\u00f3n Infantil hasta que llegan a ser adultos.<\/p>\n<p style=\"text-align: left;\">A continuaci\u00f3n, os dejamos un v\u00eddeo explicativo de este proyecto de Fe.<\/p>\n<div class='embed-container'><iframe loading=\"lazy\" title=\"ARJ\u00c9 etapas\" width=\"1920\" height=\"1080\" src=\"https:\/\/www.youtube.com\/embed\/8aGkpiK2D5Q?feature=oembed\" frameborder=\"0\" allow=\"accelerometer; autoplay; clipboard-write; encrypted-media; gyroscope; picture-in-picture; web-share\" referrerpolicy=\"strict-origin-when-cross-origin\" allowfullscreen><\/iframe><\/div>\n<p style=\"text-align: justify;\">Si ten\u00e9is alguna duda o quer\u00e9is m\u00e1s informaci\u00f3n, pod\u00e9is escribirnos a <a href=\"mailto:pastoral.alcala@escolapiosbetania.es\">pastoral.alcala@escolapiosbetania.es<\/a> o concertar una cita en el despacho de pastoral de forma presencial.<\/p>\n","protected":false},"excerpt":{"rendered":"<p>El Colegio Escuelas P\u00edas de Alcal\u00e1 de Henares, como colegio de Iglesia, desarrolla su labor (acad\u00e9mica y extra-acad\u00e9mica) y centra su proyecto de centro en una educaci\u00f3n integral de sus alumnos, form\u00e1ndolos humana y cristianamente, siguiendo el carisma de San Jos\u00e9 de Calasanz, esto es, transformar la sociedad a trav\u00e9s de la educaci\u00f3n integral del&hellip; <br \/> <a class=\"read-more\" href=\"https:\/\/escolapiosalcala.es\/ea_centro\/ea_blog\/centro\/pastoral\/\">Leer m\u00e1s<\/a><\/p>\n","protected":false},"author":1,"featured_media":0,"parent":0,"menu_order":0,"comment_status":"closed","ping_status":"closed","template":"","meta":[],"_links":{"self":[{"href":"https:\/\/escolapiosalcala.es\/ea_centro\/ea_blog\/centro\/wp-json\/wp\/v2\/pages\/84"}],"collection":[{"href":"https:\/\/escolapiosalcala.es\/ea_centro\/ea_blog\/centro\/wp-json\/wp\/v2\/pages"}],"about":[{"href":"https:\/\/escolapiosalcala.es\/ea_centro\/ea_blog\/centro\/wp-json\/wp\/v2\/types\/page"}],"author":[{"embeddable":true,"href":"https:\/\/escolapiosalcala.es\/ea_centro\/ea_blog\/centro\/wp-json\/wp\/v2\/users\/1"}],"replies":[{"embeddable":true,"href":"https:\/\/escolapiosalcala.es\/ea_centro\/ea_blog\/centro\/wp-json\/wp\/v2\/comments?post=84"}],"version-history":[{"count":12,"href":"https:\/\/escolapiosalcala.es\/ea_centro\/ea_blog\/centro\/wp-json\/wp\/v2\/pages\/84\/revisions"}],"predecessor-version":[{"id":10386,"href":"https:\/\/escolapiosalcala.es\/ea_centro\/ea_blog\/centro\/wp-json\/wp\/v2\/pages\/84\/revisions\/10386"}],"wp:attachment":[{"href":"https:\/\/escolapiosalcala.es\/ea_centro\/ea_blog\/centro\/wp-json\/wp\/v2\/media?parent=84"}],"curies":[{"name":"wp","href":"https:\/\/api.w.org\/{rel}","templated":true}]}}