{"id":67,"date":"2016-01-26T10:49:04","date_gmt":"2016-01-26T10:49:04","guid":{"rendered":"http:\/\/escolapiosalcala.es\/ea_centro\/ea_blog\/centro\/?page_id=67"},"modified":"2026-01-22T18:53:02","modified_gmt":"2026-01-22T17:53:02","slug":"educacion-infantil","status":"publish","type":"page","link":"https:\/\/escolapiosalcala.es\/ea_centro\/ea_blog\/centro\/educacion-infantil\/","title":{"rendered":"Educaci\u00f3n Infantil"},"content":{"rendered":"<p><img decoding=\"async\" loading=\"lazy\" class=\"aligncenter size-full wp-image-10450\" src=\"https:\/\/escolapiosalcala.es\/ea_centro\/ea_blog\/centro\/wp-content\/uploads\/2026\/01\/infantil-proyecto.jpg\" alt=\"\" width=\"1079\" height=\"640\" srcset=\"https:\/\/escolapiosalcala.es\/ea_centro\/ea_blog\/centro\/wp-content\/uploads\/2026\/01\/infantil-proyecto.jpg 1079w, https:\/\/escolapiosalcala.es\/ea_centro\/ea_blog\/centro\/wp-content\/uploads\/2026\/01\/infantil-proyecto-300x178.jpg 300w, https:\/\/escolapiosalcala.es\/ea_centro\/ea_blog\/centro\/wp-content\/uploads\/2026\/01\/infantil-proyecto-1024x607.jpg 1024w, https:\/\/escolapiosalcala.es\/ea_centro\/ea_blog\/centro\/wp-content\/uploads\/2026\/01\/infantil-proyecto-768x456.jpg 768w\" sizes=\"(max-width: 1079px) 100vw, 1079px\" \/><\/p>\n<p style=\"text-align: justify;\">En nuestro colegio tenemos una oferta educativa integral e innovadora, en el que educamos para que nuestros alumnos se sientan capaces, queridos y brillantes.<br \/>\nEn la etapa de Educaci\u00f3n Infantil cuatro son los puntos que nos identifican:<\/p>\n<h2>Estimulaci\u00f3n temprana<\/h2>\n<p style=\"text-align: justify;\">Proporciona al ni\u00f1o las mejores oportunidades de desarrollo f\u00edsico,<br \/>\nintelectual y social, con el objetivo de crear las conexiones neuronales necesarias para potenciar las capacidades y habilidades de nuestros alumnos. Cada clase hace 30 minutos de PDB (Programa de desarrollo b\u00e1sico) todos los d\u00edas. Se realizan tres pases diarios de bits de inteligencia.<\/p>\n<h2>Metodolog\u00edas activas<\/h2>\n<p style=\"text-align: justify;\">Se trabaja por proyectos de comprensi\u00f3n. Cada uno de ellos ocupa el<br \/>\ntrimestre completo, llegando a realizar 9 proyectos diferentes durante sus 3 a\u00f1os de escolarizaci\u00f3n en la etapa de infantil, en los que se trabajan todos los objetivos que propone la ley y ampliamos contenidos motivadores e importantes para los alumnos. Trabajamos tambi\u00e9n el desarrollo por competencias, realizamos trabajo cooperativo y utilizamos herramientas de evaluaci\u00f3n. Siendo estas \u00faltimas, t\u00e9cnicas que entrenan a los alumnos para las siguientes etapas educativas.<\/p>\n<p style=\"text-align: justify;\"><a href=\"https:\/\/escolapiosalcala.es\/ea_centro\/ea_blog\/centro\/wp-content\/uploads\/2024\/02\/foto-4.jpg\"><img decoding=\"async\" loading=\"lazy\" class=\"wp-image-3525 size-medium alignright\" src=\"https:\/\/escolapiosalcala.es\/ea_centro\/ea_blog\/centro\/wp-content\/uploads\/2024\/02\/foto-4.jpg\" alt=\"\" width=\"300\" height=\"233\" \/><\/a><\/p>\n<h2><\/h2>\n<h2><\/h2>\n<h2>Ingl\u00e9s (BEDAKids)<\/h2>\n<p style=\"text-align: justify;\">En Educaci\u00f3n Infantil pertenecemos al programa <a href=\"https:\/\/escolapiosalcala.es\/ea_centro\/ea_blog\/centro\/idiomas\/\" target=\"_blank\" rel=\"noopener\">BEDA KIDS<\/a> para potenciar y mejorar la ense\u00f1anza del idioma ingl\u00e9s en Educaci\u00f3n Infantil.<\/p>\n<p style=\"text-align: justify;\">Se dan 4 horas semanales de ingl\u00e9s (2 de ellas con la especialista, otras dos con la profesora nativa).<\/p>\n<h2>Nuevas tecnolog\u00edas<\/h2>\n<p style=\"text-align: justify;\">El uso educativo y supervisado de las nuevas tecnolog\u00edas por parte de los ni\u00f1os es muy beneficioso para el desarrollo y adquisici\u00f3n de las competencias b\u00e1sicas de nuestros alumnos.<\/p>\n<p style=\"text-align: justify;\">Por ello el centro est\u00e1 dotado de dos aulas de inform\u00e1tica, a las que infantil tiene acceso a una de ellas. En la etapa se disponen de un carro de tablets para su uso con diferentes actividades.<\/p>\n<p style=\"text-align: justify;\">Contamos con pizarras digitales interactivas en todas las aulas. Adem\u00e1s el centro emplea una plataforma inform\u00e1tica de comunicaci\u00f3n con las familias: <a href=\"http:\/\/www.educamos.com\/\" target=\"_blank\" rel=\"noopener\">Educamos<\/a>.<\/p>\n","protected":false},"excerpt":{"rendered":"<p>En nuestro colegio tenemos una oferta educativa integral e innovadora, en el que educamos para que nuestros alumnos se sientan capaces, queridos y brillantes. En la etapa de Educaci\u00f3n Infantil cuatro son los puntos que nos identifican: Estimulaci\u00f3n temprana Proporciona al ni\u00f1o las mejores oportunidades de desarrollo f\u00edsico, intelectual y social, con el objetivo de&hellip; <br \/> <a class=\"read-more\" href=\"https:\/\/escolapiosalcala.es\/ea_centro\/ea_blog\/centro\/educacion-infantil\/\">Leer m\u00e1s<\/a><\/p>\n","protected":false},"author":1,"featured_media":0,"parent":0,"menu_order":0,"comment_status":"closed","ping_status":"closed","template":"","meta":[],"_links":{"self":[{"href":"https:\/\/escolapiosalcala.es\/ea_centro\/ea_blog\/centro\/wp-json\/wp\/v2\/pages\/67"}],"collection":[{"href":"https:\/\/escolapiosalcala.es\/ea_centro\/ea_blog\/centro\/wp-json\/wp\/v2\/pages"}],"about":[{"href":"https:\/\/escolapiosalcala.es\/ea_centro\/ea_blog\/centro\/wp-json\/wp\/v2\/types\/page"}],"author":[{"embeddable":true,"href":"https:\/\/escolapiosalcala.es\/ea_centro\/ea_blog\/centro\/wp-json\/wp\/v2\/users\/1"}],"replies":[{"embeddable":true,"href":"https:\/\/escolapiosalcala.es\/ea_centro\/ea_blog\/centro\/wp-json\/wp\/v2\/comments?post=67"}],"version-history":[{"count":28,"href":"https:\/\/escolapiosalcala.es\/ea_centro\/ea_blog\/centro\/wp-json\/wp\/v2\/pages\/67\/revisions"}],"predecessor-version":[{"id":10452,"href":"https:\/\/escolapiosalcala.es\/ea_centro\/ea_blog\/centro\/wp-json\/wp\/v2\/pages\/67\/revisions\/10452"}],"wp:attachment":[{"href":"https:\/\/escolapiosalcala.es\/ea_centro\/ea_blog\/centro\/wp-json\/wp\/v2\/media?parent=67"}],"curies":[{"name":"wp","href":"https:\/\/api.w.org\/{rel}","templated":true}]}}