{"id":5798,"date":"2021-03-01T09:28:45","date_gmt":"2021-03-01T09:28:45","guid":{"rendered":"http:\/\/escolapiosalcala.es\/ea_centro\/ea_blog\/centro\/?page_id=5798"},"modified":"2023-02-16T09:46:03","modified_gmt":"2023-02-16T09:46:03","slug":"aula-de-enlace","status":"publish","type":"page","link":"https:\/\/escolapiosalcala.es\/ea_centro\/ea_blog\/centro\/aula-de-enlace\/","title":{"rendered":"Aula de Enlace"},"content":{"rendered":"\n<div class=\"wp-block-image\"><figure class=\"aligncenter size-large is-resized\"><img decoding=\"async\" loading=\"lazy\" src=\"http:\/\/escolapiosalcala.es\/ea_centro\/ea_blog\/centro\/wp-content\/uploads\/2021\/03\/FOTO-AULA-ENLACE-1.jpg\" alt=\"\" class=\"wp-image-5787\" width=\"735\" height=\"535\"\/><\/figure><\/div>\n\n\n\n<p>El <strong>Aula de Enlace<\/strong> es un aula espec\u00edfica, con curr\u00edculo propio e integrada en el centro. Acoge a alumnos extranjeros de primaria y secundaria reci\u00e9n llegados a nuestro pa\u00eds, Con necesidad de aprender espa\u00f1ol como idioma vehicular, para su integraci\u00f3n e inclusi\u00f3n en nuestro sistema educativo, en las mejores condiciones y que aseguren su adaptaci\u00f3n y \u00e9xito escolar.<\/p>\n\n\n\n<h2 class=\"wp-block-heading\"><span style=\"font-family: Helvetica,serif;\"><span style=\"font-size: x-large;\">\u00bfA qui\u00e9n va dirigido?<\/span><\/span><\/h2>\n\n\n\n<p>Alumnos de 3\u00ba a 6\u00ba de Educaci\u00f3n Primaria y de Educaci\u00f3n Secundaria Obligatoria con necesidad de aprendizaje del idioma espa\u00f1ol.<\/p>\n\n\n\n<h2 class=\"wp-block-heading\"><span style=\"font-family: Helvetica,serif;\"><span style=\"font-size: x-large;\">Objetivos<\/span><\/span><\/h2>\n\n\n\n<div class=\"wp-block-columns is-layout-flex wp-container-3\">\n<div class=\"wp-block-column is-layout-flow\" style=\"flex-basis:66.66%\">\n<ul><li>Posibilitar atenci\u00f3n individualizada a alumnos con desconocimiento del idioma espa\u00f1ol apoyando en la adquisici\u00f3n de competencias ling\u00fc\u00edsticas.<\/li><li>Facilitar una integraci\u00f3n y adaptaci\u00f3n a nuestro sistema educativo, al entorno escolar y social en el menor tiempo posible.<\/li><li>Fomentar la inclusi\u00f3n e integraci\u00f3n en las aulas generales como formaci\u00f3n complementaria y posterior acogida en sus clases de referencia. Simultanea la escolarizaci\u00f3n en el aula con las clases generales.<\/li><li>Mejorar las posibilidades de adaptarse y dar respuesta a nuestro s i stema educativo (crear rutinas de agenda, normas de centro, estudio y deberes, sistema de trabajo).<\/li><li>Adquirir rutinas y h\u00e1bitos de trabajo que les ayude a la respuesta educativa que tienen que adquirir.<\/li><li>Apoyar en las diferentes \u00e1reas para mejorar la incorporaci\u00f3n en asignaturas instrumentales, cuando su competencia ling\u00fc\u00edstica lo permita.<\/li><\/ul>\n<\/div>\n\n\n\n<div class=\"wp-block-column is-layout-flow\" style=\"flex-basis:33.33%\">\n<figure class=\"wp-block-image size-large is-resized\"><a href=\"https:\/\/escolapiosalcala.es\/ea_centro\/ea_blog\/centro\/wp-content\/uploads\/2023\/02\/IMG_3633-2.jpeg\"><img decoding=\"async\" loading=\"lazy\" src=\"https:\/\/escolapiosalcala.es\/ea_centro\/ea_blog\/centro\/wp-content\/uploads\/2023\/02\/IMG_3633-2.jpeg\" alt=\"\" class=\"wp-image-7803\" width=\"221\" height=\"294\" srcset=\"https:\/\/escolapiosalcala.es\/ea_centro\/ea_blog\/centro\/wp-content\/uploads\/2023\/02\/IMG_3633-2.jpeg 303w, https:\/\/escolapiosalcala.es\/ea_centro\/ea_blog\/centro\/wp-content\/uploads\/2023\/02\/IMG_3633-2-225x300.jpeg 225w\" sizes=\"(max-width: 221px) 100vw, 221px\" \/><\/a><\/figure>\n\n\n\n<div class=\"wp-block-image\"><figure class=\"aligncenter size-large is-resized\"><\/figure><\/div>\n<\/div>\n<\/div>\n\n\n\n<h2 class=\"wp-block-heading\"><span style=\"font-family: Helvetica,serif;\"><span style=\"font-size: x-large;\">Duraci\u00f3n<\/span><\/span><\/h2>\n\n\n\n<p>El per\u00edodo de escolarizaci\u00f3n en el aula de enlace es de 9 meses, pudiendo ampliar o reducir de manera excepcional en funci\u00f3n de la evoluci\u00f3n y adquisici\u00f3n de competencias del alumno.<\/p>\n\n\n\n<h2 class=\"wp-block-heading\"><span style=\"font-family: Helvetica,serif;\"><span style=\"font-size: x-large;\">Metodolog\u00eda<\/span><\/span><\/h2>\n\n\n\n<p>Se trabaja de manera individualizada con una ratio m\u00e1xima de 12 alumnos por aula atendiendo el nivel de cada uno, realizando apoyo escolar para facilitar su inclusi\u00f3n en el aula de referencia y fomentado el aprendizaje cooperativo para dar respuesta a la diversidad del alumnado.<\/p>\n\n\n\n<h2 class=\"wp-block-heading\"><span style=\"font-family: Helvetica,serif;\"><span style=\"font-size: x-large;\">Fases de la escolarizaci\u00f3n en el Aula de Enlace<\/span><\/span><\/h2>\n\n\n\n<div class=\"wp-block-columns is-layout-flex wp-container-6\">\n<div class=\"wp-block-column is-layout-flow\" style=\"flex-basis:66.66%\">\n<p><h2><span style=\"font-family: Helvetica,serif;\"><span style=\"font-size: x-large;\">1. Acogida:<\/span><\/span><\/h2><\/p>\n\n\n\n<p>Adaptarse a un espacio\/vida escolar y social.<\/p>\n<h2><span style=\"font-family: Helvetica,serif;\"><span style=\"font-size: x-large;\">2. Aprendizaje del espa\u00f1ol:<\/span><\/h2>\n<p>Conseguir una competencia comunicativa acorde con las exigencias del entorno escolar.<\/p>\n<\/div>\n\n\n\n<div class=\"wp-block-column is-layout-flow\" style=\"flex-basis:33.33%\">\n<figure class=\"wp-block-image size-large is-resized\"><a href=\"https:\/\/escolapiosalcala.es\/ea_centro\/ea_blog\/centro\/wp-content\/uploads\/2023\/02\/IMG_3080-2.jpeg\"><img decoding=\"async\" loading=\"lazy\" width=\"404\" height=\"303\" src=\"https:\/\/escolapiosalcala.es\/ea_centro\/ea_blog\/centro\/wp-content\/uploads\/2023\/02\/IMG_3080-2.jpeg\" alt=\"\" class=\"wp-image-7806\" srcset=\"https:\/\/escolapiosalcala.es\/ea_centro\/ea_blog\/centro\/wp-content\/uploads\/2023\/02\/IMG_3080-2.jpeg 404w, https:\/\/escolapiosalcala.es\/ea_centro\/ea_blog\/centro\/wp-content\/uploads\/2023\/02\/IMG_3080-2-300x225.jpeg 300w\" sizes=\"(max-width: 404px) 100vw, 404px\" \/><\/a><\/figure>\n<\/div>\n<\/div>\n\n\n\n<h2 class=\"wp-block-heading\"><span style=\"font-family: Helvetica,serif;\"><span style=\"font-size: x-large;\">3. Incorporaci\u00f3n a los contenidos curriculares:<\/span><\/span><\/h2>\n\n\n\n<p>Lograr un adecuado grado de transferencia de conocimientos adquiridos en su pa\u00eds, de estrategias de aprendizaje y una competencia comunicativa.<\/p>\n\n\n\n<div class=\"wp-block-columns is-layout-flex wp-container-9\">\n<div class=\"wp-block-column is-layout-flow\" style=\"flex-basis:66.66%\">\n<p><h2><span style=\"font-family: Helvetica,serif;\"><span style=\"font-size: x-large;\">4. Apoyo Post &#8211; Aula de Enlace<\/span><\/span><\/h2><\/p>\n<div style=\"height:60px\" aria-hidden=\"true\" class=\"wp-block-spacer\"><\/div>\n<h2><span style=\"font-family: Helvetica,serif;\"><span style=\"font-size: x-large;\">\u00bfD\u00d3NDE SOLICITARLO?<\/span><\/span><\/h2>\n<p>Para poder solicitar una plaza en el aula de enlace se debe de acudir al SAE (Servicio de apoyo educativo), en:<\/p>\n<\/div>\n\n\n\n<div class=\"wp-block-column is-layout-flow\" style=\"flex-basis:33.33%\">\n<figure class=\"wp-block-image size-large\"><a href=\"https:\/\/escolapiosalcala.es\/ea_centro\/ea_blog\/centro\/wp-content\/uploads\/2023\/02\/IMG_2453.jpeg\"><img decoding=\"async\" loading=\"lazy\" width=\"404\" height=\"303\" src=\"https:\/\/escolapiosalcala.es\/ea_centro\/ea_blog\/centro\/wp-content\/uploads\/2023\/02\/IMG_2453.jpeg\" alt=\"\" class=\"wp-image-7810\" srcset=\"https:\/\/escolapiosalcala.es\/ea_centro\/ea_blog\/centro\/wp-content\/uploads\/2023\/02\/IMG_2453.jpeg 404w, https:\/\/escolapiosalcala.es\/ea_centro\/ea_blog\/centro\/wp-content\/uploads\/2023\/02\/IMG_2453-300x225.jpeg 300w\" sizes=\"(max-width: 404px) 100vw, 404px\" \/><\/a><\/figure>\n<\/div>\n<\/div>\n\n\n\n<div class=\"wp-block-columns is-layout-flex wp-container-12\">\n<div class=\"wp-block-column is-layout-flow\">\n<p class=\"has-text-align-center\">IES \u201cAlb\u00e9niz\u201d<br>C\/ Gardenia, 17<br>Tel\u00e9fono: 91.889.53.59\/91.881.98.40<br>email : sae090.este.alcala@madrid.org<\/p>\n<\/div>\n\n\n\n<div class=\"wp-block-column is-layout-flow\"><\/div>\n<\/div>\n\n\n\n<p class=\"has-text-align-center\"><\/p>\n\n\n\n<div style=\"height:135px\" aria-hidden=\"true\" class=\"wp-block-spacer\"><\/div>\n\n\n\n<div class=\"wp-block-image\"><figure class=\"aligncenter size-large is-resized\"><a href=\"https:\/\/escolapiosalcala.es\/ea_centro\/ea_blog\/centro\/wp-content\/uploads\/2023\/02\/11.png\"><img decoding=\"async\" loading=\"lazy\" src=\"https:\/\/escolapiosalcala.es\/ea_centro\/ea_blog\/centro\/wp-content\/uploads\/2023\/02\/11.png\" alt=\"\" class=\"wp-image-7798\" width=\"1024\" height=\"520\" srcset=\"https:\/\/escolapiosalcala.es\/ea_centro\/ea_blog\/centro\/wp-content\/uploads\/2023\/02\/11.png 902w, https:\/\/escolapiosalcala.es\/ea_centro\/ea_blog\/centro\/wp-content\/uploads\/2023\/02\/11-300x153.png 300w, https:\/\/escolapiosalcala.es\/ea_centro\/ea_blog\/centro\/wp-content\/uploads\/2023\/02\/11-768x391.png 768w\" sizes=\"(max-width: 1024px) 100vw, 1024px\" \/><\/a><\/figure><\/div>\n","protected":false},"excerpt":{"rendered":"<p>El Aula de Enlace es un aula espec\u00edfica, con curr\u00edculo propio e integrada en el centro. Acoge a alumnos extranjeros de primaria y secundaria reci\u00e9n llegados a nuestro pa\u00eds, Con necesidad de aprender espa\u00f1ol como idioma vehicular, para su integraci\u00f3n e inclusi\u00f3n en nuestro sistema educativo, en las mejores condiciones y que aseguren su adaptaci\u00f3n&hellip; <br \/> <a class=\"read-more\" href=\"https:\/\/escolapiosalcala.es\/ea_centro\/ea_blog\/centro\/aula-de-enlace\/\">Leer m\u00e1s<\/a><\/p>\n","protected":false},"author":1,"featured_media":0,"parent":0,"menu_order":0,"comment_status":"closed","ping_status":"closed","template":"","meta":[],"_links":{"self":[{"href":"https:\/\/escolapiosalcala.es\/ea_centro\/ea_blog\/centro\/wp-json\/wp\/v2\/pages\/5798"}],"collection":[{"href":"https:\/\/escolapiosalcala.es\/ea_centro\/ea_blog\/centro\/wp-json\/wp\/v2\/pages"}],"about":[{"href":"https:\/\/escolapiosalcala.es\/ea_centro\/ea_blog\/centro\/wp-json\/wp\/v2\/types\/page"}],"author":[{"embeddable":true,"href":"https:\/\/escolapiosalcala.es\/ea_centro\/ea_blog\/centro\/wp-json\/wp\/v2\/users\/1"}],"replies":[{"embeddable":true,"href":"https:\/\/escolapiosalcala.es\/ea_centro\/ea_blog\/centro\/wp-json\/wp\/v2\/comments?post=5798"}],"version-history":[{"count":38,"href":"https:\/\/escolapiosalcala.es\/ea_centro\/ea_blog\/centro\/wp-json\/wp\/v2\/pages\/5798\/revisions"}],"predecessor-version":[{"id":7811,"href":"https:\/\/escolapiosalcala.es\/ea_centro\/ea_blog\/centro\/wp-json\/wp\/v2\/pages\/5798\/revisions\/7811"}],"wp:attachment":[{"href":"https:\/\/escolapiosalcala.es\/ea_centro\/ea_blog\/centro\/wp-json\/wp\/v2\/media?parent=5798"}],"curies":[{"name":"wp","href":"https:\/\/api.w.org\/{rel}","templated":true}]}}