{"id":5700,"date":"2021-02-24T17:08:30","date_gmt":"2021-02-24T17:08:30","guid":{"rendered":"http:\/\/escolapiosalcala.es\/ea_centro\/ea_blog\/centro\/?page_id=5700"},"modified":"2026-01-19T18:46:12","modified_gmt":"2026-01-19T17:46:12","slug":"puertas-abiertas-virtual-doe","status":"publish","type":"page","link":"https:\/\/escolapiosalcala.es\/ea_centro\/ea_blog\/centro\/puertas-abiertas-virtual-doe\/","title":{"rendered":"Puertas abiertas virtual DOE"},"content":{"rendered":"\n<h3 class=\"wp-block-heading\">DEPARTAMENTO DE ORIENTACI\u00d3N EDUCATIVA (DOE)<\/h3>\n\n\n\n<p>Gracias por visitarnos en estas puertas abiertas virtuales, esperamos que le guste esta peque\u00f1a muestra de nuestro trabajo diario<\/p>\n\n\n\n<figure class=\"wp-block-embed is-type-video is-provider-youtube wp-block-embed-youtube wp-embed-aspect-16-9 wp-has-aspect-ratio\"><div class=\"wp-block-embed__wrapper\">\n<div class='embed-container'><iframe loading=\"lazy\" title=\"Departamento de Orientaci\u00f3n Escuelas P\u00edas Alcal\u00e1 2023-24\" width=\"1920\" height=\"1080\" src=\"https:\/\/www.youtube.com\/embed\/ENEPI7fHeIc?feature=oembed\" frameborder=\"0\" allow=\"accelerometer; autoplay; clipboard-write; encrypted-media; gyroscope; picture-in-picture; web-share\" allowfullscreen><\/iframe><\/div>\n<\/div><\/figure>\n\n\n\n<p><\/p>\n\n\n\n<p> Si tienes cualquier duda, nos la puedes hacer llegar a trav\u00e9s de este <a rel=\"noreferrer noopener\" href=\"http:\/\/escolapiosalcala.es\/ea_centro\/ea_blog\/centro\/puertas-abiertas-virtual-formulario-de-contacto\/\" target=\"_blank\">formulario de contacto<\/a> <\/p>\n","protected":false},"excerpt":{"rendered":"<p>DEPARTAMENTO DE ORIENTACI\u00d3N EDUCATIVA (DOE) Gracias por visitarnos en estas puertas abiertas virtuales, esperamos que le guste esta peque\u00f1a muestra de nuestro trabajo diario Si tienes cualquier duda, nos la puedes hacer llegar a trav\u00e9s de este formulario de contacto<\/p>\n","protected":false},"author":1,"featured_media":0,"parent":0,"menu_order":0,"comment_status":"closed","ping_status":"closed","template":"","meta":[],"_links":{"self":[{"href":"https:\/\/escolapiosalcala.es\/ea_centro\/ea_blog\/centro\/wp-json\/wp\/v2\/pages\/5700"}],"collection":[{"href":"https:\/\/escolapiosalcala.es\/ea_centro\/ea_blog\/centro\/wp-json\/wp\/v2\/pages"}],"about":[{"href":"https:\/\/escolapiosalcala.es\/ea_centro\/ea_blog\/centro\/wp-json\/wp\/v2\/types\/page"}],"author":[{"embeddable":true,"href":"https:\/\/escolapiosalcala.es\/ea_centro\/ea_blog\/centro\/wp-json\/wp\/v2\/users\/1"}],"replies":[{"embeddable":true,"href":"https:\/\/escolapiosalcala.es\/ea_centro\/ea_blog\/centro\/wp-json\/wp\/v2\/comments?post=5700"}],"version-history":[{"count":10,"href":"https:\/\/escolapiosalcala.es\/ea_centro\/ea_blog\/centro\/wp-json\/wp\/v2\/pages\/5700\/revisions"}],"predecessor-version":[{"id":10381,"href":"https:\/\/escolapiosalcala.es\/ea_centro\/ea_blog\/centro\/wp-json\/wp\/v2\/pages\/5700\/revisions\/10381"}],"wp:attachment":[{"href":"https:\/\/escolapiosalcala.es\/ea_centro\/ea_blog\/centro\/wp-json\/wp\/v2\/media?parent=5700"}],"curies":[{"name":"wp","href":"https:\/\/api.w.org\/{rel}","templated":true}]}}