{"id":5664,"date":"2021-02-23T20:17:35","date_gmt":"2021-02-23T20:17:35","guid":{"rendered":"http:\/\/escolapiosalcala.es\/ea_centro\/ea_blog\/centro\/?page_id=5664"},"modified":"2023-03-09T16:43:19","modified_gmt":"2023-03-09T16:43:19","slug":"puertas-abiertas-virtual-aulas-teas","status":"publish","type":"page","link":"https:\/\/escolapiosalcala.es\/ea_centro\/ea_blog\/centro\/puertas-abiertas-virtual-aulas-teas\/","title":{"rendered":"Puertas abiertas virtual AULAS TEAS"},"content":{"rendered":"\n<div class=\"wp-block-columns is-layout-flex wp-container-3\">\n<div class=\"wp-block-column is-layout-flow\">\n<p><h3>INFANTIL Y PRIMARIA<\/h3><\/p>\n\n\n\n<figure class=\"wp-block-embed is-type-video is-provider-youtube wp-block-embed-youtube wp-embed-aspect-16-9 wp-has-aspect-ratio\"><div class=\"wp-block-embed__wrapper\">\n<div class='embed-container'><iframe loading=\"lazy\" title=\"Aula Pompas\" width=\"1920\" height=\"1080\" src=\"https:\/\/www.youtube.com\/embed\/moJcYn2Ph9s?feature=oembed\" frameborder=\"0\" allow=\"accelerometer; autoplay; clipboard-write; encrypted-media; gyroscope; picture-in-picture\" allowfullscreen><\/iframe><\/div>\n<\/div><\/figure>\n<\/div>\n\n\n\n<div class=\"wp-block-column is-layout-flow\">\n<p><h3>SECUNDARIA<\/h3><\/p>\n\n\n\n<figure class=\"wp-block-embed is-type-video is-provider-youtube wp-block-embed-youtube wp-embed-aspect-4-3 wp-has-aspect-ratio\"><div class=\"wp-block-embed__wrapper\">\n<div class='embed-container'><iframe loading=\"lazy\" title=\"AULA CORAZ\u00d3N ESCUELAS P\u00cdAS ALCAL\u00c1\" width=\"1920\" height=\"1080\" src=\"https:\/\/www.youtube.com\/embed\/yt91f0F7pQs?feature=oembed\" frameborder=\"0\" allow=\"accelerometer; autoplay; clipboard-write; encrypted-media; gyroscope; picture-in-picture; web-share\" allowfullscreen><\/iframe><\/div>\n<\/div><\/figure>\n<\/div>\n<\/div>\n\n\n\n<p>Si tienes cualquier duda, nos la puedes hacer llegar a trav\u00e9s de este <a rel=\"noreferrer noopener\" href=\"http:\/\/escolapiosalcala.es\/ea_centro\/ea_blog\/centro\/puertas-abiertas-virtual-formulario-de-contacto\/\" target=\"_blank\">formulario de contacto<\/a><\/p>\n","protected":false},"excerpt":{"rendered":"<p>INFANTIL Y PRIMARIA SECUNDARIA Si tienes cualquier duda, nos la puedes hacer llegar a trav\u00e9s de este formulario de contacto<\/p>\n","protected":false},"author":1,"featured_media":0,"parent":0,"menu_order":0,"comment_status":"closed","ping_status":"closed","template":"","meta":[],"_links":{"self":[{"href":"https:\/\/escolapiosalcala.es\/ea_centro\/ea_blog\/centro\/wp-json\/wp\/v2\/pages\/5664"}],"collection":[{"href":"https:\/\/escolapiosalcala.es\/ea_centro\/ea_blog\/centro\/wp-json\/wp\/v2\/pages"}],"about":[{"href":"https:\/\/escolapiosalcala.es\/ea_centro\/ea_blog\/centro\/wp-json\/wp\/v2\/types\/page"}],"author":[{"embeddable":true,"href":"https:\/\/escolapiosalcala.es\/ea_centro\/ea_blog\/centro\/wp-json\/wp\/v2\/users\/1"}],"replies":[{"embeddable":true,"href":"https:\/\/escolapiosalcala.es\/ea_centro\/ea_blog\/centro\/wp-json\/wp\/v2\/comments?post=5664"}],"version-history":[{"count":11,"href":"https:\/\/escolapiosalcala.es\/ea_centro\/ea_blog\/centro\/wp-json\/wp\/v2\/pages\/5664\/revisions"}],"predecessor-version":[{"id":7874,"href":"https:\/\/escolapiosalcala.es\/ea_centro\/ea_blog\/centro\/wp-json\/wp\/v2\/pages\/5664\/revisions\/7874"}],"wp:attachment":[{"href":"https:\/\/escolapiosalcala.es\/ea_centro\/ea_blog\/centro\/wp-json\/wp\/v2\/media?parent=5664"}],"curies":[{"name":"wp","href":"https:\/\/api.w.org\/{rel}","templated":true}]}}