{"id":51,"date":"2016-01-26T10:45:56","date_gmt":"2016-01-26T10:45:56","guid":{"rendered":"http:\/\/escolapiosalcala.es\/ea_centro\/ea_blog\/centro\/?page_id=51"},"modified":"2025-07-09T11:03:37","modified_gmt":"2025-07-09T10:03:37","slug":"enfermeria","status":"publish","type":"page","link":"https:\/\/escolapiosalcala.es\/ea_centro\/ea_blog\/centro\/enfermeria\/","title":{"rendered":"Servicio de Enfermer\u00eda"},"content":{"rendered":"<p style=\"text-align: justify;\" align=\"justify\"><img decoding=\"async\" loading=\"lazy\" class=\"aligncenter wp-image-891\" src=\"https:\/\/escolapiosalcala.es\/ea_centro\/ea_blog\/centro\/wp-content\/uploads\/2024\/02\/DSC0166.jpg\" alt=\"enfermeria_h\" width=\"965\" height=\"404\" \/><\/p>\n<p style=\"text-align: justify;\" align=\"justify\">Correo electr\u00f3nico del Departamento de Enfermer\u00eda Escolar: <a href=\"mailto:enfermeria.alcala@redvitalsalud.com\">enfermeria.alcala@redvitalsalud.com<\/a><\/p>\n<p style=\"text-align: justify;\" align=\"justify\">El Colegio Escuelas P\u00edas Alcal\u00e1 de Henares cuenta con un Departamento de Enfermer\u00eda Escolar gestionado por la empresa <a href=\"https:\/\/www.enfermeria.redvitalsalud.com\/\" target=\"_blank\" rel=\"noopener\">REDVITAL SALUD<\/a>.<\/p>\n<p style=\"text-align: justify;\" align=\"justify\">Tenemos una Enfermera Escolar durante todo el horario lectivo que cuida de nuestros ni\u00f1os y ni\u00f1as diariamente, proporcionando un referente de salud y una actuaci\u00f3n inmediata en el momento en que ellos lo necesiten.<\/p>\n<p style=\"text-align: justify;\" align=\"justify\">La Enfermera Escolar estar\u00e1 disponible para atender vuestras consultas diarias e informaros de manera continuada sobre cualquier incidencia de salud que le ocurra a vuestros hijos.<\/p>\n<p style=\"text-align: justify;\" align=\"justify\">Para ello, el colegio cuenta con una Enfermer\u00eda totalmente equipada de todo lo necesario para atender las necesidades sanitarias que puedan tener los alumnos dentro del colegio.<\/p>\n<p style=\"text-align: justify;\" align=\"justify\">Este departamento tiene como objetivo principal mejorar el nivel de salud en la escuela, as\u00ed como conciliar la vida laboral de los padres y madres de los alumnos.<\/p>\n<p style=\"text-align: justify;\" align=\"justify\">Las funciones del Departamento de Enfermer\u00eda Escolar son las siguientes:<\/p>\n<ul style=\"text-align: justify;\">\n<li>\n<p align=\"justify\">Proporcionar los primeros cuidados sanitarios en caso de malestar o accidente, garantizando un lugar adecuado hasta que se resuelva la situaci\u00f3n y siempre con acompa\u00f1amiento de su enfermera.<\/p>\n<\/li>\n<li>\n<p align=\"justify\">Si en alg\u00fan momento necesit\u00e1is que a vuestro hijo\/a se le administre medicaci\u00f3n, la enfermera se encargar\u00e1 de la gesti\u00f3n del medicamento as\u00ed como de su administraci\u00f3n, siempre previa autorizaci\u00f3n.<\/p>\n<\/li>\n<li>\n<p align=\"justify\">Cuidados sanitarios al alumnado con alg\u00fan tipo de patolog\u00eda o que precisen seguimiento y atenci\u00f3n continuada.<\/p>\n<\/li>\n<li>\n<p align=\"justify\">Prevenir y detectar problemas de salud m\u00e1s prevalentes en la educaci\u00f3n escolar.<\/p>\n<\/li>\n<li>\n<p align=\"justify\">Atenci\u00f3n y asesoramiento a padres\/madres en temas de salud.<\/p>\n<\/li>\n<li>\n<p align=\"justify\">Apoyo y formaci\u00f3n en salud al profesorado<\/p>\n<\/li>\n<li>\n<p align=\"justify\">Promoci\u00f3n y educaci\u00f3n para la salud y adquisici\u00f3n de h\u00e1bitos saludables.<\/p>\n<\/li>\n<\/ul>\n<p><strong>Precio:<\/strong> 64,00 \u20ac\/a\u00f1o.<\/p>\n<p style=\"text-align: justify;\"><a href=\"https:\/\/www.enfermeria.redvitalsalud.com\/\" target=\"_blank\" rel=\"noopener\"><img decoding=\"async\" loading=\"lazy\" class=\"aligncenter wp-image-404 size-full\" src=\"http:\/\/escolapiosalcala.es\/ea_centro\/ea_blog\/centro\/wp-content\/uploads\/2016\/01\/redvital.png\" alt=\"redvital\" width=\"369\" height=\"137\" srcset=\"https:\/\/escolapiosalcala.es\/ea_centro\/ea_blog\/centro\/wp-content\/uploads\/2016\/01\/redvital.png 369w, https:\/\/escolapiosalcala.es\/ea_centro\/ea_blog\/centro\/wp-content\/uploads\/2016\/01\/redvital-300x111.png 300w\" sizes=\"(max-width: 369px) 100vw, 369px\" \/><\/a><\/p>\n<h3><a href=\"https:\/\/escolapiosalcala.es\/ea_centro\/ea_blog\/centro\/wp-content\/uploads\/2024\/01\/ESCUELAS-PIAS_ENFERMERIA-GUIA-FAMILIAS.pdf\" target=\"_blank\" rel=\"noopener noreferrer\"><img decoding=\"async\" src=\"http:\/\/escolapiosalcala.es\/ea_centro\/ea_blog\/centro\/wp-content\/uploads\/2020\/05\/PDF-icono.png\" align=\"bottom\" \/><\/a> <a href=\"https:\/\/escolapiosalcala.es\/ea_centro\/ea_blog\/centro\/wp-content\/uploads\/2024\/01\/ESCUELAS-PIAS_ENFERMERIA-GUIA-FAMILIAS.pdf\" target=\"_blank\" rel=\"noopener noreferrer\">Gu\u00eda Enfermer\u00eda para Familias<\/a><\/h3>\n","protected":false},"excerpt":{"rendered":"<p>Correo electr\u00f3nico del Departamento de Enfermer\u00eda Escolar: enfermeria.alcala@redvitalsalud.com El Colegio Escuelas P\u00edas Alcal\u00e1 de Henares cuenta con un Departamento de Enfermer\u00eda Escolar gestionado por la empresa REDVITAL SALUD. Tenemos una Enfermera Escolar durante todo el horario lectivo que cuida de nuestros ni\u00f1os y ni\u00f1as diariamente, proporcionando un referente de salud y una actuaci\u00f3n inmediata en&hellip; <br \/> <a class=\"read-more\" href=\"https:\/\/escolapiosalcala.es\/ea_centro\/ea_blog\/centro\/enfermeria\/\">Leer m\u00e1s<\/a><\/p>\n","protected":false},"author":1,"featured_media":0,"parent":0,"menu_order":0,"comment_status":"closed","ping_status":"closed","template":"","meta":[],"_links":{"self":[{"href":"https:\/\/escolapiosalcala.es\/ea_centro\/ea_blog\/centro\/wp-json\/wp\/v2\/pages\/51"}],"collection":[{"href":"https:\/\/escolapiosalcala.es\/ea_centro\/ea_blog\/centro\/wp-json\/wp\/v2\/pages"}],"about":[{"href":"https:\/\/escolapiosalcala.es\/ea_centro\/ea_blog\/centro\/wp-json\/wp\/v2\/types\/page"}],"author":[{"embeddable":true,"href":"https:\/\/escolapiosalcala.es\/ea_centro\/ea_blog\/centro\/wp-json\/wp\/v2\/users\/1"}],"replies":[{"embeddable":true,"href":"https:\/\/escolapiosalcala.es\/ea_centro\/ea_blog\/centro\/wp-json\/wp\/v2\/comments?post=51"}],"version-history":[{"count":20,"href":"https:\/\/escolapiosalcala.es\/ea_centro\/ea_blog\/centro\/wp-json\/wp\/v2\/pages\/51\/revisions"}],"predecessor-version":[{"id":10057,"href":"https:\/\/escolapiosalcala.es\/ea_centro\/ea_blog\/centro\/wp-json\/wp\/v2\/pages\/51\/revisions\/10057"}],"wp:attachment":[{"href":"https:\/\/escolapiosalcala.es\/ea_centro\/ea_blog\/centro\/wp-json\/wp\/v2\/media?parent=51"}],"curies":[{"name":"wp","href":"https:\/\/api.w.org\/{rel}","templated":true}]}}