{"id":4982,"date":"2020-06-02T07:05:34","date_gmt":"2020-06-02T07:05:34","guid":{"rendered":"http:\/\/escolapiosalcala.es\/ea_centro\/ea_blog\/centro\/?page_id=4982"},"modified":"2021-02-23T20:09:48","modified_gmt":"2021-02-23T20:09:48","slug":"puertas-abiertas-virtual-actividades-extraescolares","status":"publish","type":"page","link":"https:\/\/escolapiosalcala.es\/ea_centro\/ea_blog\/centro\/puertas-abiertas-virtual-actividades-extraescolares\/","title":{"rendered":"Puertas abiertas virtual Actividades extraescolares"},"content":{"rendered":"\n<h3 class=\"wp-block-heading\">ACTIVIDADES EXTRAESCOLARES<\/h3>\n\n\n\n<p>Desde el centro se oferta un amplio abanico de actividades extraescolares, entre ellas podemos destacar rob\u00f3tica, ajedrez y ense\u00f1anza de idiomas. <\/p>\n\n\n\n<figure class=\"wp-block-embed-youtube wp-block-embed is-type-video is-provider-youtube wp-embed-aspect-16-9 wp-has-aspect-ratio\"><div class=\"wp-block-embed__wrapper\">\n<div class='embed-container'><iframe loading=\"lazy\" title=\"ACTIVIDADES EXTRAESCOLARES - AJEDREZ Y ROBOTICA - PUERTAS ABIERTAS VIRTUALES\" width=\"1920\" height=\"1080\" src=\"https:\/\/www.youtube.com\/embed\/toHgiwlUSaA?feature=oembed\" frameborder=\"0\" allow=\"accelerometer; autoplay; encrypted-media; gyroscope; picture-in-picture\" allowfullscreen><\/iframe><\/div>\n<\/div><\/figure>\n\n\n\n<figure class=\"wp-block-embed-youtube wp-block-embed is-type-video is-provider-youtube wp-embed-aspect-16-9 wp-has-aspect-ratio\"><div class=\"wp-block-embed__wrapper\">\n<div class='embed-container'><iframe loading=\"lazy\" title=\"ACTIVIDADES EXTRAESCOLARES - IDIOMAS - PUERTAS ABIERTAS VIRTUALES\" width=\"1920\" height=\"1080\" src=\"https:\/\/www.youtube.com\/embed\/u3Nb926Yn_s?feature=oembed\" frameborder=\"0\" allow=\"accelerometer; autoplay; encrypted-media; gyroscope; picture-in-picture\" allowfullscreen><\/iframe><\/div>\n<\/div><\/figure>\n\n\n\n<div style=\"height:20px\" aria-hidden=\"true\" class=\"wp-block-spacer\"><\/div>\n\n\n<p>Si tienes cualquier duda, nos la puedes hacer llegar a trav\u00e9s de este <a href=\"http:\/\/escolapiosalcala.es\/ea_centro\/ea_blog\/centro\/puertas-abiertas-virtual-formulario-de-contacto\/\" target=\"_blank\" rel=\"noopener noreferrer\">formulario de contacto<\/a><\/p>","protected":false},"excerpt":{"rendered":"<p>ACTIVIDADES EXTRAESCOLARES Desde el centro se oferta un amplio abanico de actividades extraescolares, entre ellas podemos destacar rob\u00f3tica, ajedrez y ense\u00f1anza de idiomas. Si tienes cualquier duda, nos la puedes hacer llegar a trav\u00e9s de este formulario de contacto<\/p>\n","protected":false},"author":1,"featured_media":0,"parent":0,"menu_order":0,"comment_status":"closed","ping_status":"closed","template":"","meta":[],"_links":{"self":[{"href":"https:\/\/escolapiosalcala.es\/ea_centro\/ea_blog\/centro\/wp-json\/wp\/v2\/pages\/4982"}],"collection":[{"href":"https:\/\/escolapiosalcala.es\/ea_centro\/ea_blog\/centro\/wp-json\/wp\/v2\/pages"}],"about":[{"href":"https:\/\/escolapiosalcala.es\/ea_centro\/ea_blog\/centro\/wp-json\/wp\/v2\/types\/page"}],"author":[{"embeddable":true,"href":"https:\/\/escolapiosalcala.es\/ea_centro\/ea_blog\/centro\/wp-json\/wp\/v2\/users\/1"}],"replies":[{"embeddable":true,"href":"https:\/\/escolapiosalcala.es\/ea_centro\/ea_blog\/centro\/wp-json\/wp\/v2\/comments?post=4982"}],"version-history":[{"count":5,"href":"https:\/\/escolapiosalcala.es\/ea_centro\/ea_blog\/centro\/wp-json\/wp\/v2\/pages\/4982\/revisions"}],"predecessor-version":[{"id":5654,"href":"https:\/\/escolapiosalcala.es\/ea_centro\/ea_blog\/centro\/wp-json\/wp\/v2\/pages\/4982\/revisions\/5654"}],"wp:attachment":[{"href":"https:\/\/escolapiosalcala.es\/ea_centro\/ea_blog\/centro\/wp-json\/wp\/v2\/media?parent=4982"}],"curies":[{"name":"wp","href":"https:\/\/api.w.org\/{rel}","templated":true}]}}