{"id":4957,"date":"2020-05-18T08:07:38","date_gmt":"2020-05-18T08:07:38","guid":{"rendered":"http:\/\/escolapiosalcala.es\/ea_centro\/ea_blog\/centro\/?page_id=4957"},"modified":"2021-02-23T20:08:49","modified_gmt":"2021-02-23T20:08:49","slug":"puertas-abiertas-virtual-cdc-escolapios-alcala","status":"publish","type":"page","link":"https:\/\/escolapiosalcala.es\/ea_centro\/ea_blog\/centro\/puertas-abiertas-virtual-cdc-escolapios-alcala\/","title":{"rendered":"Puertas abiertas virtual CDC Escolapios Alcal\u00e1"},"content":{"rendered":"\n<h3 class=\"wp-block-heading\">CDC ESCOLAPIOS ALCAL\u00c1<\/h3>\n\n\n\n<p>Gracias por visitarnos en estas puertas abiertas virtuales 2021, esperamos que le guste esta peque\u00f1a muestra de nuestro trabajo diario<\/p>\n\n\n\n<figure class=\"wp-block-embed-youtube wp-block-embed is-type-video is-provider-youtube wp-embed-aspect-16-9 wp-has-aspect-ratio\"><div class=\"wp-block-embed__wrapper\">\n<div class='embed-container'><iframe loading=\"lazy\" title=\"CDC Escolapios Alcal\u00e1. Puertas Abiertas Virtuales 2020\" width=\"1920\" height=\"1080\" src=\"https:\/\/www.youtube.com\/embed\/uUkF_uR13Ak?feature=oembed\" frameborder=\"0\" allow=\"accelerometer; autoplay; clipboard-write; encrypted-media; gyroscope; picture-in-picture\" allowfullscreen><\/iframe><\/div>\n<\/div><\/figure>\n\n\n\n<p>Si tienes cualquier duda, nos la puedes hacer llegar a trav\u00e9s de este <a rel=\"noreferrer noopener\" href=\"http:\/\/escolapiosalcala.es\/ea_centro\/ea_blog\/centro\/puertas-abiertas-virtual-formulario-de-contacto\/\" target=\"_blank\">formulario de contacto<\/a><\/p>\n","protected":false},"excerpt":{"rendered":"<p>CDC ESCOLAPIOS ALCAL\u00c1 Gracias por visitarnos en estas puertas abiertas virtuales 2021, esperamos que le guste esta peque\u00f1a muestra de nuestro trabajo diario Si tienes cualquier duda, nos la puedes hacer llegar a trav\u00e9s de este formulario de contacto<\/p>\n","protected":false},"author":1,"featured_media":0,"parent":0,"menu_order":0,"comment_status":"closed","ping_status":"closed","template":"","meta":[],"_links":{"self":[{"href":"https:\/\/escolapiosalcala.es\/ea_centro\/ea_blog\/centro\/wp-json\/wp\/v2\/pages\/4957"}],"collection":[{"href":"https:\/\/escolapiosalcala.es\/ea_centro\/ea_blog\/centro\/wp-json\/wp\/v2\/pages"}],"about":[{"href":"https:\/\/escolapiosalcala.es\/ea_centro\/ea_blog\/centro\/wp-json\/wp\/v2\/types\/page"}],"author":[{"embeddable":true,"href":"https:\/\/escolapiosalcala.es\/ea_centro\/ea_blog\/centro\/wp-json\/wp\/v2\/users\/1"}],"replies":[{"embeddable":true,"href":"https:\/\/escolapiosalcala.es\/ea_centro\/ea_blog\/centro\/wp-json\/wp\/v2\/comments?post=4957"}],"version-history":[{"count":6,"href":"https:\/\/escolapiosalcala.es\/ea_centro\/ea_blog\/centro\/wp-json\/wp\/v2\/pages\/4957\/revisions"}],"predecessor-version":[{"id":5653,"href":"https:\/\/escolapiosalcala.es\/ea_centro\/ea_blog\/centro\/wp-json\/wp\/v2\/pages\/4957\/revisions\/5653"}],"wp:attachment":[{"href":"https:\/\/escolapiosalcala.es\/ea_centro\/ea_blog\/centro\/wp-json\/wp\/v2\/media?parent=4957"}],"curies":[{"name":"wp","href":"https:\/\/api.w.org\/{rel}","templated":true}]}}