{"id":47,"date":"2016-01-26T10:45:35","date_gmt":"2016-01-26T10:45:35","guid":{"rendered":"http:\/\/escolapiosalcala.es\/ea_centro\/ea_blog\/centro\/?page_id=47"},"modified":"2026-04-28T11:38:49","modified_gmt":"2026-04-28T10:38:49","slug":"comedor","status":"publish","type":"page","link":"https:\/\/escolapiosalcala.es\/ea_centro\/ea_blog\/centro\/comedor\/","title":{"rendered":"Comedor"},"content":{"rendered":"<p><a href=\"http:\/\/escolapiosalcala.es\/ea_centro\/ea_blog\/centro\/wp-content\/uploads\/2019\/02\/diptico-y-web_desayuno-y-comedor-91.jpg\"><img decoding=\"async\" loading=\"lazy\" class=\"aligncenter wp-image-3426\" src=\"http:\/\/escolapiosalcala.es\/ea_centro\/ea_blog\/centro\/wp-content\/uploads\/2019\/02\/diptico-y-web_desayuno-y-comedor-91-300x201.jpg\" alt=\"\" width=\"892\" height=\"597\" srcset=\"https:\/\/escolapiosalcala.es\/ea_centro\/ea_blog\/centro\/wp-content\/uploads\/2019\/02\/diptico-y-web_desayuno-y-comedor-91-300x201.jpg 300w, https:\/\/escolapiosalcala.es\/ea_centro\/ea_blog\/centro\/wp-content\/uploads\/2019\/02\/diptico-y-web_desayuno-y-comedor-91-768x514.jpg 768w, https:\/\/escolapiosalcala.es\/ea_centro\/ea_blog\/centro\/wp-content\/uploads\/2019\/02\/diptico-y-web_desayuno-y-comedor-91-1024x685.jpg 1024w, https:\/\/escolapiosalcala.es\/ea_centro\/ea_blog\/centro\/wp-content\/uploads\/2019\/02\/diptico-y-web_desayuno-y-comedor-91-1613x1080.jpg 1613w\" sizes=\"(max-width: 892px) 100vw, 892px\" \/><\/a><\/p>\n<p>Todas las actividades complementarias, extraescolares y servicios escolares del centro responden a estos tres criterios:<\/p>\n<ul>\n<li style=\"list-style-type: none;\">\n<ul>\n<li><strong>Voluntariedad<\/strong><\/li>\n<li><strong>No lucratividad<\/strong><\/li>\n<li><strong>No discriminatorio<\/strong><\/li>\n<\/ul>\n<\/li>\n<\/ul>\n<div class=\"all-columns\">\n<div class=\"two-third first\">\n<p>El servicio de comedor escolar del Colegio cuenta con:<\/p>\n<ul>\n<li>Cocina propia<\/li>\n<li>Men\u00fas equilibrados<\/li>\n<li>Personal cualificado de cocina y comedor<\/li>\n<\/ul>\n<p>Para llevar este servicio el centro ha depositado su confianza en la empresa MAWERSA.<\/p>\n<\/div>\n<div class=\"one-third\">\n<h1 align=\"justify\"><img decoding=\"async\" loading=\"lazy\" class=\"wp-image-391 alignleft\" src=\"http:\/\/escolapiosalcala.es\/ea_centro\/ea_blog\/centro\/wp-content\/uploads\/2016\/01\/mawersa.jpg\" alt=\"mawersa\" width=\"182\" height=\"159\"><\/h1>\n<\/div>\n<\/div>\n<h2><span style=\"font-family: Helvetica,serif;\"><span style=\"font-size: x-large;\">Horario de comidas<\/span><\/span><\/h2>\n<ul>\n<li>PRIMER TURNO &#8211; 12:50 &#8211; Infantil, 1\u00ba, 2\u00ba y 3\u00ba de Primaria.<\/li>\n<li>SEGUNDO TURNO &#8211; 14:00 &#8211; 4\u00ba, 5\u00ba y 6\u00ba de Primaria.<\/li>\n<li>TERCER TURNO &#8211; 14:30 &#8211; ESO excepto el VIERNES que ser\u00e1 a las 15:00 horas.<\/li>\n<\/ul>\n<p>Durante las 2.2 horas de duraci\u00f3n diaria del servicio de comedor, el alumnado est\u00e1 acompa\u00f1ado por cuidadoras cualificadas.<\/p>\n<p><strong>Precio mensual:<\/strong> 130 \u20ac.<br><strong>Ticket diario comedor:<\/strong> 9,50 \u20ac<\/p>\n<div id=\"team-2\" class=\"team-2 content-section content-section-spacing\" style=\"background-color: #ffffff; background-image: none;\" data-label=\"Team\" data-id=\"team-2\" data-export-id=\"team-2\" data-category=\"team\">\n<div class=\"gridContainer\">\n<div class=\"row text-center\">\n<div class=\"section-title-col\" data-type=\"column\">\n<h2 class=\"\">Hoy comemos\u2026<\/h2>\n<\/div>\n<\/div>\n<div class=\"row spaced-cols content-center-sm\" data-type=\"row\">\n<div class=\"col-sm-6 col-md-3\">\n<div class=\"card y-move no-padding bordered\">\n<p><img loading=\"lazy\" decoding=\"async\" class=\"aligncenter size-full wp-image-8335\" src=\"https:\/\/escolapiosalcala.es\/ea_centro\/ea_blog\/centro\/wp-content\/uploads\/2026\/04\/IMG-20260428-WA0002.jpg\" alt=\"\" width=\"1536\" height=\"2048\"><\/p>\n<div class=\"col-padding-small col-padding-small-xs description-container\" data-type=\"column\">\n<h4 class=\"font-500\"><strong>28 abril<\/strong><\/h4>\n<\/div>\n<\/div>\n<\/div>\n<div class=\"col-sm-6 col-md-3\">\n<div class=\"card y-move no-padding bordered\">\n<p><img loading=\"lazy\" decoding=\"async\" class=\"aligncenter size-full wp-image-8335\" src=\"https:\/\/escolapiosalcala.es\/ea_centro\/ea_blog\/centro\/wp-content\/uploads\/2026\/04\/IMG-20260427-WA0000.jpg\" alt=\"\" width=\"1536\" height=\"2048\"><\/p>\n<div class=\"col-padding-small col-padding-small-xs description-container\" data-type=\"column\">\n<h4 class=\"font-500\"><strong>27 abril<\/strong><\/h4>\n<\/div>\n<\/div>\n<\/div>\n<div class=\"col-sm-6 col-md-3\">\n<div class=\"card y-move no-padding bordered\">\n<p><img loading=\"lazy\" decoding=\"async\" class=\"aligncenter size-full wp-image-8335\" src=\"https:\/\/escolapiosalcala.es\/ea_centro\/ea_blog\/centro\/wp-content\/uploads\/2026\/04\/IMG-20260424-WA0000.jpg\" alt=\"\" width=\"1536\" height=\"2048\"><\/p>\n<div class=\"col-padding-small col-padding-small-xs description-container\" data-type=\"column\">\n<h4 class=\"font-500\"><strong>24 abril<\/strong><\/h4>\n<\/div>\n<\/div>\n<\/div>\n<div class=\"col-sm-6 col-md-3\">\n<div class=\"card y-move no-padding bordered\">\n<p><img loading=\"lazy\" decoding=\"async\" class=\"aligncenter size-full wp-image-8335\" src=\"https:\/\/escolapiosalcala.es\/ea_centro\/ea_blog\/centro\/wp-content\/uploads\/2026\/04\/IMG-20260423-WA0000.jpg\" alt=\"\" width=\"1536\" height=\"2048\"><\/p>\n<div class=\"col-padding-small col-padding-small-xs description-container\" data-type=\"column\">\n<h4 class=\"font-500\"><strong>23 abril<\/strong><\/h4>\n<\/div>\n<\/div>\n<\/div>\n<\/div>\n<\/div>\n<\/div>\n<div id=\"iconospieicc-1\" class=\"clients-6 content-section content-section-spacing-small\" style=\"background-color: #ffffff;\" data-label=\"IconosPIE\" data-id=\"clients-4\" data-export-id=\"clients-4\" data-category=\"clients\">\n<div>\n<div class=\"gridContainer\">\n<div class=\"row\">\n<h2 data-type=\"column\">&nbsp;<\/h2>\n<h2 class=\"section-title-col\" data-type=\"column\">Men\u00fas del mes&#8230;<\/h2>\n<h2 class=\"section-title-col\" data-type=\"column\">&nbsp;<\/h2>\n<\/div>\n<\/div>\n<\/div>\n<\/div>\n\n\n<div style=\"height:60px\" aria-hidden=\"true\" class=\"wp-block-spacer\"><\/div>\n\n\n<div class=\"row spaced-cols middle-xs center-xs space-bottom center-sm content-center-sm\" data-type=\"row\">\n<div class=\"col-xs-6 col-sm-2\"><a class=\"\" href=\"http:\/\/escolapiosalcala.es\/ea_centro\/ea_blog\/centro\/wp-content\/uploads\/2026\/03\/MENU-ESCUELAS-PIAS-ALCALA-ABR-2026.pdf\" target=\"_blank\" rel=\"noopener noreferrer\"><img decoding=\"async\" loading=\"lazy\" class=\"alignnone\" src=\"http:\/\/escolapiosalcala.es\/ea_centro\/ea_blog\/centro\/wp-content\/uploads\/2018\/03\/abr.png\" alt=\"\" width=\"308\" height=\"297\"><\/a><\/div>\n<\/div>\n<div class=\"row spaced-cols middle-xs center-xs space-bottom center-sm content-center-sm\" data-type=\"row\">\n<div class=\"col-xs-6 col-sm-2\"><a href=\"http:\/\/escolapiosalcala.es\/ea_centro\/ea_blog\/centro\/wp-content\/uploads\/2026\/03\/MENU-SIN-LACTOSA-ABR-2026.pdf\" target=\"_blank\" rel=\"noopener noreferrer\"><img decoding=\"async\" loading=\"lazy\" class=\"aligncenter size-full wp-image-3738\" src=\"http:\/\/escolapiosalcala.es\/ea_centro\/ea_blog\/centro\/wp-content\/uploads\/2019\/04\/lactosa-1.png\" alt=\"\" width=\"249\" height=\"221\"><\/a><\/div>\n<div class=\"col-xs-6 col-sm-2\"><a href=\"http:\/\/escolapiosalcala.es\/ea_centro\/ea_blog\/centro\/wp-content\/uploads\/2026\/03\/MENU-SIN-GLUTEN-ABR-2026.pdf\" target=\"_blank\" rel=\"noopener noreferrer\"><img decoding=\"async\" loading=\"lazy\" class=\"aligncenter wp-image-3745\" src=\"http:\/\/escolapiosalcala.es\/ea_centro\/ea_blog\/centro\/wp-content\/uploads\/2019\/04\/gluten.png\" alt=\"\" width=\"249\" height=\"221\"><\/a><\/div>\n<div class=\"col-xs-6 col-sm-2\"><a class=\"\" href=\"http:\/\/escolapiosalcala.es\/ea_centro\/ea_blog\/centro\/wp-content\/uploads\/2026\/03\/MENU-SIN-FRUTOS-SECOS-ABR-2026.pdf\" target=\"_blank\" rel=\"noopener noreferrer\"><img decoding=\"async\" loading=\"lazy\" class=\"custom-image\" src=\"http:\/\/escolapiosalcala.es\/ea_centro\/ea_blog\/centro\/wp-content\/uploads\/2019\/04\/frutossecos.png\" alt=\"\" width=\"249\" height=\"221\"><\/a><\/div>\n<div class=\"col-xs-6 col-sm-2\"><a class=\"\" href=\"http:\/\/escolapiosalcala.es\/ea_centro\/ea_blog\/centro\/wp-content\/uploads\/2026\/03\/MENU-SIN-HUEVO-ABR-2026.pdf\" target=\"_blank\" rel=\"noopener noreferrer\"><img decoding=\"async\" loading=\"lazy\" class=\"custom-image\" src=\"http:\/\/escolapiosalcala.es\/ea_centro\/ea_blog\/centro\/wp-content\/uploads\/2019\/04\/huevo.png\" alt=\"\" width=\"249\" height=\"221\"><\/a><\/div>\n<div class=\"col-xs-6 col-sm-2\"><a class=\"\" href=\"http:\/\/escolapiosalcala.es\/ea_centro\/ea_blog\/centro\/wp-content\/uploads\/2026\/03\/MENU-SIN-PESCADO-ABR-2026.pdf\" target=\"_blank\" rel=\"noopener noreferrer\"><img decoding=\"async\" loading=\"lazy\" class=\"custom-image\" src=\"http:\/\/escolapiosalcala.es\/ea_centro\/ea_blog\/centro\/wp-content\/uploads\/2019\/04\/pescado.png\" alt=\"\" width=\"249\" height=\"221\"><\/a><\/div>\n<div class=\"col-xs-6 col-sm-2\"><a class=\"\" href=\"http:\/\/escolapiosalcala.es\/ea_centro\/ea_blog\/centro\/wp-content\/uploads\/2026\/03\/MENU-SIN-LEGUMBRES-ABR-2026.pdf\" target=\"_blank\" rel=\"noopener noreferrer\"><img decoding=\"async\" loading=\"lazy\" class=\"custom-image\" src=\"https:\/\/escolapiosalcala.es\/ea_centro\/ea_blog\/centro\/wp-content\/uploads\/2022\/09\/legumbres.png\" alt=\"\" width=\"249\" height=\"221\"><\/a><\/div>\n<\/div>\n\n<div class=\"wp-block-image\">\n<figure class=\"aligncenter size-large\"><a href=\"https:\/\/escolapiosalcala.es\/ea_centro\/ea_blog\/centro\/wp-content\/uploads\/2026\/01\/WEB-EMAIL-REAL-DECRETO-25-26.jpg\"><img decoding=\"async\" loading=\"lazy\" width=\"724\" height=\"1024\" src=\"https:\/\/escolapiosalcala.es\/ea_centro\/ea_blog\/centro\/wp-content\/uploads\/2026\/01\/WEB-EMAIL-REAL-DECRETO-25-26-724x1024.jpg\" alt=\"\" class=\"wp-image-10348\" srcset=\"https:\/\/escolapiosalcala.es\/ea_centro\/ea_blog\/centro\/wp-content\/uploads\/2026\/01\/WEB-EMAIL-REAL-DECRETO-25-26-724x1024.jpg 724w, https:\/\/escolapiosalcala.es\/ea_centro\/ea_blog\/centro\/wp-content\/uploads\/2026\/01\/WEB-EMAIL-REAL-DECRETO-25-26-212x300.jpg 212w, https:\/\/escolapiosalcala.es\/ea_centro\/ea_blog\/centro\/wp-content\/uploads\/2026\/01\/WEB-EMAIL-REAL-DECRETO-25-26-768x1086.jpg 768w, https:\/\/escolapiosalcala.es\/ea_centro\/ea_blog\/centro\/wp-content\/uploads\/2026\/01\/WEB-EMAIL-REAL-DECRETO-25-26-764x1080.jpg 764w, https:\/\/escolapiosalcala.es\/ea_centro\/ea_blog\/centro\/wp-content\/uploads\/2026\/01\/WEB-EMAIL-REAL-DECRETO-25-26.jpg 827w\" sizes=\"(max-width: 724px) 100vw, 724px\" \/><\/a><\/figure><\/div>","protected":false},"excerpt":{"rendered":"<p>Todas las actividades complementarias, extraescolares y servicios escolares del centro responden a estos tres criterios: Voluntariedad No lucratividad No discriminatorio El servicio de comedor escolar del Colegio cuenta con: Cocina propia Men\u00fas equilibrados Personal cualificado de cocina y comedor Para llevar este servicio el centro ha depositado su confianza en la empresa MAWERSA. Horario de&hellip; <br \/> <a class=\"read-more\" href=\"https:\/\/escolapiosalcala.es\/ea_centro\/ea_blog\/centro\/comedor\/\">Leer m\u00e1s<\/a><\/p>\n","protected":false},"author":1,"featured_media":0,"parent":0,"menu_order":0,"comment_status":"closed","ping_status":"closed","template":"","meta":[],"_links":{"self":[{"href":"https:\/\/escolapiosalcala.es\/ea_centro\/ea_blog\/centro\/wp-json\/wp\/v2\/pages\/47"}],"collection":[{"href":"https:\/\/escolapiosalcala.es\/ea_centro\/ea_blog\/centro\/wp-json\/wp\/v2\/pages"}],"about":[{"href":"https:\/\/escolapiosalcala.es\/ea_centro\/ea_blog\/centro\/wp-json\/wp\/v2\/types\/page"}],"author":[{"embeddable":true,"href":"https:\/\/escolapiosalcala.es\/ea_centro\/ea_blog\/centro\/wp-json\/wp\/v2\/users\/1"}],"replies":[{"embeddable":true,"href":"https:\/\/escolapiosalcala.es\/ea_centro\/ea_blog\/centro\/wp-json\/wp\/v2\/comments?post=47"}],"version-history":[{"count":2003,"href":"https:\/\/escolapiosalcala.es\/ea_centro\/ea_blog\/centro\/wp-json\/wp\/v2\/pages\/47\/revisions"}],"predecessor-version":[{"id":10687,"href":"https:\/\/escolapiosalcala.es\/ea_centro\/ea_blog\/centro\/wp-json\/wp\/v2\/pages\/47\/revisions\/10687"}],"wp:attachment":[{"href":"https:\/\/escolapiosalcala.es\/ea_centro\/ea_blog\/centro\/wp-json\/wp\/v2\/media?parent=47"}],"curies":[{"name":"wp","href":"https:\/\/api.w.org\/{rel}","templated":true}]}}