{"id":4635,"date":"2020-02-27T17:34:39","date_gmt":"2020-02-27T17:34:39","guid":{"rendered":"http:\/\/escolapiosalcala.es\/ea_centro\/ea_blog\/centro\/?page_id=4635"},"modified":"2020-02-28T16:15:05","modified_gmt":"2020-02-28T16:15:05","slug":"metodologia-singapur","status":"publish","type":"page","link":"https:\/\/escolapiosalcala.es\/ea_centro\/ea_blog\/centro\/metodologia-singapur\/","title":{"rendered":"Metodolog\u00eda Singapur"},"content":{"rendered":"\n<p>El m\u00e9todo matem\u00e1tico Singapur quiere que el alumno aprenda a pensar desde la resoluci\u00f3n de problemas matem\u00e1ticos, a la vez que desarrolla su creatividad y la competencia ling\u00fc\u00edstica. Lo hace acompa\u00f1ado de objetos cotidianos y elementos manipulativos, as\u00ed como en el\u00a0aprendizaje cooperativo. <\/p>\n\n\n\n<div class=\"wp-block-group\"><div class=\"wp-block-group__inner-container is-layout-flow\">\n<div class=\"wp-block-image\"><figure class=\"aligncenter size-large is-resized\"><img decoding=\"async\" loading=\"lazy\" src=\"http:\/\/escolapiosalcala.es\/ea_centro\/ea_blog\/centro\/wp-content\/uploads\/2020\/02\/foto-1-mates-singapur-1-1024x815.jpg\" alt=\"\" class=\"wp-image-4662\" width=\"574\" height=\"455\"\/><\/figure><\/div>\n<\/div><\/div>\n\n\n\n<div class=\"wp-block-group\"><div class=\"wp-block-group__inner-container is-layout-flow\">\n<p><\/p>\n<\/div><\/div>\n\n\n\n<p>La finalidad de\neste m\u00e9todo es que nuestros alumnos <strong>resuelvan problemas <\/strong>a los que no se\nhan enfrentado nunca, ya que en poco tiempo ser\u00e1n las m\u00e1quinas las que\nresuelvan las actividades m\u00e1s elementales.<\/p>\n\n\n\n<p>Lo que busca el propio m\u00e9todo es:<\/p>\n\n\n\n<p>&#8211; A trav\u00e9s del aprendizaje\nmatem\u00e1tico, alcanzar las competencias del siglo XXI.<\/p>\n\n\n\n<p>&#8211; Facilitar la comunicaci\u00f3n: saber escuchar, argumentar y\nexpresar ideas.<\/p>\n\n\n\n<p>&#8211; Generar juicio cr\u00edtico.<\/p>\n\n\n\n<p>&#8211; Propiciar situaciones de colaboraci\u00f3n.<\/p>\n\n\n\n<p>&#8211; Fomentar la creatividad.<\/p>\n\n\n\n<figure class=\"wp-block-image size-large\"><img decoding=\"async\" loading=\"lazy\" width=\"1024\" height=\"685\" src=\"http:\/\/escolapiosalcala.es\/ea_centro\/ea_blog\/centro\/wp-content\/uploads\/2020\/02\/DSC_0125-1024x685.jpg\" alt=\"\" class=\"wp-image-4651\" srcset=\"https:\/\/escolapiosalcala.es\/ea_centro\/ea_blog\/centro\/wp-content\/uploads\/2020\/02\/DSC_0125-1024x685.jpg 1024w, https:\/\/escolapiosalcala.es\/ea_centro\/ea_blog\/centro\/wp-content\/uploads\/2020\/02\/DSC_0125-300x201.jpg 300w, https:\/\/escolapiosalcala.es\/ea_centro\/ea_blog\/centro\/wp-content\/uploads\/2020\/02\/DSC_0125-768x514.jpg 768w, https:\/\/escolapiosalcala.es\/ea_centro\/ea_blog\/centro\/wp-content\/uploads\/2020\/02\/DSC_0125-1536x1028.jpg 1536w, https:\/\/escolapiosalcala.es\/ea_centro\/ea_blog\/centro\/wp-content\/uploads\/2020\/02\/DSC_0125-2048x1371.jpg 2048w, https:\/\/escolapiosalcala.es\/ea_centro\/ea_blog\/centro\/wp-content\/uploads\/2020\/02\/DSC_0125-1613x1080.jpg 1613w\" sizes=\"(max-width: 1024px) 100vw, 1024px\" \/><\/figure>\n\n\n\n<p><strong>\u00bfEn qu\u00e9 se basa la metodolog\u00eda Singapur?<\/strong><\/p>\n\n\n\n<ul><li>Importancia\nde la escucha. Respeto a cada ritmo de aprendizaje.<\/li><li>Se\naprende mejor en interacci\u00f3n con otros.<\/li><li>Progresi\u00f3n\nde lo concreto a lo abstracto.<\/li><li>Es\nmejor hacer un problema de 5 formas distintas, que 5 problemas iguales.<\/li><\/ul>\n","protected":false},"excerpt":{"rendered":"<p>El m\u00e9todo matem\u00e1tico Singapur quiere que el alumno aprenda a pensar desde la resoluci\u00f3n de problemas matem\u00e1ticos, a la vez que desarrolla su creatividad y la competencia ling\u00fc\u00edstica. Lo hace acompa\u00f1ado de objetos cotidianos y elementos manipulativos, as\u00ed como en el\u00a0aprendizaje cooperativo. La finalidad de este m\u00e9todo es que nuestros alumnos resuelvan problemas a los&hellip; <br \/> <a class=\"read-more\" href=\"https:\/\/escolapiosalcala.es\/ea_centro\/ea_blog\/centro\/metodologia-singapur\/\">Leer m\u00e1s<\/a><\/p>\n","protected":false},"author":1,"featured_media":0,"parent":0,"menu_order":0,"comment_status":"closed","ping_status":"closed","template":"","meta":[],"_links":{"self":[{"href":"https:\/\/escolapiosalcala.es\/ea_centro\/ea_blog\/centro\/wp-json\/wp\/v2\/pages\/4635"}],"collection":[{"href":"https:\/\/escolapiosalcala.es\/ea_centro\/ea_blog\/centro\/wp-json\/wp\/v2\/pages"}],"about":[{"href":"https:\/\/escolapiosalcala.es\/ea_centro\/ea_blog\/centro\/wp-json\/wp\/v2\/types\/page"}],"author":[{"embeddable":true,"href":"https:\/\/escolapiosalcala.es\/ea_centro\/ea_blog\/centro\/wp-json\/wp\/v2\/users\/1"}],"replies":[{"embeddable":true,"href":"https:\/\/escolapiosalcala.es\/ea_centro\/ea_blog\/centro\/wp-json\/wp\/v2\/comments?post=4635"}],"version-history":[{"count":20,"href":"https:\/\/escolapiosalcala.es\/ea_centro\/ea_blog\/centro\/wp-json\/wp\/v2\/pages\/4635\/revisions"}],"predecessor-version":[{"id":4697,"href":"https:\/\/escolapiosalcala.es\/ea_centro\/ea_blog\/centro\/wp-json\/wp\/v2\/pages\/4635\/revisions\/4697"}],"wp:attachment":[{"href":"https:\/\/escolapiosalcala.es\/ea_centro\/ea_blog\/centro\/wp-json\/wp\/v2\/media?parent=4635"}],"curies":[{"name":"wp","href":"https:\/\/api.w.org\/{rel}","templated":true}]}}