{"id":39,"date":"2016-01-26T10:45:09","date_gmt":"2016-01-26T10:45:09","guid":{"rendered":"http:\/\/escolapiosalcala.es\/ea_centro\/ea_blog\/centro\/?page_id=39"},"modified":"2017-09-28T11:24:40","modified_gmt":"2017-09-28T11:24:40","slug":"servicios-e-instalaciones","status":"publish","type":"page","link":"https:\/\/escolapiosalcala.es\/ea_centro\/ea_blog\/centro\/servicios-e-instalaciones\/","title":{"rendered":"Instalaciones"},"content":{"rendered":"<p><a href=\"http:\/\/escolapiosalcala.es\/ea_centro\/ea_blog\/centro\/wp-content\/uploads\/2016\/01\/instalaciones_composicion.jpg\" rel=\"attachment wp-att-1111\"><img decoding=\"async\" loading=\"lazy\" class=\"aligncenter wp-image-1111 size-full\" src=\"http:\/\/escolapiosalcala.es\/ea_centro\/ea_blog\/centro\/wp-content\/uploads\/2016\/01\/instalaciones_composicion.jpg\" alt=\"instalaciones_composicion\" width=\"996\" height=\"398\" srcset=\"https:\/\/escolapiosalcala.es\/ea_centro\/ea_blog\/centro\/wp-content\/uploads\/2016\/01\/instalaciones_composicion.jpg 996w, https:\/\/escolapiosalcala.es\/ea_centro\/ea_blog\/centro\/wp-content\/uploads\/2016\/01\/instalaciones_composicion-300x120.jpg 300w, https:\/\/escolapiosalcala.es\/ea_centro\/ea_blog\/centro\/wp-content\/uploads\/2016\/01\/instalaciones_composicion-768x307.jpg 768w\" sizes=\"(max-width: 996px) 100vw, 996px\" \/><\/a><\/p>\n<table style=\"border: none; background: transparent;\">\n<tbody>\n<tr style=\"background: transparent;\">\n<td style=\"border: none;\"><strong>EDIFICIO DE OFICINAS<\/strong><\/p>\n<ul>\n<li>DIRECCI\u00d3N<\/li>\n<li>SECRETAR\u00cdA<\/li>\n<li>ADMINISTRACI\u00d3N<\/li>\n<li>INFORMACI\u00d3N Y ATENCI\u00d3N<\/li>\n<li>PASTORAL<\/li>\n<li>ENFERMER\u00cdA<\/li>\n<li>SALAS M\u00daLTIPLES<\/li>\n<\/ul>\n<\/td>\n<td style=\"border: none;\"><strong>EDIFICIO PRINCIPAL<\/strong><\/p>\n<ul>\n<li>AULAS DE EDUCACI\u00d3N INFANTIL<\/li>\n<li>AULAS DE EDUCACI\u00d3N PRIMARIA<\/li>\n<li>AULAS DE EDUCACI\u00d3N SECUNDARIA<\/li>\n<li>SAL\u00d3N DE USOS M\u00daLTIPLES<\/li>\n<li>COCINA Y COMEDOR ESCOLAR<\/li>\n<li>CAPILLA<\/li>\n<li>ORATORIO<\/li>\n<li>BIBLIOTECA<\/li>\n<li>DEPARTAMENTO DE ORIENTACI\u00d3N<\/li>\n<li>DEPARTAMENTO DE ACCI\u00d3N SOCIAL<\/li>\n<li>TALLER DE TECNOLOG\u00cdA<\/li>\n<li>AULA DE INFORM\u00c1TICA<\/li>\n<li>AULA DE AUDIOVISUALES<\/li>\n<li>COORDINACIONES<\/li>\n<li>AULAS DE APOYO<\/li>\n<li>AULAS DE REUNI\u00d3N DE GRUPOS<\/li>\n<\/ul>\n<h2><\/h2>\n<\/td>\n<td style=\"border: none;\"><strong>EDIFICIO SECUNDARIA<\/strong><\/p>\n<ul>\n<li>AULAS DE EDUCACI\u00d3N SECUNDARIA<\/li>\n<li>AULAS DE OPTATIVAS<\/li>\n<li>AULA DE INFORM\u00c1TICA<\/li>\n<li>COORDINACI\u00d3N<\/li>\n<li>SALA DE PROFESORES<\/li>\n<li>PABELL\u00d3N POLIDEPORTIVO<\/li>\n<li>VESTUARIOS<\/li>\n<\/ul>\n<\/td>\n<td style=\"border: none;\"><strong>EXTERIOR:<\/strong><br \/>\ncuatro zonas al aire libre<\/p>\n<ul>\n<li>ENTRADAS<\/li>\n<li>ZONA DE EDUCACI\u00d3N INFANTIL<\/li>\n<li>CAMPO DE C\u00c9SPED Y PISTA DE PADEL<\/li>\n<li>CANCHAS POLIDEPORTIVAS<\/li>\n<\/ul>\n<\/td>\n<\/tr>\n<\/tbody>\n<\/table>\n<h3><\/h3>\n<h3><\/h3>\n<h3>* Alquiler de Instalaciones Deportivas<\/h3>\n<ul>\n<li>Campo de f\u00fatbol 11<\/li>\n<li>2 campos de f\u00fatbol 7<\/li>\n<li>Pabell\u00f3n polideportivo<\/li>\n<li>Pista de p\u00e1del<\/li>\n<\/ul>\n<p>&nbsp;<\/p>\n<p style=\"padding-left: 30px;\"><strong>Contacto: Oficina de Deportes<\/strong><br \/>\n<strong> Tel\u00e9fono 644 33 73 58<\/strong><br \/>\n<strong> Correo electr\u00f3nico deportes@escolapiosalcala.es<\/strong><\/p>\n<p>&nbsp;<\/p>\n<p>&nbsp;<\/p>\n<p>&nbsp;<\/p>\n<h2><\/h2>\n<p>&nbsp;<\/p>\n","protected":false},"excerpt":{"rendered":"<p>EDIFICIO DE OFICINAS DIRECCI\u00d3N SECRETAR\u00cdA ADMINISTRACI\u00d3N INFORMACI\u00d3N Y ATENCI\u00d3N PASTORAL ENFERMER\u00cdA SALAS M\u00daLTIPLES EDIFICIO PRINCIPAL AULAS DE EDUCACI\u00d3N INFANTIL AULAS DE EDUCACI\u00d3N PRIMARIA AULAS DE EDUCACI\u00d3N SECUNDARIA SAL\u00d3N DE USOS M\u00daLTIPLES COCINA Y COMEDOR ESCOLAR CAPILLA ORATORIO BIBLIOTECA DEPARTAMENTO DE ORIENTACI\u00d3N DEPARTAMENTO DE ACCI\u00d3N SOCIAL TALLER DE TECNOLOG\u00cdA AULA DE INFORM\u00c1TICA AULA DE AUDIOVISUALES COORDINACIONES&hellip; <br \/> <a class=\"read-more\" href=\"https:\/\/escolapiosalcala.es\/ea_centro\/ea_blog\/centro\/servicios-e-instalaciones\/\">Leer m\u00e1s<\/a><\/p>\n","protected":false},"author":1,"featured_media":0,"parent":0,"menu_order":0,"comment_status":"closed","ping_status":"closed","template":"","meta":[],"_links":{"self":[{"href":"https:\/\/escolapiosalcala.es\/ea_centro\/ea_blog\/centro\/wp-json\/wp\/v2\/pages\/39"}],"collection":[{"href":"https:\/\/escolapiosalcala.es\/ea_centro\/ea_blog\/centro\/wp-json\/wp\/v2\/pages"}],"about":[{"href":"https:\/\/escolapiosalcala.es\/ea_centro\/ea_blog\/centro\/wp-json\/wp\/v2\/types\/page"}],"author":[{"embeddable":true,"href":"https:\/\/escolapiosalcala.es\/ea_centro\/ea_blog\/centro\/wp-json\/wp\/v2\/users\/1"}],"replies":[{"embeddable":true,"href":"https:\/\/escolapiosalcala.es\/ea_centro\/ea_blog\/centro\/wp-json\/wp\/v2\/comments?post=39"}],"version-history":[{"count":15,"href":"https:\/\/escolapiosalcala.es\/ea_centro\/ea_blog\/centro\/wp-json\/wp\/v2\/pages\/39\/revisions"}],"predecessor-version":[{"id":1893,"href":"https:\/\/escolapiosalcala.es\/ea_centro\/ea_blog\/centro\/wp-json\/wp\/v2\/pages\/39\/revisions\/1893"}],"wp:attachment":[{"href":"https:\/\/escolapiosalcala.es\/ea_centro\/ea_blog\/centro\/wp-json\/wp\/v2\/media?parent=39"}],"curies":[{"name":"wp","href":"https:\/\/api.w.org\/{rel}","templated":true}]}}