{"id":2242,"date":"2018-03-16T16:49:10","date_gmt":"2018-03-16T16:49:10","guid":{"rendered":"http:\/\/escolapiosalcala.es\/ea_centro\/ea_blog\/centro\/mesmerize\/"},"modified":"2026-02-24T13:34:14","modified_gmt":"2026-02-24T12:34:14","slug":"mesmerize","status":"publish","type":"page","link":"https:\/\/escolapiosalcala.es\/ea_centro\/ea_blog\/centro\/","title":{"rendered":"Portada"},"content":{"rendered":"<div  id=\"iconospieicc-1\" class=\"clients-5 content-section content-section-spacing-small\" style=\"background-color: #ffffff;\" data-label=\"IconosMENU\" data-id=\"clients-4\" data-export-id=\"clients-4\" data-category=\"clients\">\n<div >\n<div  class=\"gridContainer\">\n<div  class=\"row\">\n<div  class=\"section-title-col\" data-type=\"column\"><\/div>\n<\/div>\n<\/div>\n<div  class=\"row spaced-cols middle-xs center-xs space-bottom center-sm content-center-sm\" data-type=\"row\">\n<div  class=\"col-xs-6 col-sm-2\"><a class=\"\" href=\"https:\/\/escolapiosalcala.es\/ea_centro\/ea_blog\/centro\/admision-de-nuevos-alumnos\" target=\"_blank\" rel=\"noopener noreferrer\"><img loading=\"lazy\"  decoding=\"async\" class=\"wp-image-4431 aligncenter\" src=\"https:\/\/escolapiosalcala.es\/ea_centro\/ea_blog\/centro\/wp-content\/uploads\/2020\/02\/admision2.png\" alt=\"\" width=\"190\" height=\"156\"><\/a><\/div>\n<div  class=\"col-xs-6 col-sm-2\"><a class=\"\" href=\"https:\/\/escolapiosalcala.es\/ea_centro\/ea_blog\/centro\/conoce-nuestro-centro\" target=\"_blank\" rel=\"noopener noreferrer\"><img  decoding=\"async\" loading=\"lazy\" class=\"alignnone\" src=\"https:\/\/escolapiosalcala.es\/ea_centro\/ea_blog\/centro\/wp-content\/uploads\/2024\/01\/nuestrocentroI.png\" alt=\"\" width=\"241\" height=\"261\"><\/a><\/div>\n<div  class=\"col-xs-6 col-sm-2\"><a class=\"\" href=\"https:\/\/escolapiosalcala.es\/ea_centro\/ea_blog\/centro\/galeria-de-imagenes-2\" target=\"_blank\" rel=\"noopener noreferrer\"><img  decoding=\"async\" class=\"\" src=\"https:\/\/escolapiosalcala.es\/ea_centro\/ea_blog\/centro\/wp-content\/uploads\/2018\/04\/fotos-e1524129764362.png\"><\/a><\/div>\n<div  class=\"col-xs-6 col-sm-2\"><a class=\"\" href=\"https:\/\/escolapiosalcala.es\/ea_centro\/ea_blog\/centro\/comedor\" target=\"_blank\" rel=\"noopener noreferrer\"><img  decoding=\"async\" class=\"custom-image\" src=\"https:\/\/escolapiosalcala.es\/ea_centro\/ea_blog\/centro\/wp-content\/uploads\/2018\/04\/cocina-e1524129699454.png\"><\/a><\/div>\n<div  class=\"col-xs-6 col-sm-2\"><a class=\"\" href=\"https:\/\/escuelaspias-escolapios-alcaladehenares.educamos.com\" target=\"_blank\" rel=\"noopener noreferrer\"><img  decoding=\"async\" class=\"\" src=\"https:\/\/escolapiosalcala.es\/ea_centro\/ea_blog\/centro\/wp-content\/uploads\/2018\/03\/educamos.png\"><\/a><\/div>\n<div  class=\"col-xs-6 col-sm-2\"><a class=\"\" href=\"http:\/\/escolapiosbetania.org\/defensa-del-menor\" target=\"_blank\" rel=\"noopener noreferrer\"><img  decoding=\"async\" loading=\"lazy\" class=\"alignnone\" src=\"https:\/\/escolapiosalcala.es\/ea_centro\/ea_blog\/centro\/wp-content\/uploads\/2021\/05\/endefensamenor.png\" alt=\"\" width=\"100\" height=\"200\"><\/a><\/div>\n<\/div>\n<\/div>\n<\/div><!--1\u00aa noticia--><!--desde--><div  id=\"content-1\" class=\"content-12 content-section content-section-spacing\" style=\"background-color: #ffffff; background-image: none;\" data-label=\"Content\" data-id=\"content--1\" data-export-id=\"content-12\" data-category=\"content\">\n<div  class=\"gridContainer\">\n<div  class=\"row text-center\">\n<div  class=\"section-title-col\" data-type=\"column\">\n<h2  class=\"\"><\/h2>\n<\/div>\n<\/div>\n<div  class=\"row center-xs middle-xs\">\n<div  class=\"col-sm-9\" data-type=\"column\"><img  decoding=\"async\" loading=\"lazy\" class=\"aligncenter wp-image-10463\" src=\"https:\/\/escolapiosalcala.es\/ea_centro\/ea_blog\/centro\/wp-content\/uploads\/2026\/01\/BANNER-DEFINITIVO-REUNIONES-2o-TRIM.jpg\" alt=\"\" width=\"989\" height=\"590\" srcset=\"https:\/\/escolapiosalcala.es\/ea_centro\/ea_blog\/centro\/wp-content\/uploads\/2026\/01\/BANNER-DEFINITIVO-REUNIONES-2o-TRIM.jpg 1392w, https:\/\/escolapiosalcala.es\/ea_centro\/ea_blog\/centro\/wp-content\/uploads\/2026\/01\/BANNER-DEFINITIVO-REUNIONES-2o-TRIM-300x179.jpg 300w, https:\/\/escolapiosalcala.es\/ea_centro\/ea_blog\/centro\/wp-content\/uploads\/2026\/01\/BANNER-DEFINITIVO-REUNIONES-2o-TRIM-1024x611.jpg 1024w, https:\/\/escolapiosalcala.es\/ea_centro\/ea_blog\/centro\/wp-content\/uploads\/2026\/01\/BANNER-DEFINITIVO-REUNIONES-2o-TRIM-768x458.jpg 768w\" sizes=\"(max-width: 989px) 100vw, 989px\"><\/div>\n<\/div>\n<\/div>\n<\/div><!--hasta--><div  id=\"content-1\" class=\"content-12 content-section content-section-spacing\" style=\"background-color: #ffffff; background-image: none;\" data-label=\"Content\" data-id=\"content--1\" data-export-id=\"content-12\" data-category=\"content\">\n<div  class=\"gridContainer\">\n<div  class=\"row text-center\">\n<div  class=\"section-title-col\" data-type=\"column\">\n<h2  class=\"\">CANAL DE DENUNCIAS<\/h2>\n<\/div>\n<\/div>\n<div  class=\"row center-xs middle-xs\">\n<div  class=\"col-sm-9\" data-type=\"column\"><a class=\"\" href=\"https:\/\/www.escolapiosbetania.org\/1676-2-canal-de-\ndenuncias\" target=\"_blank\" rel=\"noopener\"><img  decoding=\"async\" class=\"shadow-large\" title=\"Canal\u00c9tico\" src=\"https:\/\/escolapiosalcala.es\/ea_centro\/ea_blog\/centro\/wp-content\/uploads\/2023\/11\/abiertocanal.png\" alt=\"\"><\/a><\/div>\n<\/div>\n<\/div>\n<\/div><!--desde--><div  class=\"gridContainer\">\n<div  class=\"row center-xs middle-xs\">\n<div  class=\"col-sm-9\" data-type=\"column\"><a target=\"_blank\" rel=\"noopener\" class=\"\"><img  decoding=\"async\" loading=\"lazy\" class=\"shadow-large aligncenter\" title=\"placas\" src=\"https:\/\/escolapiosalcala.es\/ea_centro\/ea_blog\/centro\/wp-content\/uploads\/2024\/11\/cartelPlacas-1.png\" alt=\"\" width=\"1657\" height=\"1830\"><\/a><\/div>\n<\/div>\n<\/div><!--hasta--><div  id=\"nosidentifica\" class=\"features-16-card-bordered content-section content-section-spacing\" style=\"background-color: #ffffff; background-image: none;\" data-label=\"NosIdentifica\" data-id=\"features-16-card-bordered\" data-export-id=\"features-16-card-bordered\" data-category=\"features\">\n<div  class=\"gridContainer\">\n<div  class=\"row text-center\">\n<div  class=\"section-title-col\" data-type=\"column\">\n<h2  class=\"\">Lo que nos identifica<\/h2>\n<\/div>\n<\/div>\n<div  class=\"row spaced-cols\" data-type=\"row\">\n<div  class=\"col-xs-12 col-sm-6 col-md-4\">\n<div  class=\"card no-padding bordered y-move\"><img  decoding=\"async\" loading=\"lazy\" class=\"aligncenter size-full wp-image-10388\" src=\"https:\/\/escolapiosalcala.es\/ea_centro\/ea_blog\/centro\/wp-content\/uploads\/2026\/01\/FOTOS-INFANTIL-6.png\" alt=\"\" width=\"570\" height=\"400\" srcset=\"https:\/\/escolapiosalcala.es\/ea_centro\/ea_blog\/centro\/wp-content\/uploads\/2026\/01\/FOTOS-INFANTIL-6.png 570w, https:\/\/escolapiosalcala.es\/ea_centro\/ea_blog\/centro\/wp-content\/uploads\/2026\/01\/FOTOS-INFANTIL-6-300x211.png 300w\" sizes=\"(max-width: 570px) 100vw, 570px\">\n<div  class=\"col-padding-small col-padding-small-xs description-container\" data-type=\"column\">\n<h4  class=\"font-500\">Pastoral<\/h4>\n<p  class=\"\">El Departamento de Pastoral es el encargado de animar la acci\u00f3n evangelizadora, siguiendo la intuici\u00f3n de Calasanz.<\/p>\n\n<\/div>\n<div  class=\"col-padding-small col-padding-small-xs read-more-container\" data-type=\"column\"><a class=\"read-more\" href=\"https:\/\/escolapiosalcala.es\/ea_centro\/ea_blog\/centro\/pastoral\" target=\"_self\" rel=\"noopener noreferrer\">leer m\u00e1s<\/a><\/div>\n<\/div>\n<\/div>\n<div  class=\"col-xs-12 col-sm-6 col-md-4\">\n<div  class=\"card no-padding bordered y-move\">\n\n<img  decoding=\"async\" loading=\"lazy\" class=\"face alignnone\" src=\"https:\/\/escolapiosalcala.es\/ea_centro\/ea_blog\/centro\/wp-content\/uploads\/2016\/01\/IMG-20170131-WA0007.jpg\" alt=\"\" width=\"524\" height=\"368\">\n<div  class=\"col-padding-small col-padding-small-xs description-container\" data-type=\"column\">\n<h4  class=\"font-500\">Marco Pedag\u00f3gico<\/h4>\n<p  class=\"\">Nuestra finalidad est\u00e1 resumida en el lema PIEDAD y LETRAS. Est\u00e1 considerada como la primera escuela p\u00fablica, popular y gratuita de Europa.<\/p>\n\n<\/div>\n<div  class=\"col-padding-small col-padding-small-xs read-more-container\" data-type=\"column\"><a class=\"read-more\" href=\"https:\/\/youtu.be\/DYiyUd6LBZ4\" target=\"_blank\" rel=\"noopener noreferrer\">leer m\u00e1s<\/a><\/div>\n<\/div>\n<\/div>\n<div  class=\"col-xs-12 col-sm-6 col-md-4\">\n<div  class=\"card no-padding bordered y-move\">\n\n<a href=\"https:\/\/escolapiosalcala.es\/ea_centro\/ea_blog\/centro\/idiomas\" target=\"_self\" rel=\"noopener noreferrer\"><img  decoding=\"async\" class=\"face\" src=\"https:\/\/escolapiosalcala.es\/ea_centro\/ea_blog\/centro\/wp-content\/uploads\/2016\/01\/cropped-idiomas-3.jpg\"><\/a>\n<div  class=\"col-padding-small col-padding-small-xs description-container\" data-type=\"column\">\n<h4  class=\"font-500\">Acerc\u00e1ndonos a Europa<\/h4>\n<p  class=\"\">El programa BEDA (Bilingual English Development and Assessment) persigue implementar y optimizar la eficacia de la ense\u00f1anza de idiomas en la escuela.<\/p>\n<p  class=\"\"><a class=\"\" href=\"https:\/\/www.schola.es\/inmersion-escolar-irlanda-colectivos\" target=\"_blank\" rel=\"noopener noreferrer\"><img  decoding=\"async\" class=\"custom-image\" src=\"https:\/\/escolapiosalcala.es\/ea_centro\/ea_blog\/centro\/wp-content\/uploads\/2018\/03\/schola-300x83-1-2.png\"><\/a><\/p>\n\n<\/div>\n<div  class=\"col-padding-small col-padding-small-xs read-more-container\" data-type=\"column\"><a class=\"read-more\" href=\"https:\/\/escolapiosalcala.es\/ea_centro\/ea_blog\/centro\/idiomas\" target=\"_self\" rel=\"noopener noreferrer\">leer m\u00e1s<\/a><\/div>\n<\/div>\n<\/div>\n<\/div>\n<\/div>\n<\/div><div  id=\"iconospieicc-1\" class=\"clients-5 content-section content-section-spacing-small\" style=\"background-color: #ffffff;\" data-label=\"IconosMENU\" data-id=\"clients-4\" data-export-id=\"clients-4\" data-category=\"clients\">\n<div >\n<div  class=\"gridContainer\">\n<div  class=\"row\">\n<div  class=\"section-title-col\" data-type=\"column\"><\/div>\n<\/div>\n<\/div>\n<div  class=\"row spaced-cols middle-xs center-xs space-bottom center-sm content-center-sm\" data-type=\"row\">\n<div  class=\"col-xs-6 col-sm-2\"><a class=\"\" href=\"https:\/\/escolapiosalcala.es\/ea_centro\/ea_blog\/centro\/wp-content\/uploads\/2021\/09\/Certificado-ISO-9001-R2-642-17-ESCUELAS-PIAS-Alcala.pdf\" target=\"_blank\" rel=\"noopener noreferrer\"><img  decoding=\"async\" loading=\"lazy\" class=\"wp-image-4431 aligncenter\" src=\"https:\/\/escolapiosalcala.es\/ea_centro\/ea_blog\/centro\/wp-content\/uploads\/2021\/09\/Marca-EDUQATIA-ISO9001-642-17-nueva-copia.jpg\" alt=\"\" width=\"89\" height=\"136\"><\/a><\/div>\n<div  class=\"col-xs-6 col-sm-2\"><a class=\"\" href=\"https:\/\/www.itakaescolapios.org\" target=\"_blank\" rel=\"noopener noreferrer\"><img  decoding=\"async\" loading=\"lazy\" class=\"alignnone\" src=\"https:\/\/escolapiosalcala.es\/ea_centro\/ea_blog\/centro\/wp-content\/uploads\/2021\/04\/cropped-itaca_funeso_w-1.png\" alt=\"\" width=\"202\" height=\"226\"><\/a><\/div>\n<div  class=\"col-xs-6 col-sm-2\"><a class=\"\" href=\"https:\/\/escolapiosalcala.es\/ea_centro\/ea_blog\/centro\/idiomas\" target=\"_blank\" rel=\"noopener noreferrer\"><img  decoding=\"async\" loading=\"lazy\" class=\"\" src=\"https:\/\/escolapiosalcala.es\/ea_centro\/ea_blog\/centro\/wp-content\/uploads\/2021\/04\/beda-1.png\" alt=\"\" width=\"129\" height=\"125\"><\/a><\/div>\n<div  class=\"col-xs-6 col-sm-2\"><a class=\"\" href=\"https:\/\/www.cardioprotegidos.es\" target=\"_blank\" rel=\"noopener noreferrer\"><img  decoding=\"async\" loading=\"lazy\" src=\"https:\/\/escolapiosalcala.es\/ea_centro\/ea_blog\/centro\/wp-content\/uploads\/2021\/04\/cropped-cardio-1.png\" alt=\"\" width=\"129\" height=\"125\"><\/a><\/div>\n<div  class=\"col-xs-6 col-sm-2\"><a class=\"\" href=\"https:\/\/escolapiosalcala.es\/ea_centro\/ea_blog\/centro\/wp-content\/uploads\/2016\/01\/2016.2017._instrucciones_centros_concertados_fse_5822972.pdf\" target=\"_blank\" rel=\"noopener noreferrer\"><img  decoding=\"async\" loading=\"lazy\" class=\"\" src=\"https:\/\/escolapiosalcala.es\/ea_centro\/ea_blog\/centro\/wp-content\/uploads\/2021\/06\/FSE-2-1.png\" alt=\"\" width=\"300\" height=\"300\"><\/a><\/div>\n<div  class=\"col-xs-6 col-sm-2\"><a class=\"\" href=\"http:\/\/escolappios.es\" target=\"_blank\" rel=\"noopener noreferrer\"><img  decoding=\"async\" loading=\"lazy\" class=\"\" src=\"https:\/\/escolapiosalcala.es\/ea_centro\/ea_blog\/centro\/wp-content\/uploads\/2024\/09\/escolappios.png\" width=\"297\" height=\"96\"><\/a><\/div>\n<div  class=\"col-xs-6 col-sm-2\"><a  class=\"\"><img  decoding=\"async\" loading=\"lazy\" class=\"aligncenter\" src=\"https:\/\/escolapiosalcala.es\/ea_centro\/ea_blog\/centro\/wp-content\/uploads\/2024\/09\/Lema-24-25.jpg\" width=\"194\" height=\"136\"><\/a><\/div>\n<div  class=\"col-xs-6 col-sm-2\"><a class=\"\" href=\"https:\/\/escolapiosalcala.es\/ea_centro\/ea_blog\/centro\/wp-content\/uploads\/2021\/04\/logopacto.pdf\" target=\"_blank\" rel=\"noopener noreferrer\"><img  decoding=\"async\" loading=\"lazy\" class=\"\" src=\"https:\/\/escolapiosalcala.es\/ea_centro\/ea_blog\/centro\/wp-content\/uploads\/2021\/04\/LOGOPACTO.png\" width=\"128\" height=\"124\"><\/a><\/div>\n<div  class=\"col-xs-6 col-sm-2\"><a class=\"active\" href=\"https:\/\/schools-go-digital.jrc.ec.europa.eu\/public\/badge\/7B5DFAEF95D9408E9986668B0D07DCF2\" target=\"_blank\" rel=\"noopener\"><img  decoding=\"async\" loading=\"lazy\" src=\"https:\/\/escolapiosalcala.es\/ea_centro\/ea_blog\/centro\/wp-content\/uploads\/2024\/06\/SELFIE-2023-2024-session-3.png\" alt=\"embed_badge\" width=\"100\" height=\"100\"><\/a><\/div>\n<div  class=\"col-xs-6 col-sm-2\"><a class=\"active\" href=\"https:\/\/madread.educa.madrid.org\" target=\"_blank\" rel=\"noopener\"><img  decoding=\"async\" loading=\"lazy\" src=\"https:\/\/escolapiosalcala.es\/ea_centro\/ea_blog\/centro\/wp-content\/uploads\/2023\/05\/MadReadsinLimites_0-1.png\" alt=\"embed_badge\" width=\"200\" height=\"200\"><\/a><\/div>\n<\/div>\n<\/div>\n<\/div><figure  class=\"wp-block-image\"><img  alt=\"\"><\/figure>","protected":false},"excerpt":{"rendered":"<p>CANAL DE DENUNCIAS Lo que nos identifica Pastoral El Departamento de Pastoral es el encargado de animar la acci\u00f3n evangelizadora, siguiendo la intuici\u00f3n de Calasanz. leer m\u00e1s Marco Pedag\u00f3gico Nuestra finalidad est\u00e1 resumida en el lema PIEDAD y LETRAS. Est\u00e1 considerada como la primera escuela p\u00fablica, popular y gratuita de Europa. leer m\u00e1s Acerc\u00e1ndonos a&hellip; <br \/> <a class=\"read-more\" href=\"https:\/\/escolapiosalcala.es\/ea_centro\/ea_blog\/centro\/\">Leer m\u00e1s<\/a><\/p>\n","protected":false},"author":1,"featured_media":0,"parent":0,"menu_order":0,"comment_status":"closed","ping_status":"closed","template":"page-templates\/homepage.php","meta":[],"_links":{"self":[{"href":"https:\/\/escolapiosalcala.es\/ea_centro\/ea_blog\/centro\/wp-json\/wp\/v2\/pages\/2242"}],"collection":[{"href":"https:\/\/escolapiosalcala.es\/ea_centro\/ea_blog\/centro\/wp-json\/wp\/v2\/pages"}],"about":[{"href":"https:\/\/escolapiosalcala.es\/ea_centro\/ea_blog\/centro\/wp-json\/wp\/v2\/types\/page"}],"author":[{"embeddable":true,"href":"https:\/\/escolapiosalcala.es\/ea_centro\/ea_blog\/centro\/wp-json\/wp\/v2\/users\/1"}],"replies":[{"embeddable":true,"href":"https:\/\/escolapiosalcala.es\/ea_centro\/ea_blog\/centro\/wp-json\/wp\/v2\/comments?post=2242"}],"version-history":[{"count":590,"href":"https:\/\/escolapiosalcala.es\/ea_centro\/ea_blog\/centro\/wp-json\/wp\/v2\/pages\/2242\/revisions"}],"predecessor-version":[{"id":10539,"href":"https:\/\/escolapiosalcala.es\/ea_centro\/ea_blog\/centro\/wp-json\/wp\/v2\/pages\/2242\/revisions\/10539"}],"wp:attachment":[{"href":"https:\/\/escolapiosalcala.es\/ea_centro\/ea_blog\/centro\/wp-json\/wp\/v2\/media?parent=2242"}],"curies":[{"name":"wp","href":"https:\/\/api.w.org\/{rel}","templated":true}]}}