{"id":2221,"date":"2018-03-09T15:58:35","date_gmt":"2018-03-09T15:58:35","guid":{"rendered":"http:\/\/escolapiosalcala.es\/ea_centro\/ea_blog\/centro\/?page_id=2221"},"modified":"2024-04-03T13:39:31","modified_gmt":"2024-04-03T12:39:31","slug":"programas-profesionales-de-modalidad-especial","status":"publish","type":"page","link":"https:\/\/escolapiosalcala.es\/ea_centro\/ea_blog\/centro\/programas-profesionales-de-modalidad-especial\/","title":{"rendered":"Programas Profesionales de Modalidad Especial"},"content":{"rendered":"<p><img decoding=\"async\" loading=\"lazy\" class=\"aligncenter wp-image-3556 size-full\" src=\"http:\/\/escolapiosalcala.es\/ea_centro\/ea_blog\/centro\/wp-content\/uploads\/2019\/02\/web2.jpg\" alt=\"\" width=\"404\" height=\"404\" srcset=\"https:\/\/escolapiosalcala.es\/ea_centro\/ea_blog\/centro\/wp-content\/uploads\/2019\/02\/web2.jpg 404w, https:\/\/escolapiosalcala.es\/ea_centro\/ea_blog\/centro\/wp-content\/uploads\/2019\/02\/web2-150x150.jpg 150w, https:\/\/escolapiosalcala.es\/ea_centro\/ea_blog\/centro\/wp-content\/uploads\/2019\/02\/web2-300x300.jpg 300w\" sizes=\"(max-width: 404px) 100vw, 404px\" \/><\/p>\n<p style=\"text-align: left;\">El Programa ofertado es de <strong>OPERACIONES AUXILIARES DE SERVICIOS ADMINISTRATIVOS Y GENERALES&nbsp;<\/strong>(ADGP01), perteneciente a la familia de Gesti\u00f3n y Administraci\u00f3n.<\/p>\n<p style=\"text-align: left;\">Dispone de un aula dividida en dos partes: una parte para la impartici\u00f3n de las materias de los bloques comunes y otra para los contenidos espec\u00edficos, con puestos de trabajo dise\u00f1ados para que el alumnado desarrolle competencias pre-laborales y le ayude a insertarse en un futuro en el mundo laboral.<\/p>\n<p style=\"text-align: left;\">El horario de esta formaci\u00f3n es de 30 horas semanales, de lunes a viernes de 8:30 h a 14:30 h.<\/p>\n<p style=\"text-align: left;\">Al tratarse de alumnado de Educaci\u00f3n Especial existe la posibilidad de servicio de comedor becado.<\/p>\n<h3 style=\"text-align: left;\"><strong>M\u00e1s Informaci\u00f3n<\/strong><\/h3>\n<p style=\"text-align: left;\">Los&nbsp;<strong>Programas Profesionales de Modalidad Especial<\/strong>, est\u00e1n dirigidos a colectivos que precisan una atenci\u00f3n espec\u00edfica derivada de circunstancias sociales o discapacidad f\u00edsica, ps\u00edquica o sensorial.<\/p>\n<p><img decoding=\"async\" loading=\"lazy\" class=\"alignright wp-image-3552 size-medium\" src=\"http:\/\/escolapiosalcala.es\/ea_centro\/ea_blog\/centro\/wp-content\/uploads\/2019\/02\/ppme-diptico-23-300x201.jpg\" alt=\"\" width=\"300\" height=\"201\" srcset=\"https:\/\/escolapiosalcala.es\/ea_centro\/ea_blog\/centro\/wp-content\/uploads\/2019\/02\/ppme-diptico-23-300x201.jpg 300w, https:\/\/escolapiosalcala.es\/ea_centro\/ea_blog\/centro\/wp-content\/uploads\/2019\/02\/ppme-diptico-23-768x514.jpg 768w, https:\/\/escolapiosalcala.es\/ea_centro\/ea_blog\/centro\/wp-content\/uploads\/2019\/02\/ppme-diptico-23-1024x685.jpg 1024w, https:\/\/escolapiosalcala.es\/ea_centro\/ea_blog\/centro\/wp-content\/uploads\/2019\/02\/ppme-diptico-23-1613x1080.jpg 1613w\" sizes=\"(max-width: 300px) 100vw, 300px\" \/><\/p>\n<p style=\"text-align: left;\">Su <strong>finalidad<\/strong> es preparar al alumnado con necesidades educativas especiales, que no han obtenido el t\u00edtulo de Graduado en Educaci\u00f3n Secundaria, para la inserci\u00f3n en puestos de trabajo acordes con sus necesidades y adquiriendo competencias profesionales y formaci\u00f3n general, que favorezca el desarrollo personal, social y laboral.<\/p>\n<p style=\"text-align: left;\">Los <strong>objetivos<\/strong> de los Programas Profesionales de Modalidad Especial son:<\/p>\n<ul>\n<li style=\"text-align: left;\">Formar en las competencias profesionales propias de una <strong>Cualificaci\u00f3n Profesional de nivel 1<\/strong>.<\/li>\n<li style=\"text-align: left;\">Favorecer las posibilidades de una inserci\u00f3n social y laboral satisfactoria.<\/li>\n<li style=\"text-align: left;\">Ampliar la formaci\u00f3n del alumnado, adquiriendo competencias y conocimientos de la ense\u00f1anza b\u00e1sica.<\/li>\n<\/ul>\n<p style=\"text-align: left;\">La <strong>duraci\u00f3n<\/strong> de los Programas Profesionales de Modalidad Especial es dos cursos acad\u00e9micos y las ense\u00f1anzas se desarrollar\u00e1n durante treinta horas semanales repartidas de la siguiente forma:<\/p>\n<ol>\n<li style=\"text-align: left;\">M\u00d3DULOS ASOCIADOS A LOS BLOQUES COMUNES:<\/li>\n<\/ol>\n<ul>\n<li style=\"text-align: left;\">\u201cComunicaci\u00f3n y Sociedad I\u201d, en el que se desarrollan competencias del bloque com\u00fan de Comunicaci\u00f3n y Ciencias Sociales.<\/li>\n<li style=\"text-align: left;\">\u201cCiencias Aplicadas I\u201d, en los que se desarrollan competencias de las materias del bloque com\u00fan de Ciencias Aplicadas.<\/li>\n<\/ul>\n<p style=\"text-align: left;\">2. M\u00d3DULOS ESPEC\u00cdFICOS:<\/p>\n<ul>\n<li style=\"text-align: left;\">Materias asociadas a cada programa formativo y a las unidades de competencia de una cualificaci\u00f3n profesional de nivel 1 del Cat\u00e1logo Nacional de Cualificaciones Profesionales.<\/li>\n<\/ul>\n<p style=\"text-align: left;\">3. M\u00d3DULO DE FORMACI\u00d3N EN CENTROS DE TRABAJO, Este m\u00f3dulo se desarrolla en las empresas o centros de trabajo y tiene como objetivo que los alumnos completen su formaci\u00f3n en el propio entorno productivo. Incluye las unidades formativas:<\/p>\n<ul>\n<li style=\"text-align: left;\">\u201cPrevenci\u00f3n de Riesgos Laborales\u201d.<\/li>\n<li style=\"text-align: left;\">&#8220;Formaci\u00f3n en entorno productivo&#8221;.<\/li>\n<\/ul>\n<p style=\"text-align: left;\">Los <strong>requisitos<\/strong> necesarios para la incorporaci\u00f3n al Programa son:<\/p>\n<ul>\n<li style=\"text-align: left;\">Tener diecis\u00e9is a\u00f1os de edad, cumplidos en el a\u00f1o natural en el que comience el curso.<\/li>\n<li style=\"text-align: left;\">No haber obtenido el t\u00edtulo de Graduado en la Educaci\u00f3n Secundaria Obligatoria ni un t\u00edtulo Profesional B\u00e1sico.<\/li>\n<li style=\"text-align: left;\">Conformidad del alumno y de sus padres o representantes legales para la incorporaci\u00f3n a los Programas Profesionales de modalidad especial.<\/li>\n<li style=\"text-align: left;\">Propuesta de incorporaci\u00f3n: Departamento de Orientaci\u00f3n, Direcci\u00f3n del Centro y Servicio de Inspecci\u00f3n Educativa.<\/li>\n<\/ul>\n<p style=\"text-align: left;\">Una vez superado el Programa Profesional, el alumnado obtendr\u00e1 el certificado de profesionalidad de cualificaci\u00f3n de nivel 1 de la estructura actual del Cat\u00e1logo Nacional de Cualificaciones Profesionales.<\/p>\n<div id=\"content-4\" class=\"content-12 content-section content-section-spacing\" style=\"background-color: #ffffff; background-image: none;\" data-label=\"Content\" data-id=\"content-12\" data-export-id=\"content-12\" data-category=\"content\">\n<div class=\"gridContainer\">\n<div class=\"row text-center\">\n<div class=\"section-title-col\" data-type=\"column\">\n<h2>Proyecto desarrolado por el PPME del Colegio<b>, finalista en los premios&nbsp;<\/b><b>&nbsp;&#8220;JAN AMOS COMENIUS PRIZE for high quality teaching about the European Union&#8221; de la Comisi\u00f3n Europea.<\/b><\/h2>\n<\/div>\n<\/div><\/div><\/div>\n\n\n<figure class=\"wp-block-embed is-type-video is-provider-youtube wp-block-embed-youtube wp-embed-aspect-16-9 wp-has-aspect-ratio\"><div class=\"wp-block-embed__wrapper\">\n<div class='embed-container'><iframe loading=\"lazy\" title=\"Video PPME Escuelas P\u00edas Alcal\u00e1\" width=\"1920\" height=\"1080\" src=\"https:\/\/www.youtube.com\/embed\/HwXr6Xn2m6w?feature=oembed\" frameborder=\"0\" allow=\"accelerometer; autoplay; clipboard-write; encrypted-media; gyroscope; picture-in-picture; web-share\" referrerpolicy=\"strict-origin-when-cross-origin\" allowfullscreen><\/iframe><\/div>\n<\/div><\/figure>\n\n\n\n","protected":false},"excerpt":{"rendered":"<p>El Programa ofertado es de OPERACIONES AUXILIARES DE SERVICIOS ADMINISTRATIVOS Y GENERALES&nbsp;(ADGP01), perteneciente a la familia de Gesti\u00f3n y Administraci\u00f3n. Dispone de un aula dividida en dos partes: una parte para la impartici\u00f3n de las materias de los bloques comunes y otra para los contenidos espec\u00edficos, con puestos de trabajo dise\u00f1ados para que el alumnado&hellip; <br \/> <a class=\"read-more\" href=\"https:\/\/escolapiosalcala.es\/ea_centro\/ea_blog\/centro\/programas-profesionales-de-modalidad-especial\/\">Leer m\u00e1s<\/a><\/p>\n","protected":false},"author":1,"featured_media":0,"parent":0,"menu_order":0,"comment_status":"closed","ping_status":"closed","template":"","meta":[],"_links":{"self":[{"href":"https:\/\/escolapiosalcala.es\/ea_centro\/ea_blog\/centro\/wp-json\/wp\/v2\/pages\/2221"}],"collection":[{"href":"https:\/\/escolapiosalcala.es\/ea_centro\/ea_blog\/centro\/wp-json\/wp\/v2\/pages"}],"about":[{"href":"https:\/\/escolapiosalcala.es\/ea_centro\/ea_blog\/centro\/wp-json\/wp\/v2\/types\/page"}],"author":[{"embeddable":true,"href":"https:\/\/escolapiosalcala.es\/ea_centro\/ea_blog\/centro\/wp-json\/wp\/v2\/users\/1"}],"replies":[{"embeddable":true,"href":"https:\/\/escolapiosalcala.es\/ea_centro\/ea_blog\/centro\/wp-json\/wp\/v2\/comments?post=2221"}],"version-history":[{"count":14,"href":"https:\/\/escolapiosalcala.es\/ea_centro\/ea_blog\/centro\/wp-json\/wp\/v2\/pages\/2221\/revisions"}],"predecessor-version":[{"id":9060,"href":"https:\/\/escolapiosalcala.es\/ea_centro\/ea_blog\/centro\/wp-json\/wp\/v2\/pages\/2221\/revisions\/9060"}],"wp:attachment":[{"href":"https:\/\/escolapiosalcala.es\/ea_centro\/ea_blog\/centro\/wp-json\/wp\/v2\/media?parent=2221"}],"curies":[{"name":"wp","href":"https:\/\/api.w.org\/{rel}","templated":true}]}}