{"id":125,"date":"2016-01-26T11:21:42","date_gmt":"2016-01-26T11:21:42","guid":{"rendered":"http:\/\/escolapiosalcala.es\/ea_centro\/ea_blog\/centro\/?page_id=125"},"modified":"2018-05-09T15:25:38","modified_gmt":"2018-05-09T15:25:38","slug":"educamos","status":"publish","type":"page","link":"https:\/\/escolapiosalcala.es\/ea_centro\/ea_blog\/centro\/educamos\/","title":{"rendered":"Educamos"},"content":{"rendered":"<p><a href=\"https:\/\/escuelaspias-escolapios-alcaladehenares.educamos.com\/\" rel=\"attachment wp-att-459\"><img decoding=\"async\" loading=\"lazy\" class=\"aligncenter wp-image-459\" src=\"http:\/\/escolapiosalcala.es\/ea_centro\/ea_blog\/centro\/wp-content\/uploads\/2016\/01\/educamos.jpg\" alt=\"educamos\" width=\"661\" height=\"337\" srcset=\"https:\/\/escolapiosalcala.es\/ea_centro\/ea_blog\/centro\/wp-content\/uploads\/2016\/01\/educamos.jpg 929w, https:\/\/escolapiosalcala.es\/ea_centro\/ea_blog\/centro\/wp-content\/uploads\/2016\/01\/educamos-300x153.jpg 300w, https:\/\/escolapiosalcala.es\/ea_centro\/ea_blog\/centro\/wp-content\/uploads\/2016\/01\/educamos-768x392.jpg 768w\" sizes=\"(max-width: 661px) 100vw, 661px\" \/><\/a><\/p>\n<p>Educamos es nuestra plataforma inform\u00e1tica de informaci\u00f3n a las familias. Conocemos la importancia de estar comunicados a diario con las familias. Al ser bidireccional, la comunicaci\u00f3n es r\u00e1pida y sencilla.<\/p>\n<p>En ella podr\u00e1n verse las ausencias, calificaciones, incidencias, eventos, mensajes, \u2026<\/p>\n<p>Para acceder a Educamos pulse en el siguiente enlace: <a href=\"https:\/\/escuelaspias-escolapios-alcaladehenares.educamos.com\/\" target=\"_blank\" rel=\"noopener\"><img decoding=\"async\" loading=\"lazy\" class=\"aligncenter\" src=\"data:image\/jpeg;base64,\/9j\/4AAQSkZJRgABAQAAAQABAAD\/2wBDAAgGBgcGBQgHBwcJCQgKDBQNDAsLDBkSEw8UHRofHh0aHBwgJC4nICIsIxwcKDcpLDAxNDQ0Hyc5PTgyPC4zNDL\/wgALCABVAVcBAREA\/8QAGwABAAIDAQEAAAAAAAAAAAAAAAUGAQIEAwf\/2gAIAQEAAAABv4AAAAAAAAAAAAAAAcUXKdoAAAAAArdPvU0AAAAANalHS1gp\/lFXHg6feEuFb4Zb2g\/ez1nPl1eHtbqlwSNpqPh32wBC0WyVuw16y1q7U6W2ibdSrd5+3HW7bXvTbklIS4062VOx1yalLMAhKNP+m9ZtVVuNX7Edaqjcuyh2Cu2+B9vSOnaxbalcKfceWJ4fqIDSmRfdbqT66yesTKxtpr3DYYrn6+Xt5JKJm4S1wHBI2WnYmLaAxzZenNnHptrnHr5N9NtdsY20309vLOPbzw6QGMZa676bssZxswxkYzjONtcsZyAAAAAAAD\/\/xAAoEAABBQABAwQCAgMAAAAAAAADAAECBAUSERMUFSEwNDFQIjIzQGD\/2gAIAQEAAQUC\/wCfPaFXUtcLKsfyQ\/qNWvygsv6X6J3aLH1p9fUbXWtqO8jmiARNSzJ5aBiBVMvYy5a5XVG4exavXyVjS0rUkEj+IbWI7+o2lT0SlNd0CVyvpWnQ9WxF\/Lg9MmrYkgaZBtLUsycOtOKJq2JKvpl7k5NCJtYjv6jaQNabO5YMI2sWTtdvO1XROU\/wak+NNDPRjVWhN3qq1RGGis6ESUCR4Fyvua33A\/59abxqqvnBJTzqZQ2NEQJznZo9hZUYkq2xxFapBiezeDAFkMO4fQrDrOtefQClTE2YhPImOgaRAjpFqEsfBqw5U1XqVjCnTpjWrH+Ct3BEoLLPDsWPs55YBs6BoHsjlxJpSieoqd8LV2vCIpSecgUgvRWQ7dm\/93Ndmu6v3K3ta2PytVuddTtC9KWZ0FSapVuq1TnVUXeM\/glFpRs5sxy8YyDnFK568T1yUzDkGgUsi0SwNUzyRNfoz70aZ5PLKeNaFI01UpduvYziCl4pln05jnYzyCnGoebnziCYVUzluVjTtjpGcmjXKS14Z1frTcfhnVOs3gnzSCl4xlXzZklZC\/heNZG8g2SPTzn5\/A64rtrtqf8AXiuC4qMPd49X4LiuCZuMeK4KMei4rtrgmgpR6yaHvKPV+ClH24LpxjxXBcV+Y9tPBkzdH+R10T\/jom\/0un7n\/8QANBAAAQMCAwUFBwQDAAAAAAAAAQACEQMSECIxEyFBUXEEMjNhoSMwQlJygYIgUGBiQJGi\/9oACAEBAAY\/Av4+No6J8lla8raW2+X7Tt57u6MB1P7HJ0UUQAOZXi+gQZXA3\/EEajtFlIYOQCdTqQ4O44bTWJWVjArXuyxpC2bGt0mSu+B0CbUq7suaURRAaOZ1Xi+gTaT2gzxWzYwdSvF9As9rx0R7QNANFlDWJ+0mpyW5wb0CO2F3KFlhg6INrQ5p4wi5xgBexAaOZ1Xi\/wDIUVhI+YLaTkiZXsgGD1Vwc4jnYmU3Bpn3JHzGMBTc2XW78vHDsrebZOAqNm8RPngGvAIk6p7eRhfiV+Kp\/UEGj4jgHEZ3CZlF9VkQNya6pXsIGkSjTbSOm424VGOEtu0VRjdAU1jphWM0hMYdC4BU9nO\/BjPmOF1uey6cKrB8J9MAy1rmhXNZZVP+vc\/S6cA7bw7iFm7UqDm92IwDGulzo3YbIuAfOiq\/WVc8wI1VzDLYhNdyMptSm4ODXb4wYx77XNEJ4pSS1hdoi5xklGvUMmDxwqdVV6ps8ivxVI\/2Co\/fCnUbvAOEXi6y2OOD6j+7M\/ZOd2d5YeIhCSCDyQLdQd3uS06FTTNzeXFeG5ZoYPNbI\/YqLbvMKDkHmnMa24cCmVHPZuOiNSnvDuCiyOqLr5qcgu7b9SfTqEOv5LJnb6rw3Jz6kQW22o2Z2+SiwjqgWkP6JvszqqjmskJoczdPNSxsiF4fquztY2bWwvD9Vs6je9MhZM7fVeG5e0NjfVGjSgcFIa6eYKzNe4\/2QqVSN3w+9j9E\/wCCP5L\/AP\/EACoQAQACAQIEBgICAwAAAAAAAAEAESEQMUFRYXEwgZGhsfDB0SBQYOHx\/9oACAEBAAE\/If8AH8mltC0+CUJWbhTK\/wCp3dxFw1en13P+jcrQysYznhWs333eUrIMNqu8X3DYOLyjN4IA\/Ma4DgpM9NBdmXC98z35bZWdlaAgRC8SzZOlOZyMssITE7Bame\/d+qcjh+IluqHevyiV4HT9UBW4i6PtDJVDbnyliEdC33htYc3apl0L5C\/MKGzyNNxD0y3zDuJVsJKfitYzOSS1M93+nSAR8lpIyZp5KJTgFS46BlBPiEF3VhSeChnDfz+NOOxXd5tFk7PpH+9KYg2XeWiUXiHWELs49dE2O38zMOH5pwAEe32tEFNdwuUpiachzCoVlLkl\/wCcaV3zvQRTZrsQAKxCZU0Vp5R0KVNLcJIiiusrsKt23top3NfLSuzUc+99L\/FxHcP70fYDF4YgbeoXK+Xgo6Gwvj86Pp1Z0KYffkCL7Q6LcHTatKcCtTatMUQ6Tv2gr6OYJz+YS1YDaqllbFG9QAXVmmxyAjmW0tTgYjUFWrEgqxsDSoWXnXlPudCOirBntN3sjFsBm84rQeGXpoTTDKdTRFCs5d222gwMkuw\/7EAE5bHpGc\/aY4407vBBGwpIqFwrUJnqWa7ebZ8iWx4dhjzA7twqJxWUrA90hNGarbKDmY3yMB29WBMA1k2O0fCg5qpR7rPCRJc4HJ3lrXtSoCtWzlIHDkO47wxUvHEJbITPETBIVu8RiCOGzlKDDItNojxSXZOq9E3O+Z7TqvR+4bj1cr7UaXOBWBM9Zu0LJci8owXCAWsXMSw6qD+tE\/mGzYsOW+vg7I3bYWmEt3NNwutOLFywtMcSkwBxmc7ZZe0zlKuUh2PKWjMKZmb5cHLQYBp2wrtExsA7wW0zh4LKlSoLr+ACiVAiSoytalSoSoESVEvQypwlQxpUr+x\/\/9oACAEBAAAAEP8A\/wD\/AP8A\/wD\/AP8A\/wD\/AP8A\/wD+\/wD\/AP8A\/wD\/AO\/\/AP8A\/wD+3T0byf8AzqkrWAP5wA82Av8AqJILir\/uVDCob\/8AL7pi7X\/9f\/8A\/wD\/AP8A\/8QAKRABAAICAQMDBAMAAwAAAAAAAQARITFBUWFxgZGhEDCx8FDB0UBg4f\/aAAgBAQABPxD\/AK+6bAWE14l4KViwvy\/iEOgYrsNXo\/iUcXOBkqXfW09p5\/hKAGlUNAG5gdsecw0Hm\/SaxLeTFXiB5EADZxTp3IqbXsNoSwk8iera\/SE0gGWAezjp9K5Zxis0C\/WWVY83T1sJeGpRllc7hgoEglrqk6RygHWS9xYqnYDYQyp3q\/WfMyJRTggOYnSl8RfpSUrKFVNOu0M5BHaE4Fc2b4lAjpVj3hCsZQKuzT8Q01MakOLvW6J0QA\/PWPiXYOIXUHiuIwsTHuht\/UMGS4jdDxUVuUaLvq2\/EEyJkXWrKwwWyz9AQcpWvZTRDBeBohx\/w+Qk0+lTQ3FbHayAjLs7zeDxUaiLn1BSkv7rMJtcY1fEPsNilkHjKju7glUyLpGa8nDGjWG\/aLScjdtZ+YK0Y6wIlpmFQccZeI0NEtOoXDo3OuLZeBG+Zmb\/AGqft+sAULQI8lYp1HfJFT3j0xMxqlF3gXWq2SwBNjFJ0el+8s7dsvrMDZzMwZY2pQk3usy+bz1gE+U7Hseh7T0Dzwl0e8TMAWZp14lDkPAX3i5jJZpBDAC3e2GfmGNb7RKMN3Qf6jO6+IYIYXbUEPbZOde8JAfRzYkMoy6AaOljXxAB7ZVNr6v0IVWNfYTM4NwZt+X0wIiVuahzXeWcWc7+gWHUharSl8L9pZtMckx9UqtoW+uSp5lfUkYS5O6MNM\/2YXJcsafTxMlyjQour8wDVpTw3\/UGVxoIJs4zWJ6ymlyWAYEQ6TezwlwxnN29Io4TmVgNwXPlgYyuOv0vPFq2Qwv4nwsiFlsKi4\/V94+IjU4Cl3CMEawwLwZ4\/feB1YRvBJ+D3mb1m4OxxfpH1Vhb+m0wMXYLx5I1BLIXyWEPDU5DnbZ1ONxvmpVujiGvsFreUWIxbUcpD0p35jkLutXDBshYzsf3HDgBjyRQ\/vWDes4Wn+IvFvVp2OWdJhZO4unrD1ea3+KJamtYHPadi2yvIXeB5YSyUqLnIXb0Zdyul+2\/iBiam1FGl22Xct8WQNB2P9QFJeaHuyr24XJsccMyRFxKuAdYFWGV9QQ8ZcaCdh2d5fRyrEAw1p0C4HWIzYvAktoekcLTqWS+rLHPk\/8AWN4DoErB69o2+lEzOWo3tQic0EnNDgqHc\/yCe5KQ4ES6nxBg\/cQWVj2CLL71K\/XS16Ebi8MKGE9VKpYmbOF+OtfZSOtwGC13cAW0RusDDxNAt4OZV4zEtinkiG7+SMYNDmyWD1xcHAIoKWlyGpZio6bFEpUtdrC5Z7o6qBwxE5Jl3BOt0mCkxEaNrCEoc9IGDd7h3thAIA53UNrIalb1HvsvxEraWu2tzloqWBFJmW3MUzMECVWxKfDOPsCyp4S3WWl6DRqDUm+piYhdShliQowWTwhg+iZaqnhBUStwBuoK3A3cOkpZBZPCVpPCClERd\/SHdfdqUdCVco6Sv+FX3v\/Z\" alt=\"\" width=\"148\" height=\"37\" name=\"Imagen 3\" align=\"bottom\" border=\"0\" \/><\/a><\/p>\n<p>Para acceder a la plataforma el centro le proporcionar\u00e1 un usuario y una contrase\u00f1a. Si no puede acceder, puede ser por varios motivos:<\/p>\n<p>&#8211; no ha recibido su usuario y contrase\u00f1a.<br \/>\n&#8211; sus par\u00e1metros de acceso ya no son v\u00e1lidos por haber excedido el plazo establecido para primer acceso despu\u00e9s de generaci\u00f3n o renovaci\u00f3n.<br \/>\n&#8211; su usuario ha sido bloqueado por excesivos intentos de acceso con contrase\u00f1a incorrecta o por m\u00e1s de un mes de inactividad.<br \/>\n&#8211; ha extraviado o duda del usuario y\/o contrase\u00f1a.<\/p>\n<p>Si le ha pasado alguno de estas cosas, solicite la renovaci\u00f3n de usuario y contrase\u00f1a en la recepci\u00f3n del colegio.\u00a0Se le facilitar\u00e1 en el mismo momento.<\/p>\n<p>El tiempo de validez de estos par\u00e1metros est\u00e1 limitado al plazo que se indica en la hoja informativa de los nuevos valores.<\/p>\n<p>En el primer acceso a la plataforma se le requerir\u00e1 modificar el usuario y contrase\u00f1a\u00a0para poder seguir haciendo uso de este servicio.\u00a0 A partir de este momento y salvo que se solicite nueva generaci\u00f3n o cese como usuario de la plataforma, el tiempo de acceso ser\u00e1 indefinido.<\/p>\n","protected":false},"excerpt":{"rendered":"<p>Educamos es nuestra plataforma inform\u00e1tica de informaci\u00f3n a las familias. Conocemos la importancia de estar comunicados a diario con las familias. Al ser bidireccional, la comunicaci\u00f3n es r\u00e1pida y sencilla. En ella podr\u00e1n verse las ausencias, calificaciones, incidencias, eventos, mensajes, \u2026 Para acceder a Educamos pulse en el siguiente enlace: Para acceder a la plataforma&hellip; <br \/> <a class=\"read-more\" href=\"https:\/\/escolapiosalcala.es\/ea_centro\/ea_blog\/centro\/educamos\/\">Leer m\u00e1s<\/a><\/p>\n","protected":false},"author":1,"featured_media":0,"parent":0,"menu_order":0,"comment_status":"closed","ping_status":"closed","template":"","meta":[],"_links":{"self":[{"href":"https:\/\/escolapiosalcala.es\/ea_centro\/ea_blog\/centro\/wp-json\/wp\/v2\/pages\/125"}],"collection":[{"href":"https:\/\/escolapiosalcala.es\/ea_centro\/ea_blog\/centro\/wp-json\/wp\/v2\/pages"}],"about":[{"href":"https:\/\/escolapiosalcala.es\/ea_centro\/ea_blog\/centro\/wp-json\/wp\/v2\/types\/page"}],"author":[{"embeddable":true,"href":"https:\/\/escolapiosalcala.es\/ea_centro\/ea_blog\/centro\/wp-json\/wp\/v2\/users\/1"}],"replies":[{"embeddable":true,"href":"https:\/\/escolapiosalcala.es\/ea_centro\/ea_blog\/centro\/wp-json\/wp\/v2\/comments?post=125"}],"version-history":[{"count":8,"href":"https:\/\/escolapiosalcala.es\/ea_centro\/ea_blog\/centro\/wp-json\/wp\/v2\/pages\/125\/revisions"}],"predecessor-version":[{"id":2824,"href":"https:\/\/escolapiosalcala.es\/ea_centro\/ea_blog\/centro\/wp-json\/wp\/v2\/pages\/125\/revisions\/2824"}],"wp:attachment":[{"href":"https:\/\/escolapiosalcala.es\/ea_centro\/ea_blog\/centro\/wp-json\/wp\/v2\/media?parent=125"}],"curies":[{"name":"wp","href":"https:\/\/api.w.org\/{rel}","templated":true}]}}