{"id":121,"date":"2016-01-26T10:59:03","date_gmt":"2016-01-26T10:59:03","guid":{"rendered":"http:\/\/escolapiosalcala.es\/ea_centro\/ea_blog\/centro\/?page_id=121"},"modified":"2016-02-17T13:45:56","modified_gmt":"2016-02-17T13:45:56","slug":"innovacion-tecnologica","status":"publish","type":"page","link":"https:\/\/escolapiosalcala.es\/ea_centro\/ea_blog\/centro\/innovacion-tecnologica\/","title":{"rendered":"Innovaci\u00f3n Tecnol\u00f3gica"},"content":{"rendered":"<p style=\"text-align: justify;\"><a href=\"http:\/\/escolapiosalcala.es\/ea_centro\/ea_blog\/centro\/wp-content\/uploads\/2016\/01\/innovacion_tecnologica_marco.jpg\" rel=\"attachment wp-att-1119\"><img decoding=\"async\" loading=\"lazy\" class=\"aligncenter wp-image-1119\" src=\"http:\/\/escolapiosalcala.es\/ea_centro\/ea_blog\/centro\/wp-content\/uploads\/2016\/01\/innovacion_tecnologica_marco.jpg\" alt=\"innovacion_tecnologica_marco\" width=\"964\" height=\"485\" srcset=\"https:\/\/escolapiosalcala.es\/ea_centro\/ea_blog\/centro\/wp-content\/uploads\/2016\/01\/innovacion_tecnologica_marco.jpg 1316w, https:\/\/escolapiosalcala.es\/ea_centro\/ea_blog\/centro\/wp-content\/uploads\/2016\/01\/innovacion_tecnologica_marco-300x151.jpg 300w, https:\/\/escolapiosalcala.es\/ea_centro\/ea_blog\/centro\/wp-content\/uploads\/2016\/01\/innovacion_tecnologica_marco-768x386.jpg 768w, https:\/\/escolapiosalcala.es\/ea_centro\/ea_blog\/centro\/wp-content\/uploads\/2016\/01\/innovacion_tecnologica_marco-1024x515.jpg 1024w\" sizes=\"(max-width: 964px) 100vw, 964px\" \/><\/a><\/p>\n<p style=\"text-align: justify;\">El uso educativo y supervisado de las nuevas tecnolog\u00edas por parte de los ni\u00f1os puede ser muy beneficioso para el desarrollo y adquisici\u00f3n de las competencias b\u00e1sicas de nuestros alumnos.<\/p>\n<p style=\"text-align: justify;\">Por ello el centro est\u00e1 dotado de dos aulas de inform\u00e1tica, una para uso de los alumnos de infantil y primaria y otra para los alumnos de la ESO<\/p>\n<p style=\"text-align: justify;\">Adem\u00e1s, los alumnos hacen uso del laboratorio de idiomas desde los 5 a\u00f1os.<\/p>\n<p style=\"text-align: justify;\">Contamos con pizarras digitales interactivas en todas las aulas<\/p>\n<p style=\"text-align: justify;\">Y disponemos de una mesa de tablets para hacer uso de ellas en las aulas.<\/p>\n<p style=\"text-align: justify;\">Adem\u00e1s el centro dispone de una plataforma inform\u00e1tica de comunicaci\u00f3n diaria con las familias: <a href=\"http:\/\/educamos.com\/\" target=\"_blank\">Educamos<\/a>.<\/p>\n","protected":false},"excerpt":{"rendered":"<p>El uso educativo y supervisado de las nuevas tecnolog\u00edas por parte de los ni\u00f1os puede ser muy beneficioso para el desarrollo y adquisici\u00f3n de las competencias b\u00e1sicas de nuestros alumnos. Por ello el centro est\u00e1 dotado de dos aulas de inform\u00e1tica, una para uso de los alumnos de infantil y primaria y otra para los&hellip; <br \/> <a class=\"read-more\" href=\"https:\/\/escolapiosalcala.es\/ea_centro\/ea_blog\/centro\/innovacion-tecnologica\/\">Leer m\u00e1s<\/a><\/p>\n","protected":false},"author":1,"featured_media":0,"parent":0,"menu_order":0,"comment_status":"closed","ping_status":"closed","template":"","meta":[],"_links":{"self":[{"href":"https:\/\/escolapiosalcala.es\/ea_centro\/ea_blog\/centro\/wp-json\/wp\/v2\/pages\/121"}],"collection":[{"href":"https:\/\/escolapiosalcala.es\/ea_centro\/ea_blog\/centro\/wp-json\/wp\/v2\/pages"}],"about":[{"href":"https:\/\/escolapiosalcala.es\/ea_centro\/ea_blog\/centro\/wp-json\/wp\/v2\/types\/page"}],"author":[{"embeddable":true,"href":"https:\/\/escolapiosalcala.es\/ea_centro\/ea_blog\/centro\/wp-json\/wp\/v2\/users\/1"}],"replies":[{"embeddable":true,"href":"https:\/\/escolapiosalcala.es\/ea_centro\/ea_blog\/centro\/wp-json\/wp\/v2\/comments?post=121"}],"version-history":[{"count":6,"href":"https:\/\/escolapiosalcala.es\/ea_centro\/ea_blog\/centro\/wp-json\/wp\/v2\/pages\/121\/revisions"}],"predecessor-version":[{"id":457,"href":"https:\/\/escolapiosalcala.es\/ea_centro\/ea_blog\/centro\/wp-json\/wp\/v2\/pages\/121\/revisions\/457"}],"wp:attachment":[{"href":"https:\/\/escolapiosalcala.es\/ea_centro\/ea_blog\/centro\/wp-json\/wp\/v2\/media?parent=121"}],"curies":[{"name":"wp","href":"https:\/\/api.w.org\/{rel}","templated":true}]}}