{"id":109,"date":"2016-01-26T10:57:27","date_gmt":"2016-01-26T10:57:27","guid":{"rendered":"http:\/\/escolapiosalcala.es\/ea_centro\/ea_blog\/centro\/?page_id=109"},"modified":"2024-01-23T14:40:23","modified_gmt":"2024-01-23T14:40:23","slug":"idiomas","status":"publish","type":"page","link":"https:\/\/escolapiosalcala.es\/ea_centro\/ea_blog\/centro\/idiomas\/","title":{"rendered":"Idiomas y Programa BEDA"},"content":{"rendered":"<p><a href=\"http:\/\/escolapiosalcala.es\/ea_centro\/ea_blog\/centro\/wp-content\/uploads\/2016\/01\/idiomas_panoramica_marco.jpg\" rel=\"attachment wp-att-964\"><img decoding=\"async\" loading=\"lazy\" class=\"aligncenter size-full wp-image-964\" src=\"http:\/\/escolapiosalcala.es\/ea_centro\/ea_blog\/centro\/wp-content\/uploads\/2016\/01\/idiomas_panoramica_marco.jpg\" alt=\"idiomas_panoramica_marco\" width=\"982\" height=\"530\" srcset=\"https:\/\/escolapiosalcala.es\/ea_centro\/ea_blog\/centro\/wp-content\/uploads\/2016\/01\/idiomas_panoramica_marco.jpg 982w, https:\/\/escolapiosalcala.es\/ea_centro\/ea_blog\/centro\/wp-content\/uploads\/2016\/01\/idiomas_panoramica_marco-300x162.jpg 300w, https:\/\/escolapiosalcala.es\/ea_centro\/ea_blog\/centro\/wp-content\/uploads\/2016\/01\/idiomas_panoramica_marco-768x415.jpg 768w\" sizes=\"(max-width: 982px) 100vw, 982px\" \/><\/a><\/p>\n<h3>Ver informaci\u00f3n curso actual: <span style=\"color: #00ccff;\">Ex\u00e1menes Cambridge<\/span><\/h3>\n<p style=\"text-align: justify;\"><span lang=\"en-US\">El programa <a href=\"http:\/\/www.ecmadrid.org\/es\/programas\/programa-beda\" target=\"_blank\" rel=\"noopener\">BEDA<\/a> (Bilingual English Development and Assessment)<\/span> persigue implementar y optimizar la eficacia de la ense\u00f1anza de idiomas en la escuela. Lo hace a trav\u00e9s de tres ejes:<\/p>\n<ul>\n<li style=\"text-align: justify;\">Incremento cualitativo y cuantitativo de la ense\u00f1anza del Ingl\u00e9s (auxiliares de conversaci\u00f3n, una hora m\u00e1s de ingl\u00e9s desde Infantil )<\/li>\n<li style=\"text-align: justify;\">Formaci\u00f3n espec\u00edfica del profesorado.<\/li>\n<li style=\"text-align: justify;\">Evaluaci\u00f3n externa del alumnado y de los miembros de la comunidad educativa del centro. Con CAMBRIDGE ESOL.<\/li>\n<\/ul>\n<p style=\"text-align: justify;\"><strong><span style=\"text-decoration: underline;\">En Educaci\u00f3n Infantil:<\/span> <\/strong><\/p>\n<ul>\n<li style=\"text-align: justify;\">Trabajamos con el m\u00e9todo <a href=\"http:\/\/escolapiosalcala.es\/ea_centro\/ea_blog\/centro\/wp-content\/uploads\/2016\/01\/ProyectoBedaKidsweb.pdf\" target=\"_blank\" rel=\"noopener\">BEDA KIDS<\/a> (m\u00e9todo tambi\u00e9n basado en las inteligencias m\u00faltiples) dirigido a la potenciaci\u00f3n y mejora de la ense\u00f1anza del idioma ingl\u00e9s en Educaci\u00f3n Infantil.<\/li>\n<li style=\"text-align: justify;\">Se dan 5 horas semanales de ingl\u00e9s (2 de ellas con especialista, otras dos con profesorado nativo y otra con el Centro de Perfeccionamiento y Alto Rendimiento de la Escuela de Tenis Alcal\u00e1).<\/li>\n<\/ul>\n<p style=\"text-align: justify;\"><strong><span style=\"text-decoration: underline;\">En Educaci\u00f3n Primaria<\/span><\/strong><\/p>\n<ul>\n<li style=\"text-align: justify;\">Trabajamos con el m\u00e9todo High Five de <a href=\"http:\/\/highfive.macmillan.es\/\" target=\"_blank\" rel=\"noopener\">MacMillan<\/a> (m\u00e9todo tambi\u00e9n basado en las inteligencias m\u00faltiples, el trabajo cooperativo, la realizaci\u00f3n de los <a href=\"http:\/\/www.cambridgeenglish.org\/es\/\" target=\"_blank\" rel=\"noopener\">ex\u00e1menes oficiales de Cambridge<\/a>,\u2026) dirigido a la potenciaci\u00f3n y mejora de la ense\u00f1anza del idioma ingl\u00e9s en Educaci\u00f3n Primaria.<\/li>\n<li style=\"text-align: justify;\">Se dan 5 horas semanales en ingl\u00e9s desglosadas de la siguiente manera:\n<ul>\n<li style=\"text-align: justify;\">3 horas curriculares.<\/li>\n<li style=\"text-align: justify;\">1 hora Arts and Crafts.<\/li>\n<li style=\"text-align: justify;\">1 hora conversaci\u00f3n con el auxiliar de conversaci\u00f3n.<\/li>\n<\/ul>\n<\/li>\n<li style=\"text-align: justify;\">Todos los alumnos tienen 1 hora de conversaci\u00f3n con profesorado nativo.<\/li>\n<li style=\"text-align: justify;\">Una hora semanal en el laboratorio de idiomas.<\/li>\n<li style=\"text-align: justify;\">La asignatura de Arts And Craft se da en ingl\u00e9s. Aumentando as\u00ed a 5 horas de ingl\u00e9s a la semana desde 1\u00ba hasta 6\u00ba de Primaria.<\/li>\n<li>La Educaci\u00f3n f\u00edsica en todos los cursos se imparte en Ingl\u00e9s<\/li>\n<li style=\"text-align: justify;\">Todos los a\u00f1os presentamos a nuestros alumnos a los ex\u00e1menes oficiales de Cambridge (desde los 7 a\u00f1os).<\/li>\n<li style=\"text-align: justify;\">Realizamos campamentos de inmersi\u00f3n ling\u00fc\u00edstica: <a href=\"http:\/\/www.villacarriedosummerschool.es\/\" target=\"_blank\" rel=\"noopener\">Villacarriedo Summer School.<\/a><\/li>\n<\/ul>\n<p style=\"text-align: justify;\"><strong><span style=\"text-decoration: underline;\">En Educaci\u00f3n Secundaria:<\/span><\/strong><\/p>\n<ul>\n<li style=\"text-align: justify;\">En ingl\u00e9s, trabajamos con el m\u00e9todo de MacMillan (m\u00e9todo tambi\u00e9n basado en las inteligencias m\u00faltiples, el trabajo cooperativo, la realizaci\u00f3n de los <a href=\"http:\/\/www.cambridgeenglish.org\/es\/\" target=\"_blank\" rel=\"noopener\">ex\u00e1menes oficiales de Cambridge<\/a>,\u2026) dirigido a la potenciaci\u00f3n y mejora de la ense\u00f1anza del idioma ingl\u00e9s en Educaci\u00f3n Secundaria.<\/li>\n<li style=\"text-align: justify;\">Se trabaja de la siguiente manera:\n<ul>\n<li>5h semanales en 1\u00ba ESO y 4\u00ba ESO de las cuales 1h es conversaci\u00f3n con el auxiliar.<\/li>\n<li>4h semanales en 2\u00ba y 3\u00ba ESO de las cuales 1h es conversaci\u00f3n con el auxiliar.<\/li>\n<\/ul>\n<\/li>\n<li>La Educaci\u00f3n f\u00edsica en 1\u00ba y 2\u00ba ESO se imparte en Ingl\u00e9s.<\/li>\n<li style=\"text-align: justify;\">Todos los alumnos tienen 1 hora de conversaci\u00f3n con profesorado nativo.<\/li>\n<li style=\"text-align: justify;\">Todos los a\u00f1os presentamos a nuestros alumnos a los ex\u00e1menes oficiales de Cambridge (PET, KET Y First Certificate)<\/li>\n<li style=\"text-align: justify;\">Realizamos campamentos de inmersi\u00f3n ling\u00fc\u00edstica <a href=\"http:\/\/www.villacarriedosummerschool.es\/\" target=\"_blank\" rel=\"noopener\">Villacarriedo Summer School<\/a>.<\/li>\n<li style=\"text-align: justify;\">Se proponen viajes de inmersi\u00f3n ling\u00fc\u00edstica a pa\u00eds anglosaj\u00f3n en 3\u00ba ESO.<\/li>\n<\/ul>\n<p style=\"text-align: justify;\">Adem\u00e1s, todos los a\u00f1os celebramos el D\u00eda de la Uni\u00f3n Europea, el 9 de Mayo, y el seminario de idiomas involucra a todo el profesorado y alumnos del centro para participar, llegando as\u00ed a poder ver <a href=\"https:\/\/youtu.be\/ffF89qpm-aM\" target=\"_blank\" rel=\"noopener\">actuaciones como las de los alumnos de 2\u00ba de Primaria<\/a>.<\/p>\n<p><span lang=\"es-ES\"><a href=\"http:\/\/escolapiosalcala.es\/ea_centro\/ea_blog\/centro\/wp-content\/uploads\/2019\/03\/IMG-20190227-WA0026-1.jpg\"><img decoding=\"async\" loading=\"lazy\" class=\"alignright size-medium wp-image-3577\" src=\"http:\/\/escolapiosalcala.es\/ea_centro\/ea_blog\/centro\/wp-content\/uploads\/2019\/03\/IMG-20190227-WA0026-1-300x225.jpg\" alt=\"\" width=\"300\" height=\"225\" srcset=\"https:\/\/escolapiosalcala.es\/ea_centro\/ea_blog\/centro\/wp-content\/uploads\/2019\/03\/IMG-20190227-WA0026-1-300x225.jpg 300w, https:\/\/escolapiosalcala.es\/ea_centro\/ea_blog\/centro\/wp-content\/uploads\/2019\/03\/IMG-20190227-WA0026-1-768x576.jpg 768w, https:\/\/escolapiosalcala.es\/ea_centro\/ea_blog\/centro\/wp-content\/uploads\/2019\/03\/IMG-20190227-WA0026-1-1024x768.jpg 1024w, https:\/\/escolapiosalcala.es\/ea_centro\/ea_blog\/centro\/wp-content\/uploads\/2019\/03\/IMG-20190227-WA0026-1-1440x1080.jpg 1440w, https:\/\/escolapiosalcala.es\/ea_centro\/ea_blog\/centro\/wp-content\/uploads\/2019\/03\/IMG-20190227-WA0026-1.jpg 1600w\" sizes=\"(max-width: 300px) 100vw, 300px\" \/><\/a><\/span><\/p>\n<p style=\"text-align: justify;\"><span lang=\"es-ES\">Estamos especialmente contentos porque el curso 2017-18 se nos entreg\u00f3 la certificaci\u00f3n como\u00a0colegio Biling\u00fce BEDA. Este hecho supone estar trabajando con ilusi\u00f3n y eficacia por la mejora de la ense\u00f1anza del ingl\u00e9s en el centro. Continuaremos participando de las diferentes propuestas y proyectos que nos ayuden a mejorar a\u00fan m\u00e1s en este proyecto de biling\u00fcismo que comenz\u00f3 en 2008.<\/span><\/p>\n<div id=\"SL_balloon_obj\" style=\"display: block;\">\n<div id=\"SL_button\" style=\"background: transparent url('chrome:\/\/imtranslator\/content\/img\/util\/imtranslator-s.png') repeat scroll 0% 0%; display: none; width: 24px; height: 24px; position: absolute; cursor: pointer; visibility: visible; opacity: 1; transition: visibility 0.1s ease 0s, opacity 0.1s linear 0s;\"><\/div>\n<div id=\"SL_shadow_translation_result2\" style=\"display: none; margin-top: 30px; margin-left: 1px; direction: ltr; text-align: left; min-height: 40px;\"><\/div>\n<div id=\"SL_shadow_translator\" style=\"display: none;\">\n<div id=\"SL_providers\">\n<div id=\"SL_P0\" class=\"SL_BL_LABLE_ON\" title=\"Google\">G<\/div>\n<div id=\"SL_P1\" class=\"SL_BL_LABLE_ON\" title=\"Microsoft\">M<\/div>\n<div id=\"SL_P2\" class=\"SL_BL_LABLE_ON\" title=\"Translator\">T<\/div>\n<\/div>\n<div id=\"SL_planshet\" style=\"background: #f4f5f5 url('chrome:\/\/imtranslator\/content\/img\/util\/bg2.png') repeat scroll 0% 0%;\">\n<div id=\"SL_TB\">\n<div id=\"bubblelogo\" style=\"background: transparent url('chrome:\/\/imtranslator\/content\/img\/util\/imtranslator-s.png') repeat scroll 0% 0%; display: block; width: 24px; height: 24px; cursor: pointer; position: absolute;\"><\/div>\n<table id=\"SL_tables\">\n<tbody>\n<tr>\n<td align=\"right\" width=\"10%\"><input id=\"SLloc\" title=\"Lock-in language\" type=\"checkbox\" \/><\/td>\n<td align=\"left\" width=\"20%\"><select id=\"SL_lng_from\"><option value=\"auto\">Detect language<\/option><option value=\"af\">Afrikaans<\/option><option value=\"sq\">Albanian<\/option><option value=\"ar\">Arabic<\/option><option value=\"hy\">Armenian<\/option><option value=\"az\">Azerbaijani<\/option><option value=\"eu\">Basque<\/option><option value=\"be\">Belarusian<\/option><option value=\"bn\">Bengali<\/option><option value=\"bs\">Bosnian<\/option><option value=\"bg\">Bulgarian<\/option><option value=\"ca\">Catalan<\/option><option value=\"ceb\">Cebuano<\/option><option value=\"ny\">Chichewa<\/option><option value=\"zh-CN\">Chinese (Simplified)<\/option><option value=\"zh-TW\">Chinese (Traditional)<\/option><option value=\"hr\">Croatian<\/option><option value=\"cs\">Czech<\/option><option value=\"da\">Danish<\/option><option value=\"nl\">Dutch<\/option><option value=\"en\">English<\/option><option value=\"eo\">Esperanto<\/option><option value=\"et\">Estonian<\/option><option value=\"tl\">Filipino<\/option><option value=\"fi\">Finnish<\/option><option value=\"fr\">French<\/option><option value=\"gl\">Galician<\/option><option value=\"ka\">Georgian<\/option><option value=\"de\">German<\/option><option value=\"el\">Greek<\/option><option value=\"gu\">Gujarati<\/option><option value=\"ht\">Haitian Creole<\/option><option value=\"ha\">Hausa<\/option><option value=\"iw\">Hebrew<\/option><option value=\"hi\">Hindi<\/option><option value=\"hmn\">Hmong<\/option><option value=\"hu\">Hungarian<\/option><option value=\"is\">Icelandic<\/option><option value=\"ig\">Igbo<\/option><option value=\"id\">Indonesian<\/option><option value=\"ga\">Irish<\/option><option value=\"it\">Italian<\/option><option value=\"ja\">Japanese<\/option><option value=\"jw\">Javanese<\/option><option value=\"kn\">Kannada<\/option><option value=\"kk\">Kazakh<\/option><option value=\"km\">Khmer<\/option><option value=\"ko\">Korean<\/option><option value=\"lo\">Lao<\/option><option value=\"la\">Latin<\/option><option value=\"lv\">Latvian<\/option><option value=\"lt\">Lithuanian<\/option><option value=\"mk\">Macedonian<\/option><option value=\"mg\">Malagasy<\/option><option value=\"ms\">Malay<\/option><option value=\"ml\">Malayalam<\/option><option value=\"mt\">Maltese<\/option><option value=\"mi\">Maori<\/option><option value=\"mr\">Marathi<\/option><option value=\"mn\">Mongolian<\/option><option value=\"my\">Myanmar (Burmese)<\/option><option value=\"ne\">Nepali<\/option><option value=\"no\">Norwegian<\/option><option value=\"fa\">Persian<\/option><option value=\"pl\">Polish<\/option><option value=\"pt\">Portuguese<\/option><option value=\"pa\">Punjabi<\/option><option value=\"ro\">Romanian<\/option><option value=\"ru\">Russian<\/option><option value=\"sr\">Serbian<\/option><option value=\"st\">Sesotho<\/option><option value=\"si\">Sinhala<\/option><option value=\"sk\">Slovak<\/option><option value=\"sl\">Slovenian<\/option><option value=\"so\">Somali<\/option><option value=\"es\">Spanish<\/option><option value=\"su\">Sundanese<\/option><option value=\"sw\">Swahili<\/option><option value=\"sv\">Swedish<\/option><option value=\"tg\">Tajik<\/option><option value=\"ta\">Tamil<\/option><option value=\"te\">Telugu<\/option><option value=\"th\">Thai<\/option><option value=\"tr\">Turkish<\/option><option value=\"uk\">Ukrainian<\/option><option value=\"ur\">Urdu<\/option><option value=\"uz\">Uzbek<\/option><option value=\"vi\">Vietnamese<\/option><option value=\"cy\">Welsh<\/option><option value=\"yi\">Yiddish<\/option><option value=\"yo\">Yoruba<\/option><option value=\"zu\">Zulu<\/option><\/select><\/td>\n<td align=\"center\" width=\"5%\"><\/td>\n<td align=\"left\" width=\"20%\"><select id=\"SL_lng_to\"><option value=\"af\">Afrikaans<\/option><option value=\"sq\">Albanian<\/option><option value=\"ar\">Arabic<\/option><option value=\"hy\">Armenian<\/option><option value=\"az\">Azerbaijani<\/option><option value=\"eu\">Basque<\/option><option value=\"be\">Belarusian<\/option><option value=\"bn\">Bengali<\/option><option value=\"bs\">Bosnian<\/option><option value=\"bg\">Bulgarian<\/option><option value=\"ca\">Catalan<\/option><option value=\"ceb\">Cebuano<\/option><option value=\"ny\">Chichewa<\/option><option value=\"zh-CN\">Chinese (Simplified)<\/option><option value=\"zh-TW\">Chinese (Traditional)<\/option><option value=\"hr\">Croatian<\/option><option value=\"cs\">Czech<\/option><option value=\"da\">Danish<\/option><option value=\"nl\">Dutch<\/option><option value=\"en\">English<\/option><option value=\"eo\">Esperanto<\/option><option value=\"et\">Estonian<\/option><option value=\"tl\">Filipino<\/option><option value=\"fi\">Finnish<\/option><option value=\"fr\">French<\/option><option value=\"gl\">Galician<\/option><option value=\"ka\">Georgian<\/option><option value=\"de\">German<\/option><option value=\"el\">Greek<\/option><option value=\"gu\">Gujarati<\/option><option value=\"ht\">Haitian Creole<\/option><option value=\"ha\">Hausa<\/option><option value=\"iw\">Hebrew<\/option><option value=\"hi\">Hindi<\/option><option value=\"hmn\">Hmong<\/option><option value=\"hu\">Hungarian<\/option><option value=\"is\">Icelandic<\/option><option value=\"ig\">Igbo<\/option><option value=\"id\">Indonesian<\/option><option value=\"ga\">Irish<\/option><option value=\"it\">Italian<\/option><option value=\"ja\">Japanese<\/option><option value=\"jw\">Javanese<\/option><option value=\"kn\">Kannada<\/option><option value=\"kk\">Kazakh<\/option><option value=\"km\">Khmer<\/option><option value=\"ko\">Korean<\/option><option value=\"lo\">Lao<\/option><option value=\"la\">Latin<\/option><option value=\"lv\">Latvian<\/option><option value=\"lt\">Lithuanian<\/option><option value=\"mk\">Macedonian<\/option><option value=\"mg\">Malagasy<\/option><option value=\"ms\">Malay<\/option><option value=\"ml\">Malayalam<\/option><option value=\"mt\">Maltese<\/option><option value=\"mi\">Maori<\/option><option value=\"mr\">Marathi<\/option><option value=\"mn\">Mongolian<\/option><option value=\"my\">Myanmar (Burmese)<\/option><option value=\"ne\">Nepali<\/option><option value=\"no\">Norwegian<\/option><option value=\"fa\">Persian<\/option><option value=\"pl\">Polish<\/option><option value=\"pt\">Portuguese<\/option><option value=\"pa\">Punjabi<\/option><option value=\"ro\">Romanian<\/option><option value=\"ru\">Russian<\/option><option value=\"sr\">Serbian<\/option><option value=\"st\">Sesotho<\/option><option value=\"si\">Sinhala<\/option><option value=\"sk\">Slovak<\/option><option value=\"sl\">Slovenian<\/option><option value=\"so\">Somali<\/option><option value=\"es\">Spanish<\/option><option value=\"su\">Sundanese<\/option><option value=\"sw\">Swahili<\/option><option value=\"sv\">Swedish<\/option><option value=\"tg\">Tajik<\/option><option value=\"ta\">Tamil<\/option><option value=\"te\">Telugu<\/option><option value=\"th\">Thai<\/option><option value=\"tr\">Turkish<\/option><option value=\"uk\">Ukrainian<\/option><option value=\"ur\">Urdu<\/option><option value=\"uz\">Uzbek<\/option><option value=\"vi\">Vietnamese<\/option><option value=\"cy\">Welsh<\/option><option value=\"yi\">Yiddish<\/option><option value=\"yo\">Yoruba<\/option><option value=\"zu\">Zulu<\/option><\/select><\/td>\n<td align=\"center\" width=\"5%\"><\/td>\n<td align=\"center\" width=\"6%\"><\/td>\n<td align=\"center\" width=\"6%\"><\/td>\n<td align=\"center\" width=\"6%\"><\/td>\n<td align=\"center\" width=\"6%\"><\/td>\n<td width=\"10%\"><\/td>\n<td align=\"right\" width=\"6%\"><\/td>\n<\/tr>\n<\/tbody>\n<\/table>\n<\/div>\n<\/div>\n<div id=\"SL_shadow_translation_result\" style=\"background: #ffffff url('chrome:\/\/imtranslator\/content\/img\/util\/bg.png') repeat scroll 0% 0%; visibility: visible; min-height: 40px;\"><\/div>\n<div id=\"SL_loading\" style=\"background: transparent url('chrome:\/\/imtranslator\/content\/img\/util\/indicator.gif') repeat scroll 0% 0%; display: block; position: absolute; width: 35px; margin-left: 180px; margin-top: -40px; height: 35px;\"><\/div>\n<div id=\"SL_player2\" style=\"display: none; height: 0px; width: 0px;\"><\/div>\n<div id=\"SL_alert100\" style=\"background: transparent url('chrome:\/\/imtranslator\/content\/img\/util\/bg2.png') repeat scroll 0% 0%; display: none;\">Text-to-speech function is limited to 100 characters<\/div>\n<div id=\"SL_bbl_donate\" style=\"background: transparent url('chrome:\/\/imtranslator\/content\/img\/util\/donate2.png') repeat scroll 0% 0%;\" title=\"Make a small conribution\"><\/div>\n<div id=\"SL_Balloon_options\" style=\"background: #ffffff url('chrome:\/\/imtranslator\/content\/img\/util\/bg3.png') repeat scroll 0% 0%;\"><a id=\"OPlnk\" title=\"Show options\" href=\"#\">Options<\/a> : <a id=\"HISTlnk\" title=\"Translation History\" href=\"#\">History<\/a> : <a id=\"HELPlnk\" title=\"Help\" href=\"http:\/\/about.imtranslator.net\/tutorials\/presentations\/imtranslator-translator-for-firefox\/popup-bubble-application\/\" target=\"_blank\" rel=\"noopener\">Help<\/a> : <a id=\"FBlnk\" title=\"Feedback\" href=\"#\">Feedback<\/a><a id=\"SL_Balloon_Close\" title=\"Close\" href=\"#\">Close<\/a><\/div>\n<\/div>\n<\/div>\n","protected":false},"excerpt":{"rendered":"<p>Ver informaci\u00f3n curso actual: Ex\u00e1menes Cambridge El programa BEDA (Bilingual English Development and Assessment) persigue implementar y optimizar la eficacia de la ense\u00f1anza de idiomas en la escuela. Lo hace a trav\u00e9s de tres ejes: Incremento cualitativo y cuantitativo de la ense\u00f1anza del Ingl\u00e9s (auxiliares de conversaci\u00f3n, una hora m\u00e1s de ingl\u00e9s desde Infantil )&hellip; <br \/> <a class=\"read-more\" href=\"https:\/\/escolapiosalcala.es\/ea_centro\/ea_blog\/centro\/idiomas\/\">Leer m\u00e1s<\/a><\/p>\n","protected":false},"author":1,"featured_media":0,"parent":0,"menu_order":0,"comment_status":"closed","ping_status":"closed","template":"","meta":[],"_links":{"self":[{"href":"https:\/\/escolapiosalcala.es\/ea_centro\/ea_blog\/centro\/wp-json\/wp\/v2\/pages\/109"}],"collection":[{"href":"https:\/\/escolapiosalcala.es\/ea_centro\/ea_blog\/centro\/wp-json\/wp\/v2\/pages"}],"about":[{"href":"https:\/\/escolapiosalcala.es\/ea_centro\/ea_blog\/centro\/wp-json\/wp\/v2\/types\/page"}],"author":[{"embeddable":true,"href":"https:\/\/escolapiosalcala.es\/ea_centro\/ea_blog\/centro\/wp-json\/wp\/v2\/users\/1"}],"replies":[{"embeddable":true,"href":"https:\/\/escolapiosalcala.es\/ea_centro\/ea_blog\/centro\/wp-json\/wp\/v2\/comments?post=109"}],"version-history":[{"count":33,"href":"https:\/\/escolapiosalcala.es\/ea_centro\/ea_blog\/centro\/wp-json\/wp\/v2\/pages\/109\/revisions"}],"predecessor-version":[{"id":8687,"href":"https:\/\/escolapiosalcala.es\/ea_centro\/ea_blog\/centro\/wp-json\/wp\/v2\/pages\/109\/revisions\/8687"}],"wp:attachment":[{"href":"https:\/\/escolapiosalcala.es\/ea_centro\/ea_blog\/centro\/wp-json\/wp\/v2\/media?parent=109"}],"curies":[{"name":"wp","href":"https:\/\/api.w.org\/{rel}","templated":true}]}}